{"id":9100,"date":"2024-04-02T03:22:49","date_gmt":"2024-04-02T03:22:49","guid":{"rendered":"https:\/\/recoverfisioterapia.com\/?page_id=9100"},"modified":"2024-04-02T04:18:44","modified_gmt":"2024-04-02T04:18:44","slug":"janeth-villarreal","status":"publish","type":"page","link":"https:\/\/recoverfisioterapia.com\/es\/janeth-villarreal\/","title":{"rendered":"Janeth Villarreal"},"content":{"rendered":"\t\t<div data-elementor-type=\"wp-page\" data-elementor-id=\"9100\" class=\"elementor elementor-9100\">\n\t\t\t\t\t\t<section class=\"elementor-section elementor-top-section elementor-element elementor-element-d83c750 elementor-section-boxed elementor-section-height-default elementor-section-height-default\" data-id=\"d83c750\" data-element_type=\"section\">\n\t\t\t\t\t\t<div class=\"elementor-container elementor-column-gap-default\">\n\t\t\t\t\t<div class=\"elementor-column elementor-col-100 elementor-top-column elementor-element elementor-element-62c73d3\" data-id=\"62c73d3\" data-element_type=\"column\">\n\t\t\t<div class=\"elementor-widget-wrap elementor-element-populated\">\n\t\t\t\t\t\t<div class=\"elementor-element elementor-element-b6fb296 elementor-widget elementor-widget-text-editor\" data-id=\"b6fb296\" data-element_type=\"widget\" data-widget_type=\"text-editor.default\">\n\t\t\t\t<div class=\"elementor-widget-container\">\n\t\t\t<style>\/*! elementor - v3.20.0 - 11-03-2024 *\/\n.elementor-widget-text-editor.elementor-drop-cap-view-stacked .elementor-drop-cap{background-color:#69727d;color:#fff}.elementor-widget-text-editor.elementor-drop-cap-view-framed .elementor-drop-cap{color:#69727d;border:3px solid;background-color:transparent}.elementor-widget-text-editor:not(.elementor-drop-cap-view-default) .elementor-drop-cap{margin-top:8px}.elementor-widget-text-editor:not(.elementor-drop-cap-view-default) .elementor-drop-cap-letter{width:1em;height:1em}.elementor-widget-text-editor .elementor-drop-cap{float:left;text-align:center;line-height:1;font-size:50px}.elementor-widget-text-editor .elementor-drop-cap-letter{display:inline-block}<\/style>\t\t\t\t<p>Janeth es Licenciada en Terapia F\u00edsica con m\u00e1s de 20 a\u00f1os de trayectoria. Con estudios en el extranjero, se destaca por su enfoque de tratamiento integral.<\/p>\t\t\t\t\t\t<\/div>\n\t\t\t\t<\/div>\n\t\t\t\t\t<\/div>\n\t\t<\/div>\n\t\t\t\t\t<\/div>\n\t\t<\/section>\n\t\t\t\t<section class=\"elementor-section elementor-top-section elementor-element elementor-element-de79000 elementor-section-boxed elementor-section-height-default elementor-section-height-default\" data-id=\"de79000\" data-element_type=\"section\">\n\t\t\t\t\t\t<div class=\"elementor-container elementor-column-gap-default\">\n\t\t\t\t\t<div class=\"elementor-column elementor-col-100 elementor-top-column elementor-element elementor-element-700f787\" data-id=\"700f787\" data-element_type=\"column\">\n\t\t\t<div class=\"elementor-widget-wrap elementor-element-populated\">\n\t\t\t\t\t\t<div class=\"elementor-element elementor-element-e806950 elementor-widget elementor-widget-text-editor\" data-id=\"e806950\" data-element_type=\"widget\" data-widget_type=\"text-editor.default\">\n\t\t\t\t<div class=\"elementor-widget-container\">\n\t\t\t\t\t\t\t<p><strong><span style=\"color: #00ccff;\">Experiencia Clave<\/span><\/strong><\/p><p>Se distingue por su profunda habilidad terap\u00e9utica, abordando con destreza una diversidad de trastornos musculoesquel\u00e9ticos mediante t\u00e9cnicas de fisioterapia de vanguardia. Su enfoque en el dise\u00f1o de tratamientos personalizados ha contribuido notablemente al bienestar de los pacientes.<\/p>\t\t\t\t\t\t<\/div>\n\t\t\t\t<\/div>\n\t\t\t\t\t<\/div>\n\t\t<\/div>\n\t\t\t\t\t<\/div>\n\t\t<\/section>\n\t\t\t\t<section class=\"elementor-section elementor-top-section elementor-element elementor-element-3b978fb elementor-section-boxed elementor-section-height-default elementor-section-height-default\" data-id=\"3b978fb\" data-element_type=\"section\">\n\t\t\t\t\t\t<div class=\"elementor-container elementor-column-gap-default\">\n\t\t\t\t\t<div class=\"elementor-column elementor-col-100 elementor-top-column elementor-element elementor-element-005a01a\" data-id=\"005a01a\" data-element_type=\"column\">\n\t\t\t<div class=\"elementor-widget-wrap elementor-element-populated\">\n\t\t\t\t\t\t<div class=\"elementor-element elementor-element-c42852f elementor-widget elementor-widget-text-editor\" data-id=\"c42852f\" data-element_type=\"widget\" data-widget_type=\"text-editor.default\">\n\t\t\t\t<div class=\"elementor-widget-container\">\n\t\t\t\t\t\t\t<p><span style=\"color: #00ccff;\"><strong>Educaci\u00f3n Avanzada<\/strong><\/span><\/p><p>Estudios avanzados en fisiopatolog\u00eda y terapia manual, con diplomas obtenidos en Chile, que respaldan su pr\u00e1ctica cl\u00ednica.<br \/>Licenciatura obtenida en la Universidad Nacional Federico Villarreal.<\/p>\t\t\t\t\t\t<\/div>\n\t\t\t\t<\/div>\n\t\t\t\t\t<\/div>\n\t\t<\/div>\n\t\t\t\t\t<\/div>\n\t\t<\/section>\n\t\t\t\t<section class=\"elementor-section elementor-top-section elementor-element elementor-element-c53b159 elementor-section-boxed elementor-section-height-default elementor-section-height-default\" data-id=\"c53b159\" data-element_type=\"section\">\n\t\t\t\t\t\t<div class=\"elementor-container elementor-column-gap-default\">\n\t\t\t\t\t<div class=\"elementor-column elementor-col-100 elementor-top-column elementor-element elementor-element-e8212c3\" data-id=\"e8212c3\" data-element_type=\"column\">\n\t\t\t<div class=\"elementor-widget-wrap elementor-element-populated\">\n\t\t\t\t\t\t<div class=\"elementor-element elementor-element-78e339e elementor-widget elementor-widget-text-editor\" data-id=\"78e339e\" data-element_type=\"widget\" data-widget_type=\"text-editor.default\">\n\t\t\t\t<div class=\"elementor-widget-container\">\n\t\t\t\t\t\t\t<p><span style=\"color: #00ccff;\"><strong>Contribuciones Acad\u00e9micas y Como Ponente<\/strong><\/span><\/p><p>Profesora y coordinadora de cursos universitarios en biomec\u00e1nica y terapia manual.<br \/>Ponente en congresos nacionales e internacionales, compartiendo sus conocimientos especializados en fisioterapia.<\/p>\t\t\t\t\t\t<\/div>\n\t\t\t\t<\/div>\n\t\t\t\t\t<\/div>\n\t\t<\/div>\n\t\t\t\t\t<\/div>\n\t\t<\/section>\n\t\t\t\t<section class=\"elementor-section elementor-top-section elementor-element elementor-element-1f33351 elementor-section-boxed elementor-section-height-default elementor-section-height-default\" data-id=\"1f33351\" data-element_type=\"section\">\n\t\t\t\t\t\t<div class=\"elementor-container elementor-column-gap-default\">\n\t\t\t\t\t<div class=\"elementor-column elementor-col-100 elementor-top-column elementor-element elementor-element-e1d1676\" data-id=\"e1d1676\" data-element_type=\"column\">\n\t\t\t<div class=\"elementor-widget-wrap elementor-element-populated\">\n\t\t\t\t\t\t<div class=\"elementor-element elementor-element-8238cc2 elementor-widget elementor-widget-text-editor\" data-id=\"8238cc2\" data-element_type=\"widget\" data-widget_type=\"text-editor.default\">\n\t\t\t\t<div class=\"elementor-widget-container\">\n\t\t\t\t\t\t\t<p><strong><span style=\"color: #00ccff;\">Formaci\u00f3n Continua<\/span><\/strong><\/p><p>Constante actualizaci\u00f3n en inducci\u00f3n miofascial y t\u00e9cnicas globales, buscando siempre las mejores pr\u00e1cticas y metodolog\u00edas.<\/p>\t\t\t\t\t\t<\/div>\n\t\t\t\t<\/div>\n\t\t\t\t\t<\/div>\n\t\t<\/div>\n\t\t\t\t\t<\/div>\n\t\t<\/section>\n\t\t\t\t<section class=\"elementor-section elementor-top-section elementor-element elementor-element-2c9f2af elementor-section-boxed elementor-section-height-default elementor-section-height-default\" data-id=\"2c9f2af\" data-element_type=\"section\">\n\t\t\t\t\t\t<div class=\"elementor-container elementor-column-gap-default\">\n\t\t\t\t\t<div class=\"elementor-column elementor-col-100 elementor-top-column elementor-element elementor-element-9640fde\" data-id=\"9640fde\" data-element_type=\"column\">\n\t\t\t<div class=\"elementor-widget-wrap elementor-element-populated\">\n\t\t\t\t\t\t<div class=\"elementor-element elementor-element-da5c148 elementor-widget elementor-widget-text-editor\" data-id=\"da5c148\" data-element_type=\"widget\" data-widget_type=\"text-editor.default\">\n\t\t\t\t<div class=\"elementor-widget-container\">\n\t\t\t\t\t\t\t<p><span style=\"color: #00ccff;\"><strong>Filosof\u00eda de Cuidado<\/strong><\/span><\/p><p>Janeth cree firmemente en un enfoque terap\u00e9utico que valora la singularidad de cada paciente, esforz\u00e1ndose por brindar una atenci\u00f3n que no solo busca aliviar el dolor, sino mejorar la calidad de vida de manera significativa.<\/p>\t\t\t\t\t\t<\/div>\n\t\t\t\t<\/div>\n\t\t\t\t\t<\/div>\n\t\t<\/div>\n\t\t\t\t\t<\/div>\n\t\t<\/section>\n\t\t\t\t<section class=\"elementor-section elementor-top-section elementor-element elementor-element-498be62 elementor-section-boxed elementor-section-height-default elementor-section-height-default\" data-id=\"498be62\" data-element_type=\"section\">\n\t\t\t\t\t\t<div class=\"elementor-container elementor-column-gap-default\">\n\t\t\t\t\t<div class=\"elementor-column elementor-col-100 elementor-top-column elementor-element elementor-element-0073f44\" data-id=\"0073f44\" data-element_type=\"column\">\n\t\t\t<div class=\"elementor-widget-wrap elementor-element-populated\">\n\t\t\t\t\t\t<div class=\"elementor-element elementor-element-444be82 elementor-widget elementor-widget-text-editor\" data-id=\"444be82\" data-element_type=\"widget\" data-widget_type=\"text-editor.default\">\n\t\t\t\t<div class=\"elementor-widget-container\">\n\t\t\t\t\t\t\t<p><span style=\"color: #00ccff;\"><strong>Intereses Profesionales<\/strong><\/span><\/p><p>Se enfoca en la terapia manual, trastornos craneofaciales y en la ense\u00f1anza. Valora el bienestar integral, uniendo fisioterapia con pr\u00e1cticas hol\u00edsticas como el yoga. Su carrera refleja una dedicaci\u00f3n a la innovaci\u00f3n y al crecimiento constante en su campo.<\/p>\t\t\t\t\t\t<\/div>\n\t\t\t\t<\/div>\n\t\t\t\t\t<\/div>\n\t\t<\/div>\n\t\t\t\t\t<\/div>\n\t\t<\/section>\n\t\t\t\t<\/div>\n\t\t","protected":false},"excerpt":{"rendered":"<p>Janeth es Licenciada en Terapia F\u00edsica con m\u00e1s de 20 a\u00f1os de trayectoria. Con estudios en el extranjero, se destaca por su enfoque de tratamiento integral. Experiencia Clave Se distingue por su profunda habilidad terap\u00e9utica, abordando con destreza una diversidad de trastornos musculoesquel\u00e9ticos mediante t\u00e9cnicas de fisioterapia de vanguardia. Su enfoque en el dise\u00f1o de [&hellip;]<\/p>\n","protected":false},"author":1,"featured_media":0,"parent":0,"menu_order":0,"comment_status":"closed","ping_status":"closed","template":"","meta":{"_acf_changed":false,"_joinchat":[],"footnotes":""},"class_list":["post-9100","page","type-page","status-publish","hentry"],"acf":[],"_links":{"self":[{"href":"https:\/\/recoverfisioterapia.com\/es\/wp-json\/wp\/v2\/pages\/9100","targetHints":{"allow":["GET"]}}],"collection":[{"href":"https:\/\/recoverfisioterapia.com\/es\/wp-json\/wp\/v2\/pages"}],"about":[{"href":"https:\/\/recoverfisioterapia.com\/es\/wp-json\/wp\/v2\/types\/page"}],"author":[{"embeddable":true,"href":"https:\/\/recoverfisioterapia.com\/es\/wp-json\/wp\/v2\/users\/1"}],"replies":[{"embeddable":true,"href":"https:\/\/recoverfisioterapia.com\/es\/wp-json\/wp\/v2\/comments?post=9100"}],"version-history":[{"count":7,"href":"https:\/\/recoverfisioterapia.com\/es\/wp-json\/wp\/v2\/pages\/9100\/revisions"}],"predecessor-version":[{"id":9108,"href":"https:\/\/recoverfisioterapia.com\/es\/wp-json\/wp\/v2\/pages\/9100\/revisions\/9108"}],"wp:attachment":[{"href":"https:\/\/recoverfisioterapia.com\/es\/wp-json\/wp\/v2\/media?parent=9100"}],"curies":[{"name":"wp","href":"https:\/\/api.w.org\/{rel}","templated":true}]}}