{"id":8921,"date":"2024-03-20T04:49:08","date_gmt":"2024-03-20T04:49:08","guid":{"rendered":"https:\/\/recoverfisioterapia.com\/?page_id=8921"},"modified":"2024-03-20T05:20:08","modified_gmt":"2024-03-20T05:20:08","slug":"terapia-manual","status":"publish","type":"page","link":"https:\/\/recoverfisioterapia.com\/es\/terapia-manual\/","title":{"rendered":"Terapia Manual"},"content":{"rendered":"\t\t<div data-elementor-type=\"wp-page\" data-elementor-id=\"8921\" class=\"elementor elementor-8921\">\n\t\t\t\t\t\t<section class=\"elementor-section elementor-top-section elementor-element elementor-element-d648e8f elementor-section-boxed elementor-section-height-default elementor-section-height-default\" data-id=\"d648e8f\" data-element_type=\"section\">\n\t\t\t\t\t\t<div class=\"elementor-container elementor-column-gap-default\">\n\t\t\t\t\t<div class=\"elementor-column elementor-col-100 elementor-top-column elementor-element elementor-element-3f3100c\" data-id=\"3f3100c\" data-element_type=\"column\">\n\t\t\t<div class=\"elementor-widget-wrap elementor-element-populated\">\n\t\t\t\t\t\t<div class=\"elementor-element elementor-element-4698d88 elementor-widget elementor-widget-image\" data-id=\"4698d88\" data-element_type=\"widget\" data-widget_type=\"image.default\">\n\t\t\t\t<div class=\"elementor-widget-container\">\n\t\t\t<style>\/*! elementor - v3.20.0 - 11-03-2024 *\/\n.elementor-widget-image{text-align:center}.elementor-widget-image a{display:inline-block}.elementor-widget-image a img[src$=\".svg\"]{width:48px}.elementor-widget-image img{vertical-align:middle;display:inline-block}<\/style>\t\t\t\t\t\t\t\t\t\t<img fetchpriority=\"high\" decoding=\"async\" width=\"1024\" height=\"400\" src=\"https:\/\/recoverfisioterapia.com\/wp-content\/uploads\/2024\/03\/Terapia-Manual-1280x500-1-1024x400.webp\" class=\"attachment-large size-large wp-image-8922\" alt=\"\" srcset=\"https:\/\/recoverfisioterapia.com\/wp-content\/uploads\/2024\/03\/Terapia-Manual-1280x500-1-1024x400.webp 1024w, https:\/\/recoverfisioterapia.com\/wp-content\/uploads\/2024\/03\/Terapia-Manual-1280x500-1-300x117.webp 300w, https:\/\/recoverfisioterapia.com\/wp-content\/uploads\/2024\/03\/Terapia-Manual-1280x500-1-768x300.webp 768w, https:\/\/recoverfisioterapia.com\/wp-content\/uploads\/2024\/03\/Terapia-Manual-1280x500-1-18x7.webp 18w, https:\/\/recoverfisioterapia.com\/wp-content\/uploads\/2024\/03\/Terapia-Manual-1280x500-1-600x234.webp 600w, https:\/\/recoverfisioterapia.com\/wp-content\/uploads\/2024\/03\/Terapia-Manual-1280x500-1.webp 1280w\" sizes=\"(max-width: 1024px) 100vw, 1024px\" \/>\t\t\t\t\t\t\t\t\t\t\t\t\t<\/div>\n\t\t\t\t<\/div>\n\t\t\t\t\t<\/div>\n\t\t<\/div>\n\t\t\t\t\t<\/div>\n\t\t<\/section>\n\t\t\t\t<section class=\"elementor-section elementor-top-section elementor-element elementor-element-12da879 elementor-section-boxed elementor-section-height-default elementor-section-height-default\" data-id=\"12da879\" data-element_type=\"section\">\n\t\t\t\t\t\t<div class=\"elementor-container elementor-column-gap-default\">\n\t\t\t\t\t<div class=\"elementor-column elementor-col-100 elementor-top-column elementor-element elementor-element-b538b4d\" data-id=\"b538b4d\" data-element_type=\"column\">\n\t\t\t<div class=\"elementor-widget-wrap elementor-element-populated\">\n\t\t\t\t\t\t<div class=\"elementor-element elementor-element-e22e6aa elementor-widget elementor-widget-text-editor\" data-id=\"e22e6aa\" data-element_type=\"widget\" data-widget_type=\"text-editor.default\">\n\t\t\t\t<div class=\"elementor-widget-container\">\n\t\t\t<style>\/*! elementor - v3.20.0 - 11-03-2024 *\/\n.elementor-widget-text-editor.elementor-drop-cap-view-stacked .elementor-drop-cap{background-color:#69727d;color:#fff}.elementor-widget-text-editor.elementor-drop-cap-view-framed .elementor-drop-cap{color:#69727d;border:3px solid;background-color:transparent}.elementor-widget-text-editor:not(.elementor-drop-cap-view-default) .elementor-drop-cap{margin-top:8px}.elementor-widget-text-editor:not(.elementor-drop-cap-view-default) .elementor-drop-cap-letter{width:1em;height:1em}.elementor-widget-text-editor .elementor-drop-cap{float:left;text-align:center;line-height:1;font-size:50px}.elementor-widget-text-editor .elementor-drop-cap-letter{display:inline-block}<\/style>\t\t\t\t<h1>La terapia manual puede proporcionar un alivio natural y seguro del dolor\u00a0<\/h1><p>\u00bfTiene dolor como resultado de una lesi\u00f3n, enfermedad o procedimiento quir\u00fargico? La terapia manual puede ayudarlo a encontrar alivio. Nuestros fisioterapeutas utilizan una variedad de herramientas y t\u00e9cnicas de tratamiento para aliviar el dolor y al mismo tiempo mejorar la funci\u00f3n.<\/p><p>La fisioterapia manual puede ser la respuesta al dolor persistente y persistente.<\/p><h1>\u00bfExperimentar\u00e9 alguna molestia durante las sesiones de terapia manual?<\/h1><p>Muchos pacientes de fisioterapia por primera vez creen que sus citas ser\u00e1n inc\u00f3modas, desagradables o incluso angustiosas. Sin embargo, este no es el caso, la terapia manual es completamente segura, no invasiva e indolora.<\/p><p>Aparte de sus asombrosas habilidades para aliviar el dolor, lo mejor de la terapia manual es que no requiere el uso de ning\u00fan medicamento da\u00f1ino para funcionar.<\/p><p>En Recover Fisioterapia &amp; Rehabilitaci\u00f3n, nuestros fisioterapeutas son profesionales m\u00e9dicos altamente capacitados que entienden las limitaciones del cuerpo as\u00ed como sus fortalezas. De hecho, \u00a1muchos pacientes ven una mejor\u00eda despu\u00e9s de una sola sesi\u00f3n de terapia manual!<\/p><h1>T\u00e9cnicas de Terapia Manual<\/h1><p>Hay una variedad de t\u00e9cnicas de terapia manual disponibles para los pacientes. Las t\u00e9cnicas de terapia manual pueden incluir, entre otras:<\/p><ul><li><strong>Tracci\u00f3n manual<\/strong>: el fisioterapeuta aplicar\u00e1 una presi\u00f3n suave en un \u00e1rea determinada del cuerpo durante la tracci\u00f3n manual para estirar suavemente los tejidos blandos y restaurar el movimiento normal y natural. Si bien este procedimiento se puede usar en otras \u00e1reas del cuerpo, como los brazos, las piernas y la espalda, se usa con mayor frecuencia en el cuello.<\/li><\/ul><ul><li><strong>Movilizaci\u00f3n articular<\/strong>: Cuando se experimenta un malestar extremo tras una lesi\u00f3n, suele ser producto de una articulaci\u00f3n limitada. Nuestros fisioterapeutas est\u00e1n especialmente cualificados en la movilizaci\u00f3n de articulaciones confinadas mediante la aplicaci\u00f3n de presi\u00f3n a baja velocidad.<\/li><\/ul><ul><li><strong>Masaje de tejidos blandos<\/strong>: las terapias de masaje de fisioterapia var\u00edan de lo que esperar\u00eda ver en un sal\u00f3n. Estos est\u00e1n m\u00e1s orientados al tratamiento y tienen una funci\u00f3n medicinal. Nuestros fisioterapeutas utilizan los tratamientos de masaje para separar el tejido cicatricial y las adherencias creadas por la inflamaci\u00f3n o el da\u00f1o con el fin de manipular los tejidos blandos. Esto se logra mediante el uso de presi\u00f3n profunda y estiramientos r\u00edtmicos, que les ayudan a ubicar y movilizar \u00e1reas muy restringidas del cuerpo. Adem\u00e1s, estas t\u00e9cnicas tambi\u00e9n ayudan a aumentar el flujo sangu\u00edneo y la circulaci\u00f3n a los m\u00fasculos y tejidos blandos afectados.<\/li><\/ul><ul><li><strong>Manipulaci\u00f3n de la columna<\/strong>: la manipulaci\u00f3n de la columna es una t\u00e9cnica de terapia manual suave y pr\u00e1ctica que se utiliza para evaluar y mejorar la funci\u00f3n de la columna y aliviar el dolor. Puede ayudar con el alivio del dolor en las articulaciones, la reducci\u00f3n de la inflamaci\u00f3n y la mejora de la funci\u00f3n nerviosa.<\/li><\/ul><ul><li><strong>T\u00e9cnicas de energ\u00eda muscular<\/strong>: la t\u00e9cnica de energ\u00eda muscular es una forma de terapia manual en la que se utiliza la propia energ\u00eda de los m\u00fasculos para inducir la relajaci\u00f3n y promover el alivio del dolor. Esta t\u00e9cnica es especialmente \u00fatil cuando la causa del dolor y la rigidez son los m\u00fasculos.<\/li><\/ul><ul><li><strong>T\u00e9cnicas de Liberaci\u00f3n Activa (ART por sus siglas en ingl\u00e9s)<\/strong>: Las lesiones de tejidos blandos pueden ser una experiencia dolorosa. Recover Fisioterapia &amp; Rehabilitaci\u00f3n ofrece determinados ejercicios f\u00edsicos que ayudan a aliviar este tipo de lesiones de forma suave pero eficaz. Realizamos la T\u00e9cnica de Liberaci\u00f3n Activa como un tratamiento terap\u00e9utico altamente efectivo para lesiones de tejidos blandos que incluyen m\u00fasculos, tendones, ligamentos y nervios.<\/li><\/ul><ul><li><strong>T\u00e9cnicas fasciales<\/strong>: esta evaluaci\u00f3n es seguida por la movilizaci\u00f3n pr\u00e1ctica de los tejidos blandos y las articulaciones. El objetivo final de su fisioterapeuta es ayudar a mejorar la curaci\u00f3n en \u00e1reas dolorosas y tejidos circundantes da\u00f1ados. Dependiendo de su condici\u00f3n, su fisioterapeuta puede recetarle ejercicios \u00fanicos y rutinas de estiramiento para que los realice en casa. \u00a1Estos acelerar\u00e1n el progreso de su tratamiento si se realizan de manera regular y correcta!<\/li><\/ul><ul><li><strong>T\u00e9cnicas viscerales<\/strong>: La manipulaci\u00f3n visceral ayuda a su cuerpo en su capacidad de liberar cualquier restricci\u00f3n y compensaci\u00f3n nociva que pueda estar provocando su malestar y\/o disfunci\u00f3n f\u00edsica. Un aspecto \u00fanico de la manipulaci\u00f3n visceral es que no s\u00f3lo se enfoca en las \u00e1reas dolorosas del cuerpo, sino que eval\u00faa todo el cuerpo como un todo, para llegar a la ra\u00edz del problema. Esencialmente, la manipulaci\u00f3n visceral permite que el cuerpo restablezca su capacidad natural para adaptarse y recuperar la salud.<\/li><\/ul><ul><li><strong>Enfoque hol\u00edstico<\/strong>: un enfoque hol\u00edstico se centra en el tratamiento de otras partes del cuerpo conectadas al \u00e1rea afectada en lugar de la medicina energ\u00e9tica\/alternativa. Dependiendo de la ra\u00edz del problema, un enfoque hol\u00edstico podr\u00eda ser lo mejor para usted.<\/li><\/ul><ul><li><strong>T\u00e9cnicas craneosacrales<\/strong>: la terapia craneosacral (CST, por sus siglas en ingl\u00e9s) es una forma suave y pr\u00e1ctica de terapia manual que se enfoca en evaluar y mejorar el sistema craneosacro del cuerpo. El sistema craneosacro est\u00e1 formado por membranas y l\u00edquido cefalorraqu\u00eddeo que rodea y protege el cerebro y la m\u00e9dula espinal. Con CST, un fisioterapeuta usa una presi\u00f3n suave para liberar el dolor y las tensiones en lo profundo del cuerpo y regular el flujo de l\u00edquido cefalorraqu\u00eddeo.<\/li><\/ul><h1>\u00bfQu\u00e9 m\u00e1s debo saber sobre la terapia manual?<\/h1><p>En pocas palabras, la terapia manual es una t\u00e9cnica terap\u00e9utica pr\u00e1ctica y segura que se utiliza para tratar a pacientes que viven con dolor como resultado de una enfermedad o lesi\u00f3n. Nuestros fisioterapeutas han recibido una amplia formaci\u00f3n de instituciones acreditadas en m\u00e9todos especializados de terapia manual.<\/p><p>La terapia pr\u00e1ctica se utiliza para ayudar a los fisioterapeutas a movilizar las articulaciones r\u00edgidas y los tejidos blandos. Es un m\u00e9todo de tratamiento de vanguardia que ayuda con la reducci\u00f3n de la hinchaz\u00f3n, la reducci\u00f3n de la restricci\u00f3n, la movilizaci\u00f3n de las articulaciones y la mejora de la movilidad.<\/p>\t\t\t\t\t\t<\/div>\n\t\t\t\t<\/div>\n\t\t\t\t\t<\/div>\n\t\t<\/div>\n\t\t\t\t\t<\/div>\n\t\t<\/section>\n\t\t\t\t<\/div>\n\t\t","protected":false},"excerpt":{"rendered":"<p>La terapia manual puede proporcionar un alivio natural y seguro del dolor\u00a0 \u00bfTiene dolor como resultado de una lesi\u00f3n, enfermedad o procedimiento quir\u00fargico? La terapia manual puede ayudarlo a encontrar alivio. Nuestros fisioterapeutas utilizan una variedad de herramientas y t\u00e9cnicas de tratamiento para aliviar el dolor y al mismo tiempo mejorar la funci\u00f3n. La fisioterapia [&hellip;]<\/p>\n","protected":false},"author":1,"featured_media":8922,"parent":0,"menu_order":0,"comment_status":"closed","ping_status":"closed","template":"","meta":{"_acf_changed":false,"_joinchat":[],"footnotes":""},"class_list":["post-8921","page","type-page","status-publish","has-post-thumbnail","hentry"],"acf":[],"_links":{"self":[{"href":"https:\/\/recoverfisioterapia.com\/es\/wp-json\/wp\/v2\/pages\/8921","targetHints":{"allow":["GET"]}}],"collection":[{"href":"https:\/\/recoverfisioterapia.com\/es\/wp-json\/wp\/v2\/pages"}],"about":[{"href":"https:\/\/recoverfisioterapia.com\/es\/wp-json\/wp\/v2\/types\/page"}],"author":[{"embeddable":true,"href":"https:\/\/recoverfisioterapia.com\/es\/wp-json\/wp\/v2\/users\/1"}],"replies":[{"embeddable":true,"href":"https:\/\/recoverfisioterapia.com\/es\/wp-json\/wp\/v2\/comments?post=8921"}],"version-history":[{"count":10,"href":"https:\/\/recoverfisioterapia.com\/es\/wp-json\/wp\/v2\/pages\/8921\/revisions"}],"predecessor-version":[{"id":8957,"href":"https:\/\/recoverfisioterapia.com\/es\/wp-json\/wp\/v2\/pages\/8921\/revisions\/8957"}],"wp:featuredmedia":[{"embeddable":true,"href":"https:\/\/recoverfisioterapia.com\/es\/wp-json\/wp\/v2\/media\/8922"}],"wp:attachment":[{"href":"https:\/\/recoverfisioterapia.com\/es\/wp-json\/wp\/v2\/media?parent=8921"}],"curies":[{"name":"wp","href":"https:\/\/api.w.org\/{rel}","templated":true}]}}