{"id":8902,"date":"2024-03-20T04:25:09","date_gmt":"2024-03-20T04:25:09","guid":{"rendered":"https:\/\/recoverfisioterapia.com\/?page_id=8902"},"modified":"2024-03-20T05:17:16","modified_gmt":"2024-03-20T05:17:16","slug":"terapia-de-ventosas","status":"publish","type":"page","link":"https:\/\/recoverfisioterapia.com\/es\/terapia-de-ventosas\/","title":{"rendered":"Terapia de Ventosas"},"content":{"rendered":"\t\t<div data-elementor-type=\"wp-page\" data-elementor-id=\"8902\" class=\"elementor elementor-8902\">\n\t\t\t\t\t\t<section class=\"elementor-section elementor-top-section elementor-element elementor-element-2fefe15 elementor-section-boxed elementor-section-height-default elementor-section-height-default\" data-id=\"2fefe15\" data-element_type=\"section\">\n\t\t\t\t\t\t<div class=\"elementor-container elementor-column-gap-default\">\n\t\t\t\t\t<div class=\"elementor-column elementor-col-100 elementor-top-column elementor-element elementor-element-b50a86a\" data-id=\"b50a86a\" data-element_type=\"column\">\n\t\t\t<div class=\"elementor-widget-wrap elementor-element-populated\">\n\t\t\t\t\t\t<div class=\"elementor-element elementor-element-e21c936 elementor-widget elementor-widget-image\" data-id=\"e21c936\" data-element_type=\"widget\" data-widget_type=\"image.default\">\n\t\t\t\t<div class=\"elementor-widget-container\">\n\t\t\t<style>\/*! elementor - v3.20.0 - 11-03-2024 *\/\n.elementor-widget-image{text-align:center}.elementor-widget-image a{display:inline-block}.elementor-widget-image a img[src$=\".svg\"]{width:48px}.elementor-widget-image img{vertical-align:middle;display:inline-block}<\/style>\t\t\t\t\t\t\t\t\t\t<img fetchpriority=\"high\" decoding=\"async\" width=\"1024\" height=\"400\" src=\"https:\/\/recoverfisioterapia.com\/wp-content\/uploads\/2024\/03\/Terapia-de-Ventosas-1280x500-1-1024x400.webp\" class=\"attachment-large size-large wp-image-8903\" alt=\"\" srcset=\"https:\/\/recoverfisioterapia.com\/wp-content\/uploads\/2024\/03\/Terapia-de-Ventosas-1280x500-1-1024x400.webp 1024w, https:\/\/recoverfisioterapia.com\/wp-content\/uploads\/2024\/03\/Terapia-de-Ventosas-1280x500-1-300x117.webp 300w, https:\/\/recoverfisioterapia.com\/wp-content\/uploads\/2024\/03\/Terapia-de-Ventosas-1280x500-1-768x300.webp 768w, https:\/\/recoverfisioterapia.com\/wp-content\/uploads\/2024\/03\/Terapia-de-Ventosas-1280x500-1-18x7.webp 18w, https:\/\/recoverfisioterapia.com\/wp-content\/uploads\/2024\/03\/Terapia-de-Ventosas-1280x500-1-600x234.webp 600w, https:\/\/recoverfisioterapia.com\/wp-content\/uploads\/2024\/03\/Terapia-de-Ventosas-1280x500-1.webp 1280w\" sizes=\"(max-width: 1024px) 100vw, 1024px\" \/>\t\t\t\t\t\t\t\t\t\t\t\t\t<\/div>\n\t\t\t\t<\/div>\n\t\t\t\t\t<\/div>\n\t\t<\/div>\n\t\t\t\t\t<\/div>\n\t\t<\/section>\n\t\t\t\t<section class=\"elementor-section elementor-top-section elementor-element elementor-element-fec0c95 elementor-section-boxed elementor-section-height-default elementor-section-height-default\" data-id=\"fec0c95\" data-element_type=\"section\">\n\t\t\t\t\t\t<div class=\"elementor-container elementor-column-gap-default\">\n\t\t\t\t\t<div class=\"elementor-column elementor-col-100 elementor-top-column elementor-element elementor-element-04c8815\" data-id=\"04c8815\" data-element_type=\"column\">\n\t\t\t<div class=\"elementor-widget-wrap elementor-element-populated\">\n\t\t\t\t\t\t<div class=\"elementor-element elementor-element-40dc98f elementor-widget elementor-widget-text-editor\" data-id=\"40dc98f\" data-element_type=\"widget\" data-widget_type=\"text-editor.default\">\n\t\t\t\t<div class=\"elementor-widget-container\">\n\t\t\t<style>\/*! elementor - v3.20.0 - 11-03-2024 *\/\n.elementor-widget-text-editor.elementor-drop-cap-view-stacked .elementor-drop-cap{background-color:#69727d;color:#fff}.elementor-widget-text-editor.elementor-drop-cap-view-framed .elementor-drop-cap{color:#69727d;border:3px solid;background-color:transparent}.elementor-widget-text-editor:not(.elementor-drop-cap-view-default) .elementor-drop-cap{margin-top:8px}.elementor-widget-text-editor:not(.elementor-drop-cap-view-default) .elementor-drop-cap-letter{width:1em;height:1em}.elementor-widget-text-editor .elementor-drop-cap{float:left;text-align:center;line-height:1;font-size:50px}.elementor-widget-text-editor .elementor-drop-cap-letter{display:inline-block}<\/style>\t\t\t\t<h1>\u00bfEst\u00e1 lidiando con dolor cr\u00f3nico? El tratamiento con ventosas podr\u00eda ayudarlo a encontrar alivio\u00a0<\/h1><p>Las ventosas son un tratamiento de terapia para aliviar el dolor. Cuando se realiza Cupping, las ventosas se succionan sobre la piel para aliviar el dolor, promover la relajaci\u00f3n, mejorar el flujo sangu\u00edneo y reducir la inflamaci\u00f3n.<\/p><h1>\u00bfQu\u00e9 son las ventosas?<\/h1><p>Cupping, tambi\u00e9n conocido como \u00abliberaci\u00f3n de distracci\u00f3n de tejido\u00bb, es un m\u00e9todo antiguo de terapia alternativa, que se utiliz\u00f3 por primera vez para tratar el dolor y reducir la inflamaci\u00f3n en las antiguas sociedades china, egipcia y del Medio Oriente. Cuando recibes Cupping en Recover Fisioterapia &amp; Rehabilitaci\u00f3n, nuestros fisioterapeutas te aplican bombas de goma invertida o ventosas de silicona sobre tu piel. Se crea un vac\u00edo a medida que se enfr\u00eda el aire en la copa, lo que hace que la piel se eleve y los vasos sangu\u00edneos se ensanchen. Las copas se mueven sobre varias partes del cuerpo para elevar y separar el tejido durante el procedimiento de ventosas.<\/p><p>Como resultado, los tejidos neurales, la fascia, la piel, los ligamentos, los m\u00fasculos y los tendones se aflojan m\u00e1s f\u00e1cilmente. Esto alivia la tensi\u00f3n muscular, libera los puntos de activaci\u00f3n, estimula el flujo linf\u00e1tico, mejora la circulaci\u00f3n y rompe la adherencia del tejido cicatricial.<\/p><h1>Beneficios de las ventosas para el dolor cr\u00f3nico<\/h1><p>La evidencia respalda las ventosas como una t\u00e9cnica de tratamiento eficaz para muchos trastornos, como el dolor de cuello cr\u00f3nico, el dolor lumbar y la fibromialgia.<\/p><p>Si bien existen ciertas preocupaciones sobre las ventosas, el proceso est\u00e1 cient\u00edficamente probado. La presi\u00f3n negativa creada por la succi\u00f3n en las copas ayuda a mejorar la hidrataci\u00f3n y el flujo sangu\u00edneo a los tejidos del cuerpo, la reducci\u00f3n de la esclavitud y la eliminaci\u00f3n de l\u00edquidos adicionales. Las ventajas de este tratamiento son numerosas. Puede mejorar la salud de su piel, aliviar problemas respiratorios e incluso ayudar a la digesti\u00f3n. Tambi\u00e9n se utiliza para acelerar los tiempos de recuperaci\u00f3n y aliviar los s\u00edntomas de algunas lesiones y enfermedades.<\/p><p>Tambi\u00e9n existen diferentes m\u00e9todos de ventosas que sirven para diferentes prop\u00f3sitos, sobre los cuales su terapeuta le dar\u00e1 m\u00e1s informaci\u00f3n dependiendo de su tratamiento de terapia. Longitudinal, fibra cruzada y circular son todos estos m\u00e9todos. Longitudinal es la forma m\u00e1s com\u00fan en la que la copa se desliza longitudinalmente a trav\u00e9s de las fibras musculares. La fibra cruzada se usa cuando se cree que el tejido est\u00e1 cicatrizado. La circular generalmente se usa al final de la sesi\u00f3n para garantizar que se hayan cubierto todas las \u00e1reas.<\/p><p>Es importante tener en cuenta que esto puede causar hematomas que pueden durar hasta dos semanas en la piel. Los moretones generalmente se reparan solos con el tiempo, \u00a1y no son algo de lo que preocuparse!<\/p>\t\t\t\t\t\t<\/div>\n\t\t\t\t<\/div>\n\t\t\t\t\t<\/div>\n\t\t<\/div>\n\t\t\t\t\t<\/div>\n\t\t<\/section>\n\t\t\t\t<\/div>\n\t\t","protected":false},"excerpt":{"rendered":"<p>\u00bfEst\u00e1 lidiando con dolor cr\u00f3nico? El tratamiento con ventosas podr\u00eda ayudarlo a encontrar alivio\u00a0 Las ventosas son un tratamiento de terapia para aliviar el dolor. Cuando se realiza Cupping, las ventosas se succionan sobre la piel para aliviar el dolor, promover la relajaci\u00f3n, mejorar el flujo sangu\u00edneo y reducir la inflamaci\u00f3n. \u00bfQu\u00e9 son las ventosas? [&hellip;]<\/p>\n","protected":false},"author":1,"featured_media":8903,"parent":0,"menu_order":0,"comment_status":"closed","ping_status":"closed","template":"","meta":{"_acf_changed":false,"_joinchat":[],"footnotes":""},"class_list":["post-8902","page","type-page","status-publish","has-post-thumbnail","hentry"],"acf":[],"_links":{"self":[{"href":"https:\/\/recoverfisioterapia.com\/es\/wp-json\/wp\/v2\/pages\/8902","targetHints":{"allow":["GET"]}}],"collection":[{"href":"https:\/\/recoverfisioterapia.com\/es\/wp-json\/wp\/v2\/pages"}],"about":[{"href":"https:\/\/recoverfisioterapia.com\/es\/wp-json\/wp\/v2\/types\/page"}],"author":[{"embeddable":true,"href":"https:\/\/recoverfisioterapia.com\/es\/wp-json\/wp\/v2\/users\/1"}],"replies":[{"embeddable":true,"href":"https:\/\/recoverfisioterapia.com\/es\/wp-json\/wp\/v2\/comments?post=8902"}],"version-history":[{"count":7,"href":"https:\/\/recoverfisioterapia.com\/es\/wp-json\/wp\/v2\/pages\/8902\/revisions"}],"predecessor-version":[{"id":8954,"href":"https:\/\/recoverfisioterapia.com\/es\/wp-json\/wp\/v2\/pages\/8902\/revisions\/8954"}],"wp:featuredmedia":[{"embeddable":true,"href":"https:\/\/recoverfisioterapia.com\/es\/wp-json\/wp\/v2\/media\/8903"}],"wp:attachment":[{"href":"https:\/\/recoverfisioterapia.com\/es\/wp-json\/wp\/v2\/media?parent=8902"}],"curies":[{"name":"wp","href":"https:\/\/api.w.org\/{rel}","templated":true}]}}