{"id":8896,"date":"2024-03-20T04:12:35","date_gmt":"2024-03-20T04:12:35","guid":{"rendered":"https:\/\/recoverfisioterapia.com\/?page_id=8896"},"modified":"2024-03-20T05:13:36","modified_gmt":"2024-03-20T05:13:36","slug":"terapia-vestibular","status":"publish","type":"page","link":"https:\/\/recoverfisioterapia.com\/es\/terapia-vestibular\/","title":{"rendered":"Terapia Vestibular"},"content":{"rendered":"\t\t<div data-elementor-type=\"wp-page\" data-elementor-id=\"8896\" class=\"elementor elementor-8896\">\n\t\t\t\t\t\t<section class=\"elementor-section elementor-top-section elementor-element elementor-element-6ab92eb elementor-section-boxed elementor-section-height-default elementor-section-height-default\" data-id=\"6ab92eb\" data-element_type=\"section\">\n\t\t\t\t\t\t<div class=\"elementor-container elementor-column-gap-default\">\n\t\t\t\t\t<div class=\"elementor-column elementor-col-100 elementor-top-column elementor-element elementor-element-ad981a0\" data-id=\"ad981a0\" data-element_type=\"column\">\n\t\t\t<div class=\"elementor-widget-wrap elementor-element-populated\">\n\t\t\t\t\t\t<div class=\"elementor-element elementor-element-121e196 elementor-widget elementor-widget-image\" data-id=\"121e196\" data-element_type=\"widget\" data-widget_type=\"image.default\">\n\t\t\t\t<div class=\"elementor-widget-container\">\n\t\t\t<style>\/*! elementor - v3.20.0 - 11-03-2024 *\/\n.elementor-widget-image{text-align:center}.elementor-widget-image a{display:inline-block}.elementor-widget-image a img[src$=\".svg\"]{width:48px}.elementor-widget-image img{vertical-align:middle;display:inline-block}<\/style>\t\t\t\t\t\t\t\t\t\t<img fetchpriority=\"high\" decoding=\"async\" width=\"1024\" height=\"400\" src=\"https:\/\/recoverfisioterapia.com\/wp-content\/uploads\/2024\/03\/Terapia-vestibular-1280x500-1-1024x400.webp\" class=\"attachment-large size-large wp-image-8897\" alt=\"\" srcset=\"https:\/\/recoverfisioterapia.com\/wp-content\/uploads\/2024\/03\/Terapia-vestibular-1280x500-1-1024x400.webp 1024w, https:\/\/recoverfisioterapia.com\/wp-content\/uploads\/2024\/03\/Terapia-vestibular-1280x500-1-300x117.webp 300w, https:\/\/recoverfisioterapia.com\/wp-content\/uploads\/2024\/03\/Terapia-vestibular-1280x500-1-768x300.webp 768w, https:\/\/recoverfisioterapia.com\/wp-content\/uploads\/2024\/03\/Terapia-vestibular-1280x500-1-18x7.webp 18w, https:\/\/recoverfisioterapia.com\/wp-content\/uploads\/2024\/03\/Terapia-vestibular-1280x500-1-600x234.webp 600w, https:\/\/recoverfisioterapia.com\/wp-content\/uploads\/2024\/03\/Terapia-vestibular-1280x500-1.webp 1280w\" sizes=\"(max-width: 1024px) 100vw, 1024px\" \/>\t\t\t\t\t\t\t\t\t\t\t\t\t<\/div>\n\t\t\t\t<\/div>\n\t\t\t\t\t<\/div>\n\t\t<\/div>\n\t\t\t\t\t<\/div>\n\t\t<\/section>\n\t\t\t\t<section class=\"elementor-section elementor-top-section elementor-element elementor-element-1707630 elementor-section-boxed elementor-section-height-default elementor-section-height-default\" data-id=\"1707630\" data-element_type=\"section\">\n\t\t\t\t\t\t<div class=\"elementor-container elementor-column-gap-default\">\n\t\t\t\t\t<div class=\"elementor-column elementor-col-100 elementor-top-column elementor-element elementor-element-b07e443\" data-id=\"b07e443\" data-element_type=\"column\">\n\t\t\t<div class=\"elementor-widget-wrap elementor-element-populated\">\n\t\t\t\t\t\t<div class=\"elementor-element elementor-element-ebc2d72 elementor-widget elementor-widget-text-editor\" data-id=\"ebc2d72\" data-element_type=\"widget\" data-widget_type=\"text-editor.default\">\n\t\t\t\t<div class=\"elementor-widget-container\">\n\t\t\t<style>\/*! elementor - v3.20.0 - 11-03-2024 *\/\n.elementor-widget-text-editor.elementor-drop-cap-view-stacked .elementor-drop-cap{background-color:#69727d;color:#fff}.elementor-widget-text-editor.elementor-drop-cap-view-framed .elementor-drop-cap{color:#69727d;border:3px solid;background-color:transparent}.elementor-widget-text-editor:not(.elementor-drop-cap-view-default) .elementor-drop-cap{margin-top:8px}.elementor-widget-text-editor:not(.elementor-drop-cap-view-default) .elementor-drop-cap-letter{width:1em;height:1em}.elementor-widget-text-editor .elementor-drop-cap{float:left;text-align:center;line-height:1;font-size:50px}.elementor-widget-text-editor .elementor-drop-cap-letter{display:inline-block}<\/style>\t\t\t\t<h1>\u00bfListo para mejorar su equilibrio? Comience con la terapia vestibular\u00a0<\/h1><p>\u00bfCon frecuencia se siente desequilibrado o inestable? Si este es el caso, la terapia vestibular puede ser beneficiosa. Vivir con v\u00e9rtigo o mareos limita severamente sus actividades diarias y hace que incluso las tareas simples sean dif\u00edciles de completar sin agotarse. Nuestros fisioterapeutas en Recover Fisioterapia &amp; Rehabilitaci\u00f3n brindan algunos de los servicios de terapia vestibular m\u00e1s efectivos para ayudarlo a regular su equilibrio y equilibrio.<\/p><h1>Causas comunes de mareos<\/h1><p>El mareo es un t\u00e9rmino que se usa para describir todo, desde sentirse d\u00e9bil o mareado hasta sentirse d\u00e9bil o inestable. Otro t\u00e9rmino com\u00fan que puede haber escuchado antes es v\u00e9rtigo o la sensaci\u00f3n de que usted o su entorno est\u00e1n dando vueltas. Ambos problemas afectan su equilibrio y su capacidad para permanecer quieto y erguido.<\/p><p>Algunas razones para los problemas de equilibrio son las siguientes:<\/p><ul><li>Artritis<\/li><li>Ataque<\/li><li>Falta de actividad f\u00edsica\/movimiento<\/li><li>Envejecimiento<\/li><li>Problemas del o\u00eddo interno relacionados con el sistema vestibular como la enfermedad de Meniere<\/li><\/ul><p>Los s\u00edntomas pueden variar de agudos a cr\u00f3nicos y, en algunas circunstancias, pueden indicar amenazas importantes para la salud. Si siempre est\u00e1 mareado, debe revisar su condici\u00f3n porque podr\u00eda ponerlo en riesgo de ca\u00eddas, lo que puede provocar lesiones graves.<\/p><h1>\u00bfQu\u00e9 puede hacer la rehabilitaci\u00f3n vestibular por m\u00ed?<\/h1><p>Los problemas de equilibrio incluyen una amplia variedad de problemas, pero todos est\u00e1n conectados por su impacto en el sistema vestibular, tambi\u00e9n conocido como el o\u00eddo interno. La terapia vestibular, tambi\u00e9n conocida como rehabilitaci\u00f3n vestibular, es un procedimiento que involucra \u201cadaptaci\u00f3n y compensaci\u00f3n\u201d.<\/p><p>Durante el tratamiento, el sistema vestibular se \u201creprograma\u201d para establecer asociaciones con el cerebro con el fin de ajustar los desequilibrios y restaurar el equilibrio tanto en tratamientos pasivos como agresivos.<\/p><p>Algunos trastornos comunes del equilibrio que se pueden mejorar a trav\u00e9s de la terapia vestibular:<\/p><ul><li>La enfermedad de Meniere<\/li><li>Migra\u00f1as<\/li><li>Ataque<\/li><li>Neuritis vestibular<\/li><li>V\u00e9rtigo posicional parox\u00edstico benigno (VPPB)<\/li><\/ul><p>La terapia vestibular puede ser la diferencia entre vivir con mareos y v\u00e9rtigo constantes por el resto de su vida, y sentirse lo mejor posible.<\/p>\t\t\t\t\t\t<\/div>\n\t\t\t\t<\/div>\n\t\t\t\t\t<\/div>\n\t\t<\/div>\n\t\t\t\t\t<\/div>\n\t\t<\/section>\n\t\t\t\t<\/div>\n\t\t","protected":false},"excerpt":{"rendered":"<p>\u00bfListo para mejorar su equilibrio? Comience con la terapia vestibular\u00a0 \u00bfCon frecuencia se siente desequilibrado o inestable? Si este es el caso, la terapia vestibular puede ser beneficiosa. Vivir con v\u00e9rtigo o mareos limita severamente sus actividades diarias y hace que incluso las tareas simples sean dif\u00edciles de completar sin agotarse. Nuestros fisioterapeutas en Recover [&hellip;]<\/p>\n","protected":false},"author":1,"featured_media":8897,"parent":0,"menu_order":0,"comment_status":"closed","ping_status":"closed","template":"","meta":{"_acf_changed":false,"_joinchat":[],"footnotes":""},"class_list":["post-8896","page","type-page","status-publish","has-post-thumbnail","hentry"],"acf":[],"_links":{"self":[{"href":"https:\/\/recoverfisioterapia.com\/es\/wp-json\/wp\/v2\/pages\/8896","targetHints":{"allow":["GET"]}}],"collection":[{"href":"https:\/\/recoverfisioterapia.com\/es\/wp-json\/wp\/v2\/pages"}],"about":[{"href":"https:\/\/recoverfisioterapia.com\/es\/wp-json\/wp\/v2\/types\/page"}],"author":[{"embeddable":true,"href":"https:\/\/recoverfisioterapia.com\/es\/wp-json\/wp\/v2\/users\/1"}],"replies":[{"embeddable":true,"href":"https:\/\/recoverfisioterapia.com\/es\/wp-json\/wp\/v2\/comments?post=8896"}],"version-history":[{"count":7,"href":"https:\/\/recoverfisioterapia.com\/es\/wp-json\/wp\/v2\/pages\/8896\/revisions"}],"predecessor-version":[{"id":8948,"href":"https:\/\/recoverfisioterapia.com\/es\/wp-json\/wp\/v2\/pages\/8896\/revisions\/8948"}],"wp:featuredmedia":[{"embeddable":true,"href":"https:\/\/recoverfisioterapia.com\/es\/wp-json\/wp\/v2\/media\/8897"}],"wp:attachment":[{"href":"https:\/\/recoverfisioterapia.com\/es\/wp-json\/wp\/v2\/media?parent=8896"}],"curies":[{"name":"wp","href":"https:\/\/api.w.org\/{rel}","templated":true}]}}