{"id":8890,"date":"2024-03-20T04:05:24","date_gmt":"2024-03-20T04:05:24","guid":{"rendered":"https:\/\/recoverfisioterapia.com\/?page_id=8890"},"modified":"2024-03-20T05:12:43","modified_gmt":"2024-03-20T05:12:43","slug":"terapia-fisica","status":"publish","type":"page","link":"https:\/\/recoverfisioterapia.com\/es\/terapia-fisica\/","title":{"rendered":"Terapia F\u00edsica"},"content":{"rendered":"\t\t<div data-elementor-type=\"wp-page\" data-elementor-id=\"8890\" class=\"elementor elementor-8890\">\n\t\t\t\t\t\t<section class=\"elementor-section elementor-top-section elementor-element elementor-element-4f46e69 elementor-section-boxed elementor-section-height-default elementor-section-height-default\" data-id=\"4f46e69\" data-element_type=\"section\">\n\t\t\t\t\t\t<div class=\"elementor-container elementor-column-gap-default\">\n\t\t\t\t\t<div class=\"elementor-column elementor-col-100 elementor-top-column elementor-element elementor-element-55c2741\" data-id=\"55c2741\" data-element_type=\"column\">\n\t\t\t<div class=\"elementor-widget-wrap elementor-element-populated\">\n\t\t\t\t\t\t<div class=\"elementor-element elementor-element-f62f519 elementor-widget elementor-widget-image\" data-id=\"f62f519\" data-element_type=\"widget\" data-widget_type=\"image.default\">\n\t\t\t\t<div class=\"elementor-widget-container\">\n\t\t\t<style>\/*! elementor - v3.20.0 - 11-03-2024 *\/\n.elementor-widget-image{text-align:center}.elementor-widget-image a{display:inline-block}.elementor-widget-image a img[src$=\".svg\"]{width:48px}.elementor-widget-image img{vertical-align:middle;display:inline-block}<\/style>\t\t\t\t\t\t\t\t\t\t<img fetchpriority=\"high\" decoding=\"async\" width=\"1024\" height=\"400\" src=\"https:\/\/recoverfisioterapia.com\/wp-content\/uploads\/2024\/03\/Terapia-Fisica-1280x500-1-1024x400.webp\" class=\"attachment-large size-large wp-image-8891\" alt=\"\" srcset=\"https:\/\/recoverfisioterapia.com\/wp-content\/uploads\/2024\/03\/Terapia-Fisica-1280x500-1-1024x400.webp 1024w, https:\/\/recoverfisioterapia.com\/wp-content\/uploads\/2024\/03\/Terapia-Fisica-1280x500-1-300x117.webp 300w, https:\/\/recoverfisioterapia.com\/wp-content\/uploads\/2024\/03\/Terapia-Fisica-1280x500-1-768x300.webp 768w, https:\/\/recoverfisioterapia.com\/wp-content\/uploads\/2024\/03\/Terapia-Fisica-1280x500-1-18x7.webp 18w, https:\/\/recoverfisioterapia.com\/wp-content\/uploads\/2024\/03\/Terapia-Fisica-1280x500-1-600x234.webp 600w, https:\/\/recoverfisioterapia.com\/wp-content\/uploads\/2024\/03\/Terapia-Fisica-1280x500-1.webp 1280w\" sizes=\"(max-width: 1024px) 100vw, 1024px\" \/>\t\t\t\t\t\t\t\t\t\t\t\t\t<\/div>\n\t\t\t\t<\/div>\n\t\t\t\t\t<\/div>\n\t\t<\/div>\n\t\t\t\t\t<\/div>\n\t\t<\/section>\n\t\t\t\t<section class=\"elementor-section elementor-top-section elementor-element elementor-element-8272ca5 elementor-section-boxed elementor-section-height-default elementor-section-height-default\" data-id=\"8272ca5\" data-element_type=\"section\">\n\t\t\t\t\t\t<div class=\"elementor-container elementor-column-gap-default\">\n\t\t\t\t\t<div class=\"elementor-column elementor-col-100 elementor-top-column elementor-element elementor-element-789feb7\" data-id=\"789feb7\" data-element_type=\"column\">\n\t\t\t<div class=\"elementor-widget-wrap elementor-element-populated\">\n\t\t\t\t\t\t<div class=\"elementor-element elementor-element-fc85a06 elementor-widget elementor-widget-text-editor\" data-id=\"fc85a06\" data-element_type=\"widget\" data-widget_type=\"text-editor.default\">\n\t\t\t\t<div class=\"elementor-widget-container\">\n\t\t\t<style>\/*! elementor - v3.20.0 - 11-03-2024 *\/\n.elementor-widget-text-editor.elementor-drop-cap-view-stacked .elementor-drop-cap{background-color:#69727d;color:#fff}.elementor-widget-text-editor.elementor-drop-cap-view-framed .elementor-drop-cap{color:#69727d;border:3px solid;background-color:transparent}.elementor-widget-text-editor:not(.elementor-drop-cap-view-default) .elementor-drop-cap{margin-top:8px}.elementor-widget-text-editor:not(.elementor-drop-cap-view-default) .elementor-drop-cap-letter{width:1em;height:1em}.elementor-widget-text-editor .elementor-drop-cap{float:left;text-align:center;line-height:1;font-size:50px}.elementor-widget-text-editor .elementor-drop-cap-letter{display:inline-block}<\/style>\t\t\t\t<h1>La fisioterapia podr\u00eda tener la respuesta a sus preguntas\u00a0<\/h1><p>\u00bfHa descubierto que no puede o no quiere hacer las cosas que normalmente disfruta debido al dolor persistente y constante? \u00a1Todos merecemos sentirnos lo mejor posible para vivir nuestras vidas al m\u00e1ximo! Recover Fisioterapia &amp; Rehabilitaci\u00f3n te ayudar\u00e1 a alcanzar los niveles deseados de salud y bienestar a la vez que reduce tus molestias. El movimiento es esencial para llevar un estilo de vida saludable.<\/p><h1>\u00bfQu\u00e9 es la fisioterapia?<\/h1><p>Un fisioterapeuta es un especialista en movimiento que ha recibido capacitaci\u00f3n en el an\u00e1lisis de problemas de movilidad al caminar, correr, saltar, agacharse, estirarse y casi cualquier otro tipo de actividad f\u00edsica.<\/p><p>La fisioterapia se divide en tres niveles: alivio del dolor, fortalecimiento e integraci\u00f3n funcional. Los pacientes fortalecen sus m\u00fasculos y articulaciones, mejoran su equilibrio, desarrollan resistencia y experimentan alivio del dolor a trav\u00e9s de sesiones en el consultorio y ejercicios en el hogar, \u00a1todo sin los riesgos nocivos no deseados de los medicamentos o la cirug\u00eda!<\/p><p>Nuestros fisioterapeutas estar\u00e1n tan comprometidos con tu recuperaci\u00f3n como t\u00fa y te animar\u00e1n a conseguir todos los objetivos que te propongas.<\/p><h1>La fisioterapia puede ayudarlo a alcanzar sus metas<\/h1><p>El ejercicio f\u00edsico es el h\u00e1bito m\u00e1s dif\u00edcil de establecer, sobre todo si se vive con dolor cr\u00f3nico. Algunas personas suprimen sus s\u00edntomas con medicamentos antiinflamatorios o analg\u00e9sicos, mientras que otras, lamentablemente, abandonan por completo la idea de mantenerse activas.<\/p><p>Si la idea de salir y hacer ejercicio con sus dolores y molestias lo hace sentir inc\u00f3modo, sepa que no est\u00e1 solo. Sin embargo, existe una soluci\u00f3n m\u00e1s sencilla para lograr el estilo de vida activo que desea.<\/p><p>Con la ayuda de nuestro fisioterapeuta, puede recuperar su estilo de vida activo y sin dolor y volver a sus actividades favoritas. Mantener un estilo de vida saludable requiere esfuerzo, pero se vuelve mucho m\u00e1s f\u00e1cil una vez que se establece una rutina.<\/p><h1>\u00bfQu\u00e9 puedo obtener de la fisioterapia?<\/h1><p>Quiz\u00e1s se est\u00e9 preguntando qu\u00e9 esperar de la fisioterapia. Tal vez est\u00e9 lidiando con las consecuencias de un accidente. Tal vez se est\u00e9 recuperando de una cirug\u00eda y le resulte dif\u00edcil recuperar su rango de movimiento. Tal vez sus rodillas ya no son lo que sol\u00edan ser, y est\u00e1 esperando alguna ayuda para poder volver a caminar por la noche. Cualquiera que sea el caso, los fisioterapeutas se comprometen a aliviar su dolor y restaurar su salud f\u00edsica.<\/p><p>No existe un enfoque est\u00e1ndar para la salud porque ning\u00fan plan de tratamiento funciona de la misma manera para todos. Un fisioterapeuta evaluar\u00e1 su movilidad, equilibrio, rango de movimiento e intensidad del dolor en estrecha colaboraci\u00f3n con usted. Una vez que su fisioterapeuta comprenda sus necesidades, comenzar\u00e1 a crear un plan de tratamiento personalizado para ayudarlo a aliviar su dolor y lograr sus objetivos.<\/p>\t\t\t\t\t\t<\/div>\n\t\t\t\t<\/div>\n\t\t\t\t\t<\/div>\n\t\t<\/div>\n\t\t\t\t\t<\/div>\n\t\t<\/section>\n\t\t\t\t<\/div>\n\t\t","protected":false},"excerpt":{"rendered":"<p>La fisioterapia podr\u00eda tener la respuesta a sus preguntas\u00a0 \u00bfHa descubierto que no puede o no quiere hacer las cosas que normalmente disfruta debido al dolor persistente y constante? \u00a1Todos merecemos sentirnos lo mejor posible para vivir nuestras vidas al m\u00e1ximo! Recover Fisioterapia &amp; Rehabilitaci\u00f3n te ayudar\u00e1 a alcanzar los niveles deseados de salud y [&hellip;]<\/p>\n","protected":false},"author":1,"featured_media":8891,"parent":0,"menu_order":0,"comment_status":"closed","ping_status":"closed","template":"","meta":{"_acf_changed":false,"_joinchat":[],"footnotes":""},"class_list":["post-8890","page","type-page","status-publish","has-post-thumbnail","hentry"],"acf":[],"_links":{"self":[{"href":"https:\/\/recoverfisioterapia.com\/es\/wp-json\/wp\/v2\/pages\/8890","targetHints":{"allow":["GET"]}}],"collection":[{"href":"https:\/\/recoverfisioterapia.com\/es\/wp-json\/wp\/v2\/pages"}],"about":[{"href":"https:\/\/recoverfisioterapia.com\/es\/wp-json\/wp\/v2\/types\/page"}],"author":[{"embeddable":true,"href":"https:\/\/recoverfisioterapia.com\/es\/wp-json\/wp\/v2\/users\/1"}],"replies":[{"embeddable":true,"href":"https:\/\/recoverfisioterapia.com\/es\/wp-json\/wp\/v2\/comments?post=8890"}],"version-history":[{"count":7,"href":"https:\/\/recoverfisioterapia.com\/es\/wp-json\/wp\/v2\/pages\/8890\/revisions"}],"predecessor-version":[{"id":8945,"href":"https:\/\/recoverfisioterapia.com\/es\/wp-json\/wp\/v2\/pages\/8890\/revisions\/8945"}],"wp:featuredmedia":[{"embeddable":true,"href":"https:\/\/recoverfisioterapia.com\/es\/wp-json\/wp\/v2\/media\/8891"}],"wp:attachment":[{"href":"https:\/\/recoverfisioterapia.com\/es\/wp-json\/wp\/v2\/media?parent=8890"}],"curies":[{"name":"wp","href":"https:\/\/api.w.org\/{rel}","templated":true}]}}