{"id":8869,"date":"2024-03-20T03:20:36","date_gmt":"2024-03-20T03:20:36","guid":{"rendered":"https:\/\/recoverfisioterapia.com\/?page_id=8869"},"modified":"2024-03-20T03:52:41","modified_gmt":"2024-03-20T03:52:41","slug":"fisioterapia-ortopedica-infantil","status":"publish","type":"page","link":"https:\/\/recoverfisioterapia.com\/es\/fisioterapia-ortopedica-infantil\/","title":{"rendered":"Fisioterapia Ortop\u00e9dica Infantil"},"content":{"rendered":"\t\t<div data-elementor-type=\"wp-page\" data-elementor-id=\"8869\" class=\"elementor elementor-8869\">\n\t\t\t\t\t\t<section class=\"elementor-section elementor-top-section elementor-element elementor-element-ece37f9 elementor-section-boxed elementor-section-height-default elementor-section-height-default\" data-id=\"ece37f9\" data-element_type=\"section\">\n\t\t\t\t\t\t<div class=\"elementor-container elementor-column-gap-default\">\n\t\t\t\t\t<div class=\"elementor-column elementor-col-100 elementor-top-column elementor-element elementor-element-27f23ea\" data-id=\"27f23ea\" data-element_type=\"column\">\n\t\t\t<div class=\"elementor-widget-wrap elementor-element-populated\">\n\t\t\t\t\t\t<div class=\"elementor-element elementor-element-11ce75e elementor-widget elementor-widget-image\" data-id=\"11ce75e\" data-element_type=\"widget\" data-widget_type=\"image.default\">\n\t\t\t\t<div class=\"elementor-widget-container\">\n\t\t\t<style>\/*! elementor - v3.20.0 - 11-03-2024 *\/\n.elementor-widget-image{text-align:center}.elementor-widget-image a{display:inline-block}.elementor-widget-image a img[src$=\".svg\"]{width:48px}.elementor-widget-image img{vertical-align:middle;display:inline-block}<\/style>\t\t\t\t\t\t\t\t\t\t<img fetchpriority=\"high\" decoding=\"async\" width=\"1024\" height=\"400\" src=\"https:\/\/recoverfisioterapia.com\/wp-content\/uploads\/2024\/03\/Fisioterapia-ortopedica-infantil-1280x500-1-1024x400.webp\" class=\"attachment-large size-large wp-image-8868\" alt=\"\" srcset=\"https:\/\/recoverfisioterapia.com\/wp-content\/uploads\/2024\/03\/Fisioterapia-ortopedica-infantil-1280x500-1-1024x400.webp 1024w, https:\/\/recoverfisioterapia.com\/wp-content\/uploads\/2024\/03\/Fisioterapia-ortopedica-infantil-1280x500-1-300x117.webp 300w, https:\/\/recoverfisioterapia.com\/wp-content\/uploads\/2024\/03\/Fisioterapia-ortopedica-infantil-1280x500-1-768x300.webp 768w, https:\/\/recoverfisioterapia.com\/wp-content\/uploads\/2024\/03\/Fisioterapia-ortopedica-infantil-1280x500-1-18x7.webp 18w, https:\/\/recoverfisioterapia.com\/wp-content\/uploads\/2024\/03\/Fisioterapia-ortopedica-infantil-1280x500-1-600x234.webp 600w, https:\/\/recoverfisioterapia.com\/wp-content\/uploads\/2024\/03\/Fisioterapia-ortopedica-infantil-1280x500-1.webp 1280w\" sizes=\"(max-width: 1024px) 100vw, 1024px\" \/>\t\t\t\t\t\t\t\t\t\t\t\t\t<\/div>\n\t\t\t\t<\/div>\n\t\t\t\t\t<\/div>\n\t\t<\/div>\n\t\t\t\t\t<\/div>\n\t\t<\/section>\n\t\t\t\t<section class=\"elementor-section elementor-top-section elementor-element elementor-element-6ef25be elementor-section-boxed elementor-section-height-default elementor-section-height-default\" data-id=\"6ef25be\" data-element_type=\"section\">\n\t\t\t\t\t\t<div class=\"elementor-container elementor-column-gap-default\">\n\t\t\t\t\t<div class=\"elementor-column elementor-col-100 elementor-top-column elementor-element elementor-element-8a72cef\" data-id=\"8a72cef\" data-element_type=\"column\">\n\t\t\t<div class=\"elementor-widget-wrap elementor-element-populated\">\n\t\t\t\t\t\t<div class=\"elementor-element elementor-element-21bb72b elementor-widget elementor-widget-text-editor\" data-id=\"21bb72b\" data-element_type=\"widget\" data-widget_type=\"text-editor.default\">\n\t\t\t\t<div class=\"elementor-widget-container\">\n\t\t\t<style>\/*! elementor - v3.20.0 - 11-03-2024 *\/\n.elementor-widget-text-editor.elementor-drop-cap-view-stacked .elementor-drop-cap{background-color:#69727d;color:#fff}.elementor-widget-text-editor.elementor-drop-cap-view-framed .elementor-drop-cap{color:#69727d;border:3px solid;background-color:transparent}.elementor-widget-text-editor:not(.elementor-drop-cap-view-default) .elementor-drop-cap{margin-top:8px}.elementor-widget-text-editor:not(.elementor-drop-cap-view-default) .elementor-drop-cap-letter{width:1em;height:1em}.elementor-widget-text-editor .elementor-drop-cap{float:left;text-align:center;line-height:1;font-size:50px}.elementor-widget-text-editor .elementor-drop-cap-letter{display:inline-block}<\/style>\t\t\t\t<h1>\u00bfC\u00f3mo se manifiestan los problemas ortop\u00e9dicos?<\/h1><p>Hay una variedad de diferentes problemas ortop\u00e9dicos y lesiones deportivas que ayudamos. Ortop\u00e9dico se refiere a problemas con las articulaciones o los m\u00fasculos. Los ni\u00f1os pueden sufrir muchos de los mismos problemas ortop\u00e9dicos que pueden encontrar los adultos.<\/p><p>Tales condiciones pueden ser movimientos dolorosos de:<\/p><ul><li>Espalda y cuello<\/li><li>Hombro codo, brazo y mano<\/li><li>Cadera y rodilla<\/li><li>Tobillo y pie<\/li><\/ul><h1>Causas comunes<\/h1><p>Las condiciones ortop\u00e9dicas pedi\u00e1tricas pueden ocurrir por varias razones; lesi\u00f3n, mala postura, debilidad de ciertos grupos musculares, retrasos en el desarrollo y mucho m\u00e1s. Nuestros terapeutas tienen a\u00f1os de experiencia, evaluando y tratando pacientes con problemas ortop\u00e9dicos pedi\u00e1tricos.<\/p><h1>Problemas Frecuentes<\/h1><ul><li><strong>Lesiones deportivas<\/strong>: Los ni\u00f1os son muy activos y una gran parte de su crecimiento consiste en participar en deportes. Sin embargo, a veces puede ocurrir una lesi\u00f3n mientras practica deportes. Desde un esguince de tobillo leve hasta lesiones y fracturas graves, es posible que un ni\u00f1o necesite terapia pedi\u00e1trica despu\u00e9s para recuperarse r\u00e1pidamente y volver a las actividades normales de juego\/deporte. Ah\u00ed es donde podemos ayudar.<\/li><\/ul><ul><li><strong>Escoliosis<\/strong>: Los ni\u00f1os con casos moderados y graves de escoliosis a menudo necesitar\u00e1n m\u00e1s intervenci\u00f3n que solo fisioterapia. Los aparatos ortop\u00e9dicos son comunes para la escoliosis moderada. En casos leves, sin embargo, la fisioterapia puede ser suficiente. El fisioterapeuta tambi\u00e9n puede aumentar el tratamiento m\u00e1s agresivo para casos moderados y graves.<\/li><\/ul><h1>C\u00f3mo ayuda la terapia pedi\u00e1trica<\/h1><p>Nuestros fisioterapeutas y terapeutas ocupacionales pedi\u00e1tricos ayudan de forma rutinaria a los ni\u00f1os con problemas ortop\u00e9dicos y tambi\u00e9n a la recuperaci\u00f3n despu\u00e9s de una lesi\u00f3n deportiva. Adem\u00e1s de los tratamientos regulares para aliviar el dolor, mejorar la fuerza y restaurar la funci\u00f3n, tambi\u00e9n realizamos f\u00e9rulas, ajuste y manejo de dispositivos de asistencia (muletas, andadores, sillas de ruedas).<\/p><p>Con terapia pr\u00e1ctica experimentada, ejercicios terap\u00e9uticos suaves y atenci\u00f3n de terapia pedi\u00e1trica especializada, ayudamos a los ni\u00f1os a reducir el dolor, restaurar el rango de movimiento y volver a sus actividades normales r\u00e1pidamente.<\/p>\t\t\t\t\t\t<\/div>\n\t\t\t\t<\/div>\n\t\t\t\t\t<\/div>\n\t\t<\/div>\n\t\t\t\t\t<\/div>\n\t\t<\/section>\n\t\t\t\t<\/div>\n\t\t","protected":false},"excerpt":{"rendered":"<p>\u00bfC\u00f3mo se manifiestan los problemas ortop\u00e9dicos? Hay una variedad de diferentes problemas ortop\u00e9dicos y lesiones deportivas que ayudamos. Ortop\u00e9dico se refiere a problemas con las articulaciones o los m\u00fasculos. Los ni\u00f1os pueden sufrir muchos de los mismos problemas ortop\u00e9dicos que pueden encontrar los adultos. Tales condiciones pueden ser movimientos dolorosos de: Espalda y cuello Hombro [&hellip;]<\/p>\n","protected":false},"author":1,"featured_media":8868,"parent":0,"menu_order":0,"comment_status":"closed","ping_status":"closed","template":"","meta":{"_acf_changed":false,"_joinchat":[],"footnotes":""},"class_list":["post-8869","page","type-page","status-publish","has-post-thumbnail","hentry"],"acf":[],"_links":{"self":[{"href":"https:\/\/recoverfisioterapia.com\/es\/wp-json\/wp\/v2\/pages\/8869","targetHints":{"allow":["GET"]}}],"collection":[{"href":"https:\/\/recoverfisioterapia.com\/es\/wp-json\/wp\/v2\/pages"}],"about":[{"href":"https:\/\/recoverfisioterapia.com\/es\/wp-json\/wp\/v2\/types\/page"}],"author":[{"embeddable":true,"href":"https:\/\/recoverfisioterapia.com\/es\/wp-json\/wp\/v2\/users\/1"}],"replies":[{"embeddable":true,"href":"https:\/\/recoverfisioterapia.com\/es\/wp-json\/wp\/v2\/comments?post=8869"}],"version-history":[{"count":10,"href":"https:\/\/recoverfisioterapia.com\/es\/wp-json\/wp\/v2\/pages\/8869\/revisions"}],"predecessor-version":[{"id":8882,"href":"https:\/\/recoverfisioterapia.com\/es\/wp-json\/wp\/v2\/pages\/8869\/revisions\/8882"}],"wp:featuredmedia":[{"embeddable":true,"href":"https:\/\/recoverfisioterapia.com\/es\/wp-json\/wp\/v2\/media\/8868"}],"wp:attachment":[{"href":"https:\/\/recoverfisioterapia.com\/es\/wp-json\/wp\/v2\/media?parent=8869"}],"curies":[{"name":"wp","href":"https:\/\/api.w.org\/{rel}","templated":true}]}}