{"id":8850,"date":"2024-03-20T02:38:17","date_gmt":"2024-03-20T02:38:17","guid":{"rendered":"https:\/\/recoverfisioterapia.com\/?page_id=8850"},"modified":"2024-03-20T05:10:18","modified_gmt":"2024-03-20T05:10:18","slug":"kinesio-taping","status":"publish","type":"page","link":"https:\/\/recoverfisioterapia.com\/es\/kinesio-taping\/","title":{"rendered":"Kinesio Taping"},"content":{"rendered":"\t\t<div data-elementor-type=\"wp-page\" data-elementor-id=\"8850\" class=\"elementor elementor-8850\">\n\t\t\t\t\t\t<section class=\"elementor-section elementor-top-section elementor-element elementor-element-2a0c66a elementor-section-boxed elementor-section-height-default elementor-section-height-default\" data-id=\"2a0c66a\" data-element_type=\"section\">\n\t\t\t\t\t\t<div class=\"elementor-container elementor-column-gap-default\">\n\t\t\t\t\t<div class=\"elementor-column elementor-col-100 elementor-top-column elementor-element elementor-element-5b6581e\" data-id=\"5b6581e\" data-element_type=\"column\">\n\t\t\t<div class=\"elementor-widget-wrap elementor-element-populated\">\n\t\t\t\t\t\t<div class=\"elementor-element elementor-element-4f13183 elementor-widget elementor-widget-image\" data-id=\"4f13183\" data-element_type=\"widget\" data-widget_type=\"image.default\">\n\t\t\t\t<div class=\"elementor-widget-container\">\n\t\t\t<style>\/*! elementor - v3.20.0 - 11-03-2024 *\/\n.elementor-widget-image{text-align:center}.elementor-widget-image a{display:inline-block}.elementor-widget-image a img[src$=\".svg\"]{width:48px}.elementor-widget-image img{vertical-align:middle;display:inline-block}<\/style>\t\t\t\t\t\t\t\t\t\t<img fetchpriority=\"high\" decoding=\"async\" width=\"1024\" height=\"400\" src=\"https:\/\/recoverfisioterapia.com\/wp-content\/uploads\/2024\/03\/Kinesio-taping-0910-1280x500-1-1024x400.webp\" class=\"attachment-large size-large wp-image-8851\" alt=\"\" srcset=\"https:\/\/recoverfisioterapia.com\/wp-content\/uploads\/2024\/03\/Kinesio-taping-0910-1280x500-1-1024x400.webp 1024w, https:\/\/recoverfisioterapia.com\/wp-content\/uploads\/2024\/03\/Kinesio-taping-0910-1280x500-1-300x117.webp 300w, https:\/\/recoverfisioterapia.com\/wp-content\/uploads\/2024\/03\/Kinesio-taping-0910-1280x500-1-768x300.webp 768w, https:\/\/recoverfisioterapia.com\/wp-content\/uploads\/2024\/03\/Kinesio-taping-0910-1280x500-1-18x7.webp 18w, https:\/\/recoverfisioterapia.com\/wp-content\/uploads\/2024\/03\/Kinesio-taping-0910-1280x500-1-600x234.webp 600w, https:\/\/recoverfisioterapia.com\/wp-content\/uploads\/2024\/03\/Kinesio-taping-0910-1280x500-1.webp 1280w\" sizes=\"(max-width: 1024px) 100vw, 1024px\" \/>\t\t\t\t\t\t\t\t\t\t\t\t\t<\/div>\n\t\t\t\t<\/div>\n\t\t\t\t\t<\/div>\n\t\t<\/div>\n\t\t\t\t\t<\/div>\n\t\t<\/section>\n\t\t\t\t<section class=\"elementor-section elementor-top-section elementor-element elementor-element-b3c896f elementor-section-boxed elementor-section-height-default elementor-section-height-default\" data-id=\"b3c896f\" data-element_type=\"section\">\n\t\t\t\t\t\t<div class=\"elementor-container elementor-column-gap-default\">\n\t\t\t\t\t<div class=\"elementor-column elementor-col-100 elementor-top-column elementor-element elementor-element-006b84e\" data-id=\"006b84e\" data-element_type=\"column\">\n\t\t\t<div class=\"elementor-widget-wrap elementor-element-populated\">\n\t\t\t\t\t\t<div class=\"elementor-element elementor-element-00c8fbe elementor-widget elementor-widget-text-editor\" data-id=\"00c8fbe\" data-element_type=\"widget\" data-widget_type=\"text-editor.default\">\n\t\t\t\t<div class=\"elementor-widget-container\">\n\t\t\t<style>\/*! elementor - v3.20.0 - 11-03-2024 *\/\n.elementor-widget-text-editor.elementor-drop-cap-view-stacked .elementor-drop-cap{background-color:#69727d;color:#fff}.elementor-widget-text-editor.elementor-drop-cap-view-framed .elementor-drop-cap{color:#69727d;border:3px solid;background-color:transparent}.elementor-widget-text-editor:not(.elementor-drop-cap-view-default) .elementor-drop-cap{margin-top:8px}.elementor-widget-text-editor:not(.elementor-drop-cap-view-default) .elementor-drop-cap-letter{width:1em;height:1em}.elementor-widget-text-editor .elementor-drop-cap{float:left;text-align:center;line-height:1;font-size:50px}.elementor-widget-text-editor .elementor-drop-cap-letter{display:inline-block}<\/style>\t\t\t\t<h1>Cura tus lesiones deportivas m\u00e1s r\u00e1pido con Kinesio Taping\u00a0<\/h1><p>El Kinesio Taping puede brindarle el alivio que est\u00e1 buscando. Recover Fisioterapia &amp; Rehabilitaci\u00f3n ofrece este tipo de terapia para ayudar a aliviar el dolor, promover la recuperaci\u00f3n, aumentar la movilidad, mejorar el rango de movimiento y, lo que es m\u00e1s importante, \u00a1para que pueda volver a hacer las actividades que ama!<\/p><h1>\u00bfQu\u00e9 puedo ganar con el Kinesio Taping?<\/h1><p>El Kinesiotaping ayuda en la restauraci\u00f3n de la funci\u00f3n al reparar las conexiones da\u00f1adas entre la piel y los m\u00fasculos, articulaciones y tendones debajo de ella. El Kinesiotaping act\u00faa evitando que los receptores del dolor lleguen al cerebro. Si no se reciben estas se\u00f1ales de dolor, los m\u00fasculos del \u00e1rea afectada se relajar\u00e1n y el riesgo de espasmos disminuir\u00e1 dr\u00e1sticamente. La presi\u00f3n limita el flujo sangu\u00edneo y el movimiento en el \u00e1rea afectada, pero una vez que se alivia el dolor, se restablecen el flujo sangu\u00edneo y el movimiento.<\/p><p>\u00a1Hay muchas razones por las que esta grabaci\u00f3n puede serle \u00fatil en su proceso de sanaci\u00f3n! Estos incluyen, pero no se limitan a:<\/p><ul><li><strong>Reducci\u00f3n de la hinchaz\u00f3n<\/strong>: ayuda a disminuir la hinchaz\u00f3n causada por cirug\u00eda, lesi\u00f3n o uso excesivo al limitar la presi\u00f3n entre la piel y los tejidos que se encuentran debajo. Esto permite que cualquier acumulaci\u00f3n de l\u00edquido viaje libremente y promueve un mejor movimiento del \u00e1rea afectada.<\/li><\/ul><ul><li><strong>Alivio del dolor<\/strong>: el cerebro ya no recibe mensajes dolorosos del \u00e1rea afectada porque se suprimen los receptores del dolor, lo que permite que los m\u00fasculos se relajen. Esto permite una mayor movilidad, una recuperaci\u00f3n m\u00e1s r\u00e1pida y una experiencia de tratamiento m\u00e1s relajante en general.<\/li><\/ul><ul><li><strong>Estabilizaci\u00f3n de las articulaciones<\/strong>: algunas condiciones pueden dificultar que las articulaciones permanezcan en su lugar. La cinta kinesio puede ayudar a estabilizar y brindar apoyo a estas articulaciones, al mismo tiempo que les permite moverse alrededor de su rango de movimiento previsto.<\/li><\/ul><ul><li><strong>Manejo del tejido cicatricial<\/strong>: la curaci\u00f3n de un trauma puede causar que se desarrolle una banda gruesa de tejido cicatricial alrededor del \u00e1rea afectada, lo que puede obstruir las se\u00f1ales de movimiento. La cinta kinesio puede estirar el tejido cicatricial, haciendo que las se\u00f1ales de movimiento se comuniquen m\u00e1s f\u00e1cilmente y, por lo tanto, aumentando su movilidad.<\/li><\/ul><h1>\u00bfC\u00f3mo se realiza el Kinesio Taping?<\/h1><p>En su primera visita, nuestro fisioterapeuta realizar\u00e1 una evaluaci\u00f3n exhaustiva para determinar si la cinta Kinesio es la mejor opci\u00f3n para su plan de tratamiento. Nuestros fisioterapeutas aplicar\u00e1n Kinesio tape en el \u00e1rea afectada de su cuerpo, as\u00ed como en cualquier otra \u00e1rea de su cuerpo que le est\u00e9 causando molestias o rigidez. Seg\u00fan sus necesidades espec\u00edficas, incorporar\u00e1n una variedad de ejercicios y procedimientos en sus planes de tratamiento.<\/p><p>\u00a1Muchos de nuestros pacientes han descubierto que el vendaje les ha ayudado a volver a una rutina diaria normal sin molestias ni rigidez residuales!<\/p>\t\t\t\t\t\t<\/div>\n\t\t\t\t<\/div>\n\t\t\t\t\t<\/div>\n\t\t<\/div>\n\t\t\t\t\t<\/div>\n\t\t<\/section>\n\t\t\t\t<\/div>\n\t\t","protected":false},"excerpt":{"rendered":"<p>Cura tus lesiones deportivas m\u00e1s r\u00e1pido con Kinesio Taping\u00a0 El Kinesio Taping puede brindarle el alivio que est\u00e1 buscando. Recover Fisioterapia &amp; Rehabilitaci\u00f3n ofrece este tipo de terapia para ayudar a aliviar el dolor, promover la recuperaci\u00f3n, aumentar la movilidad, mejorar el rango de movimiento y, lo que es m\u00e1s importante, \u00a1para que pueda volver [&hellip;]<\/p>\n","protected":false},"author":1,"featured_media":8851,"parent":0,"menu_order":0,"comment_status":"closed","ping_status":"closed","template":"","meta":{"_acf_changed":false,"_joinchat":[],"footnotes":""},"class_list":["post-8850","page","type-page","status-publish","has-post-thumbnail","hentry"],"acf":[],"_links":{"self":[{"href":"https:\/\/recoverfisioterapia.com\/es\/wp-json\/wp\/v2\/pages\/8850","targetHints":{"allow":["GET"]}}],"collection":[{"href":"https:\/\/recoverfisioterapia.com\/es\/wp-json\/wp\/v2\/pages"}],"about":[{"href":"https:\/\/recoverfisioterapia.com\/es\/wp-json\/wp\/v2\/types\/page"}],"author":[{"embeddable":true,"href":"https:\/\/recoverfisioterapia.com\/es\/wp-json\/wp\/v2\/users\/1"}],"replies":[{"embeddable":true,"href":"https:\/\/recoverfisioterapia.com\/es\/wp-json\/wp\/v2\/comments?post=8850"}],"version-history":[{"count":11,"href":"https:\/\/recoverfisioterapia.com\/es\/wp-json\/wp\/v2\/pages\/8850\/revisions"}],"predecessor-version":[{"id":8939,"href":"https:\/\/recoverfisioterapia.com\/es\/wp-json\/wp\/v2\/pages\/8850\/revisions\/8939"}],"wp:featuredmedia":[{"embeddable":true,"href":"https:\/\/recoverfisioterapia.com\/es\/wp-json\/wp\/v2\/media\/8851"}],"wp:attachment":[{"href":"https:\/\/recoverfisioterapia.com\/es\/wp-json\/wp\/v2\/media?parent=8850"}],"curies":[{"name":"wp","href":"https:\/\/api.w.org\/{rel}","templated":true}]}}