{"id":8814,"date":"2024-03-19T02:08:49","date_gmt":"2024-03-19T02:08:49","guid":{"rendered":"https:\/\/recoverfisioterapia.com\/?page_id=8814"},"modified":"2024-03-19T02:14:59","modified_gmt":"2024-03-19T02:14:59","slug":"dolor-de-tobillo","status":"publish","type":"page","link":"https:\/\/recoverfisioterapia.com\/es\/dolor-de-tobillo\/","title":{"rendered":"Dolor de Tobillo"},"content":{"rendered":"\t\t<div data-elementor-type=\"wp-page\" data-elementor-id=\"8814\" class=\"elementor elementor-8814\">\n\t\t\t\t\t\t<section class=\"elementor-section elementor-top-section elementor-element elementor-element-8e726a0 elementor-section-boxed elementor-section-height-default elementor-section-height-default\" data-id=\"8e726a0\" data-element_type=\"section\">\n\t\t\t\t\t\t<div class=\"elementor-container elementor-column-gap-default\">\n\t\t\t\t\t<div class=\"elementor-column elementor-col-100 elementor-top-column elementor-element elementor-element-8fc9d0a\" data-id=\"8fc9d0a\" data-element_type=\"column\">\n\t\t\t<div class=\"elementor-widget-wrap elementor-element-populated\">\n\t\t\t\t\t\t<div class=\"elementor-element elementor-element-b06693c elementor-widget elementor-widget-image\" data-id=\"b06693c\" data-element_type=\"widget\" data-widget_type=\"image.default\">\n\t\t\t\t<div class=\"elementor-widget-container\">\n\t\t\t<style>\/*! elementor - v3.20.0 - 11-03-2024 *\/\n.elementor-widget-image{text-align:center}.elementor-widget-image a{display:inline-block}.elementor-widget-image a img[src$=\".svg\"]{width:48px}.elementor-widget-image img{vertical-align:middle;display:inline-block}<\/style>\t\t\t\t\t\t\t\t\t\t<img decoding=\"async\" src=\"https:\/\/recoverfisioterapia.com\/wp-content\/uploads\/2024\/03\/Dolor-de-Tobillo-1280x500-1-1.webp\" title=\"\" alt=\"\" loading=\"lazy\" \/>\t\t\t\t\t\t\t\t\t\t\t\t\t<\/div>\n\t\t\t\t<\/div>\n\t\t\t\t\t<\/div>\n\t\t<\/div>\n\t\t\t\t\t<\/div>\n\t\t<\/section>\n\t\t\t\t<section class=\"elementor-section elementor-top-section elementor-element elementor-element-842c249 elementor-section-boxed elementor-section-height-default elementor-section-height-default\" data-id=\"842c249\" data-element_type=\"section\">\n\t\t\t\t\t\t<div class=\"elementor-container elementor-column-gap-default\">\n\t\t\t\t\t<div class=\"elementor-column elementor-col-100 elementor-top-column elementor-element elementor-element-14fc881\" data-id=\"14fc881\" data-element_type=\"column\">\n\t\t\t<div class=\"elementor-widget-wrap elementor-element-populated\">\n\t\t\t\t\t\t<div class=\"elementor-element elementor-element-d03e51e elementor-widget elementor-widget-text-editor\" data-id=\"d03e51e\" data-element_type=\"widget\" data-widget_type=\"text-editor.default\">\n\t\t\t\t<div class=\"elementor-widget-container\">\n\t\t\t<style>\/*! elementor - v3.20.0 - 11-03-2024 *\/\n.elementor-widget-text-editor.elementor-drop-cap-view-stacked .elementor-drop-cap{background-color:#69727d;color:#fff}.elementor-widget-text-editor.elementor-drop-cap-view-framed .elementor-drop-cap{color:#69727d;border:3px solid;background-color:transparent}.elementor-widget-text-editor:not(.elementor-drop-cap-view-default) .elementor-drop-cap{margin-top:8px}.elementor-widget-text-editor:not(.elementor-drop-cap-view-default) .elementor-drop-cap-letter{width:1em;height:1em}.elementor-widget-text-editor .elementor-drop-cap{float:left;text-align:center;line-height:1;font-size:50px}.elementor-widget-text-editor .elementor-drop-cap-letter{display:inline-block}<\/style>\t\t\t\t<h1>\u00bfTu dolor de tobillo te est\u00e1 frenando en la vida? \u00a1Es hora de obtener alivio con la fisioterapia!<\/h1><p>El dolor de tobillo puede reducir significativamente tu calidad de vida, \u00bfest\u00e1s de acuerdo? Es posible que le duela el tobillo por varias razones diferentes, \u00a1pero hay esperanza! Recover Fisioterapia &amp; Rehabilitaci\u00f3n puede ayudarte a descubrir qu\u00e9 est\u00e1 causando tu dolor de tobillo y recuperarte y moverte lo antes posible.<\/p><p>\u00a0<\/p><h1>\u00bfCu\u00e1l podr\u00eda ser la raz\u00f3n por la que te duele el tobillo?<\/h1><p>Una variedad de eventos en su vida puede causar dolor en el pie y el tobillo. Una lesi\u00f3n en el pie o el tobillo puede causar un dolor insoportable y dificultar el apoyo del peso en el \u00e1rea afectada. Incluso el dolor menor puede provocar limitaciones f\u00edsicas en su vida diaria.<\/p><p>El dolor de tobillo puede ocurrir repentinamente debido a una lesi\u00f3n aguda o puede desarrollarse con el tiempo debido a condiciones subyacentes cr\u00f3nicas. Hay varias causas comunes de dolor de tobillo, que incluyen, entre otras, las siguientes:<\/p><ul><li><strong>Tendinitis de Aquiles<\/strong>: una tensi\u00f3n repentina en el tend\u00f3n de Aquiles puede causar peque\u00f1os desgarros y provocar una inflamaci\u00f3n en la parte posterior del tobillo. Es importante que su tend\u00f3n de Aquiles sane con descanso, o puede aparecer tejido cicatricial, lo que provocar\u00e1 la necesidad de una cirug\u00eda.<\/li><\/ul><ul><li><strong>Artritis<\/strong>: Es una condici\u00f3n inflamatoria muy com\u00fan que afecta las articulaciones y produce dolor. Los tipos m\u00e1s comunes incluyen la osteoartritis y la artritis reumatoide. Ambos tipos de artritis pueden tener un gran impacto en las articulaciones del tobillo y tambi\u00e9n pueden afectar a cualquier persona a cualquier edad.<\/li><\/ul><ul><li><strong>Bursitis<\/strong>: Esto ocurre cuando los tendones rozan contra las \u201cbursas\u201d o sacos antifricci\u00f3n.<\/li><\/ul><ul><li><strong>Pies planos<\/strong>: si bien tener los pies planos generalmente es indoloro, puede causar que los tobillos le duelan o se hinchen si los pies no est\u00e1n alineados con las rodillas.<\/li><\/ul><ul><li><strong>Fracturas<\/strong>: si se rompe uno de los 3 huesos del tobillo (tibia, peron\u00e9 o astr\u00e1galo), experimentar\u00e1 dolor en el tobillo. Una fractura en el tobillo podr\u00eda resultar en semanas de inactividad para garantizar una curaci\u00f3n adecuada.<\/li><\/ul><ul><li><strong>Dolor lateral cr\u00f3nico en el tobillo<\/strong>: si le duele la parte exterior del tobillo, esto podr\u00eda deberse a una lesi\u00f3n anterior que no se cur\u00f3 correctamente. Cuanto menos estables son las articulaciones de los tobillos, m\u00e1s duelen.<\/li><\/ul><ul><li><strong>Lupus<\/strong>: Es una enfermedad autoinmune que puede afectar cualquier parte de su cuerpo, incluidos los tobillos.<\/li><\/ul><ul><li><strong>Tobillo torcido<\/strong>: los esguinces y las distensiones ocurren con frecuencia y, a menudo, \u00a1se confunden entre s\u00ed! Un esguince ocurre cuando un ligamento se estira demasiado o se rompe, mientras que una distensi\u00f3n ocurre cuando un m\u00fasculo o tend\u00f3n se estira demasiado. Ambas lesiones deben ser revisadas por un profesional m\u00e9dico para asegurarse de que no se produzcan da\u00f1os duraderos.<\/li><\/ul><p>Afortunadamente, se ha demostrado que Recover Fisioterapia &amp; Rehabilitaci\u00f3n ayuda en la rehabilitaci\u00f3n de extremidades lesionadas, as\u00ed como en el alivio del dolor agudo y cr\u00f3nico.<\/p><p>\u00a0<\/p><h1>\u00bfC\u00f3mo puede un fisioterapeuta aliviar el dolor de tobillo?<\/h1><p>Si usted o un ser querido experimentan un dolor en el tobillo que lo deprime en la vida, \u00a1la fisioterapia puede ayudarlo! Durante su cita inicial, nuestro fisioterapeuta realizar\u00e1 una evaluaci\u00f3n exhaustiva para determinar el origen de su dolor y luego crear\u00e1 un plan de tratamiento personalizado para su condici\u00f3n.<\/p><p>La mayor\u00eda de nuestros planes de tratamiento para el dolor de tobillo incorporan t\u00e9cnicas de terapia manual, ejercicios y estiramientos especializados para restaurar la movilidad de las articulaciones, mejorar el equilibrio y fortalecer los m\u00fasculos del tobillo. Haremos todo lo que est\u00e9 a nuestro alcance para aliviar su malestar y mejorar su fuerza y circulaci\u00f3n, para que pueda volver a moverse con facilidad.<\/p><p>Tambi\u00e9n reevaluaremos su plan de tratamiento con el tiempo y podemos recomendar cambios en el estilo de vida u \u00f3rtesis (dispositivos ortop\u00e9dicos) para evitar una nueva lesi\u00f3n o problemas adicionales en el futuro.<\/p>\t\t\t\t\t\t<\/div>\n\t\t\t\t<\/div>\n\t\t\t\t\t<\/div>\n\t\t<\/div>\n\t\t\t\t\t<\/div>\n\t\t<\/section>\n\t\t\t\t<\/div>\n\t\t","protected":false},"excerpt":{"rendered":"<p>\u00bfTu dolor de tobillo te est\u00e1 frenando en la vida? \u00a1Es hora de obtener alivio con la fisioterapia! El dolor de tobillo puede reducir significativamente tu calidad de vida, \u00bfest\u00e1s de acuerdo? Es posible que le duela el tobillo por varias razones diferentes, \u00a1pero hay esperanza! Recover Fisioterapia &amp; Rehabilitaci\u00f3n puede ayudarte a descubrir qu\u00e9 [&hellip;]<\/p>\n","protected":false},"author":1,"featured_media":8815,"parent":0,"menu_order":0,"comment_status":"closed","ping_status":"closed","template":"","meta":{"_acf_changed":false,"_joinchat":[],"footnotes":""},"class_list":["post-8814","page","type-page","status-publish","has-post-thumbnail","hentry"],"acf":[],"_links":{"self":[{"href":"https:\/\/recoverfisioterapia.com\/es\/wp-json\/wp\/v2\/pages\/8814","targetHints":{"allow":["GET"]}}],"collection":[{"href":"https:\/\/recoverfisioterapia.com\/es\/wp-json\/wp\/v2\/pages"}],"about":[{"href":"https:\/\/recoverfisioterapia.com\/es\/wp-json\/wp\/v2\/types\/page"}],"author":[{"embeddable":true,"href":"https:\/\/recoverfisioterapia.com\/es\/wp-json\/wp\/v2\/users\/1"}],"replies":[{"embeddable":true,"href":"https:\/\/recoverfisioterapia.com\/es\/wp-json\/wp\/v2\/comments?post=8814"}],"version-history":[{"count":5,"href":"https:\/\/recoverfisioterapia.com\/es\/wp-json\/wp\/v2\/pages\/8814\/revisions"}],"predecessor-version":[{"id":8821,"href":"https:\/\/recoverfisioterapia.com\/es\/wp-json\/wp\/v2\/pages\/8814\/revisions\/8821"}],"wp:featuredmedia":[{"embeddable":true,"href":"https:\/\/recoverfisioterapia.com\/es\/wp-json\/wp\/v2\/media\/8815"}],"wp:attachment":[{"href":"https:\/\/recoverfisioterapia.com\/es\/wp-json\/wp\/v2\/media?parent=8814"}],"curies":[{"name":"wp","href":"https:\/\/api.w.org\/{rel}","templated":true}]}}