{"id":8765,"date":"2024-03-19T00:16:41","date_gmt":"2024-03-19T00:16:41","guid":{"rendered":"https:\/\/recoverfisioterapia.com\/?page_id=8765"},"modified":"2024-03-19T00:20:47","modified_gmt":"2024-03-19T00:20:47","slug":"lesiones-de-trabajo","status":"publish","type":"page","link":"https:\/\/recoverfisioterapia.com\/es\/lesiones-de-trabajo\/","title":{"rendered":"Lesiones de Trabajo"},"content":{"rendered":"\t\t<div data-elementor-type=\"wp-page\" data-elementor-id=\"8765\" class=\"elementor elementor-8765\">\n\t\t\t\t\t\t<section class=\"elementor-section elementor-top-section elementor-element elementor-element-10cd777 elementor-section-boxed elementor-section-height-default elementor-section-height-default\" data-id=\"10cd777\" data-element_type=\"section\">\n\t\t\t\t\t\t<div class=\"elementor-container elementor-column-gap-default\">\n\t\t\t\t\t<div class=\"elementor-column elementor-col-100 elementor-top-column elementor-element elementor-element-ea70318\" data-id=\"ea70318\" data-element_type=\"column\">\n\t\t\t<div class=\"elementor-widget-wrap elementor-element-populated\">\n\t\t\t\t\t\t<div class=\"elementor-element elementor-element-e7a3041 elementor-widget elementor-widget-image\" data-id=\"e7a3041\" data-element_type=\"widget\" data-widget_type=\"image.default\">\n\t\t\t\t<div class=\"elementor-widget-container\">\n\t\t\t<style>\/*! elementor - v3.20.0 - 11-03-2024 *\/\n.elementor-widget-image{text-align:center}.elementor-widget-image a{display:inline-block}.elementor-widget-image a img[src$=\".svg\"]{width:48px}.elementor-widget-image img{vertical-align:middle;display:inline-block}<\/style>\t\t\t\t\t\t\t\t\t\t<img fetchpriority=\"high\" decoding=\"async\" width=\"1024\" height=\"400\" src=\"https:\/\/recoverfisioterapia.com\/wp-content\/uploads\/2024\/03\/Lesiones-de-Trabajo-1280x500-1-1024x400.webp\" class=\"attachment-large size-large wp-image-8766\" alt=\"\" srcset=\"https:\/\/recoverfisioterapia.com\/wp-content\/uploads\/2024\/03\/Lesiones-de-Trabajo-1280x500-1-1024x400.webp 1024w, https:\/\/recoverfisioterapia.com\/wp-content\/uploads\/2024\/03\/Lesiones-de-Trabajo-1280x500-1-300x117.webp 300w, https:\/\/recoverfisioterapia.com\/wp-content\/uploads\/2024\/03\/Lesiones-de-Trabajo-1280x500-1-768x300.webp 768w, https:\/\/recoverfisioterapia.com\/wp-content\/uploads\/2024\/03\/Lesiones-de-Trabajo-1280x500-1-18x7.webp 18w, https:\/\/recoverfisioterapia.com\/wp-content\/uploads\/2024\/03\/Lesiones-de-Trabajo-1280x500-1-600x234.webp 600w, https:\/\/recoverfisioterapia.com\/wp-content\/uploads\/2024\/03\/Lesiones-de-Trabajo-1280x500-1.webp 1280w\" sizes=\"(max-width: 1024px) 100vw, 1024px\" \/>\t\t\t\t\t\t\t\t\t\t\t\t\t<\/div>\n\t\t\t\t<\/div>\n\t\t\t\t\t<\/div>\n\t\t<\/div>\n\t\t\t\t\t<\/div>\n\t\t<\/section>\n\t\t\t\t<section class=\"elementor-section elementor-top-section elementor-element elementor-element-d4501ee elementor-section-boxed elementor-section-height-default elementor-section-height-default\" data-id=\"d4501ee\" data-element_type=\"section\">\n\t\t\t\t\t\t<div class=\"elementor-container elementor-column-gap-default\">\n\t\t\t\t\t<div class=\"elementor-column elementor-col-100 elementor-top-column elementor-element elementor-element-6cf8aa1\" data-id=\"6cf8aa1\" data-element_type=\"column\">\n\t\t\t<div class=\"elementor-widget-wrap elementor-element-populated\">\n\t\t\t\t\t\t<div class=\"elementor-element elementor-element-9c3e026 elementor-widget elementor-widget-text-editor\" data-id=\"9c3e026\" data-element_type=\"widget\" data-widget_type=\"text-editor.default\">\n\t\t\t\t<div class=\"elementor-widget-container\">\n\t\t\t<style>\/*! elementor - v3.20.0 - 11-03-2024 *\/\n.elementor-widget-text-editor.elementor-drop-cap-view-stacked .elementor-drop-cap{background-color:#69727d;color:#fff}.elementor-widget-text-editor.elementor-drop-cap-view-framed .elementor-drop-cap{color:#69727d;border:3px solid;background-color:transparent}.elementor-widget-text-editor:not(.elementor-drop-cap-view-default) .elementor-drop-cap{margin-top:8px}.elementor-widget-text-editor:not(.elementor-drop-cap-view-default) .elementor-drop-cap-letter{width:1em;height:1em}.elementor-widget-text-editor .elementor-drop-cap{float:left;text-align:center;line-height:1;font-size:50px}.elementor-widget-text-editor .elementor-drop-cap-letter{display:inline-block}<\/style>\t\t\t\t<h1>\u00bfTiene una lesi\u00f3n relacionada con el trabajo? Vuelva al trabajo m\u00e1s r\u00e1pido con Fisioterapia\u00a0<\/h1><p>Si recientemente has sufrido una lesi\u00f3n laboral, \u00a1Recover Fisioterapia &amp; Rehabilitaci\u00f3n te ayudar\u00e1 a recuperarte y volver al trabajo lo antes posible! Los accidentes de trabajo pueden causar angustia f\u00edsica, emocional y financiera. Esto es especialmente preocupante si no tiene idea de cu\u00e1nto tiempo estar\u00e1 fuera de servicio.<\/p><p>Es fundamental programar una cita con un fisioterapeuta lo antes posible para comenzar con el mejor plan de tratamiento para sus necesidades \u00fanicas.<\/p><p>\u00a0<\/p><h1>\u00bfQu\u00e9 es una lesi\u00f3n relacionada con el trabajo?<\/h1><p>Una lesi\u00f3n relacionada con el trabajo se define como un accidente o enfermedad que ocurre mientras el empleado est\u00e1 en el trabajo. Muchas profesiones, como la construcci\u00f3n, la aplicaci\u00f3n de la ley y la enfermer\u00eda, pueden presentar situaciones potencialmente peligrosas. Sorprendentemente, incluso los trabajos de oficina pueden provocar accidentes laborales porque sentarse en la misma posici\u00f3n durante largos per\u00edodos de tiempo puede ser agotador para el cuerpo.<\/p><p>\u00a0<\/p><h1>Tipos de lesiones relacionadas con el trabajo<\/h1><p>Algunos de los m\u00e1s comunes incluyen:<\/p><ul><li>Esguinces y distensiones: Los tendones y los ligamentos se ven afectados por esguinces y distensiones. Esto puede suceder como resultado de un trauma, como caerse de una escalera, o por movimientos repetidos, o como resultado del uso inadecuado del equipo.<\/li><\/ul><ul><li>S\u00edndrome del t\u00fanel carpiano: Ocurre cuando se comprime el nervio mediano de la mu\u00f1eca, lo que suele ocurrir como resultado de movimientos repetitivos. El trabajo de mecanograf\u00eda y la l\u00ednea de montaje son dos causas comunes del s\u00edndrome del t\u00fanel carpiano. Seg\u00fan Harvard Health, el tratamiento para esta enfermedad debe buscarse lo antes posible para evitar da\u00f1os en los nervios a largo plazo.<\/li><\/ul><ul><li>Dolor de espalda: las lesiones de espalda generalmente son causadas por rotar o torcer la espalda de manera incorrecta. El dolor de espalda puede ser causado por largos per\u00edodos de inactividad, como estar sentado en un escritorio todo el d\u00eda o ejercer demasiada fuerza en la espalda, como levantar objetos pesados incorrectamente repetidamente.<\/li><\/ul><ul><li>Accidentes automovil\u00edsticos: si trabaja en una profesi\u00f3n que requiere el uso de un veh\u00edculo, est\u00e1 constantemente en peligro de lesionarse en un accidente automovil\u00edstico. Las lesiones por accidentes automovil\u00edsticos relacionados con el trabajo pueden variar desde cortes y abrasiones menores hasta huesos fracturados y latigazo cervical severo. La fisioterapia puede ayudarlo a recuperarse de un accidente automovil\u00edstico al reducir el dolor y la inflamaci\u00f3n y restaurar su rango de movimiento.<\/li><\/ul><ul><li>Tendinitis: la tendinitis es causada por movimientos repetitivos y el uso excesivo de partes espec\u00edficas del cuerpo, y afecta con mayor frecuencia a las rodillas, los codos y los hombros. Los s\u00edntomas comunes incluyen sensibilidad, incomodidad e hinchaz\u00f3n son s\u00edntomas comunes.<\/li><\/ul><p>\u00a0<\/p><h1>Disminuya el tiempo de recuperaci\u00f3n con la ayuda de un fisioterapeuta<\/h1><p>La fisioterapia es un m\u00e9todo natural, seguro y eficaz para recuperarse de lesiones en el lugar de trabajo de manera oportuna. Tambi\u00e9n elimina la necesidad de medicamentos recetados potencialmente da\u00f1inos o cirug\u00eda en muchos casos.<\/p><p>En Recover Fisioterapia &amp; Rehabilitaci\u00f3n utilizamos los m\u00e9todos m\u00e1s vanguardistas de manejo del dolor, aumento de la movilidad y bienestar general. Nuestros fisioterapeutas capacitados y bien informados crear\u00e1n un plan de atenci\u00f3n personalizado adaptado a sus necesidades espec\u00edficas, as\u00ed como tambi\u00e9n lo ayudar\u00e1n a evitar lesiones a trav\u00e9s de buenas medidas de desempe\u00f1o laboral.<\/p>\t\t\t\t\t\t<\/div>\n\t\t\t\t<\/div>\n\t\t\t\t\t<\/div>\n\t\t<\/div>\n\t\t\t\t\t<\/div>\n\t\t<\/section>\n\t\t\t\t<\/div>\n\t\t","protected":false},"excerpt":{"rendered":"<p>\u00bfTiene una lesi\u00f3n relacionada con el trabajo? Vuelva al trabajo m\u00e1s r\u00e1pido con Fisioterapia\u00a0 Si recientemente has sufrido una lesi\u00f3n laboral, \u00a1Recover Fisioterapia &amp; Rehabilitaci\u00f3n te ayudar\u00e1 a recuperarte y volver al trabajo lo antes posible! Los accidentes de trabajo pueden causar angustia f\u00edsica, emocional y financiera. Esto es especialmente preocupante si no tiene idea [&hellip;]<\/p>\n","protected":false},"author":1,"featured_media":8766,"parent":0,"menu_order":0,"comment_status":"closed","ping_status":"closed","template":"","meta":{"_acf_changed":false,"_joinchat":[],"footnotes":""},"class_list":["post-8765","page","type-page","status-publish","has-post-thumbnail","hentry"],"acf":[],"_links":{"self":[{"href":"https:\/\/recoverfisioterapia.com\/es\/wp-json\/wp\/v2\/pages\/8765","targetHints":{"allow":["GET"]}}],"collection":[{"href":"https:\/\/recoverfisioterapia.com\/es\/wp-json\/wp\/v2\/pages"}],"about":[{"href":"https:\/\/recoverfisioterapia.com\/es\/wp-json\/wp\/v2\/types\/page"}],"author":[{"embeddable":true,"href":"https:\/\/recoverfisioterapia.com\/es\/wp-json\/wp\/v2\/users\/1"}],"replies":[{"embeddable":true,"href":"https:\/\/recoverfisioterapia.com\/es\/wp-json\/wp\/v2\/comments?post=8765"}],"version-history":[{"count":4,"href":"https:\/\/recoverfisioterapia.com\/es\/wp-json\/wp\/v2\/pages\/8765\/revisions"}],"predecessor-version":[{"id":8770,"href":"https:\/\/recoverfisioterapia.com\/es\/wp-json\/wp\/v2\/pages\/8765\/revisions\/8770"}],"wp:featuredmedia":[{"embeddable":true,"href":"https:\/\/recoverfisioterapia.com\/es\/wp-json\/wp\/v2\/media\/8766"}],"wp:attachment":[{"href":"https:\/\/recoverfisioterapia.com\/es\/wp-json\/wp\/v2\/media?parent=8765"}],"curies":[{"name":"wp","href":"https:\/\/api.w.org\/{rel}","templated":true}]}}