{"id":8758,"date":"2024-03-19T00:05:41","date_gmt":"2024-03-19T00:05:41","guid":{"rendered":"https:\/\/recoverfisioterapia.com\/?page_id=8758"},"modified":"2024-03-19T00:14:22","modified_gmt":"2024-03-19T00:14:22","slug":"disfuncion-de-la-atm","status":"publish","type":"page","link":"https:\/\/recoverfisioterapia.com\/es\/disfuncion-de-la-atm\/","title":{"rendered":"Disfunci\u00f3n de la ATM"},"content":{"rendered":"\t\t<div data-elementor-type=\"wp-page\" data-elementor-id=\"8758\" class=\"elementor elementor-8758\">\n\t\t\t\t\t\t<section class=\"elementor-section elementor-top-section elementor-element elementor-element-2b4ce60 elementor-section-boxed elementor-section-height-default elementor-section-height-default\" data-id=\"2b4ce60\" data-element_type=\"section\">\n\t\t\t\t\t\t<div class=\"elementor-container elementor-column-gap-default\">\n\t\t\t\t\t<div class=\"elementor-column elementor-col-100 elementor-top-column elementor-element elementor-element-31c1fc5\" data-id=\"31c1fc5\" data-element_type=\"column\">\n\t\t\t<div class=\"elementor-widget-wrap elementor-element-populated\">\n\t\t\t\t\t\t<div class=\"elementor-element elementor-element-40cab04 elementor-widget elementor-widget-image\" data-id=\"40cab04\" data-element_type=\"widget\" data-widget_type=\"image.default\">\n\t\t\t\t<div class=\"elementor-widget-container\">\n\t\t\t<style>\/*! elementor - v3.20.0 - 11-03-2024 *\/\n.elementor-widget-image{text-align:center}.elementor-widget-image a{display:inline-block}.elementor-widget-image a img[src$=\".svg\"]{width:48px}.elementor-widget-image img{vertical-align:middle;display:inline-block}<\/style>\t\t\t\t\t\t\t\t\t\t<img fetchpriority=\"high\" decoding=\"async\" width=\"1024\" height=\"400\" src=\"https:\/\/recoverfisioterapia.com\/wp-content\/uploads\/2024\/03\/Disfuncion-de-ATM-1280x500-1-1024x400.webp\" class=\"attachment-large size-large wp-image-8759\" alt=\"\" srcset=\"https:\/\/recoverfisioterapia.com\/wp-content\/uploads\/2024\/03\/Disfuncion-de-ATM-1280x500-1-1024x400.webp 1024w, https:\/\/recoverfisioterapia.com\/wp-content\/uploads\/2024\/03\/Disfuncion-de-ATM-1280x500-1-300x117.webp 300w, https:\/\/recoverfisioterapia.com\/wp-content\/uploads\/2024\/03\/Disfuncion-de-ATM-1280x500-1-768x300.webp 768w, https:\/\/recoverfisioterapia.com\/wp-content\/uploads\/2024\/03\/Disfuncion-de-ATM-1280x500-1-18x7.webp 18w, https:\/\/recoverfisioterapia.com\/wp-content\/uploads\/2024\/03\/Disfuncion-de-ATM-1280x500-1-600x234.webp 600w, https:\/\/recoverfisioterapia.com\/wp-content\/uploads\/2024\/03\/Disfuncion-de-ATM-1280x500-1.webp 1280w\" sizes=\"(max-width: 1024px) 100vw, 1024px\" \/>\t\t\t\t\t\t\t\t\t\t\t\t\t<\/div>\n\t\t\t\t<\/div>\n\t\t\t\t\t<\/div>\n\t\t<\/div>\n\t\t\t\t\t<\/div>\n\t\t<\/section>\n\t\t\t\t<section class=\"elementor-section elementor-top-section elementor-element elementor-element-f018a24 elementor-section-boxed elementor-section-height-default elementor-section-height-default\" data-id=\"f018a24\" data-element_type=\"section\">\n\t\t\t\t\t\t<div class=\"elementor-container elementor-column-gap-default\">\n\t\t\t\t\t<div class=\"elementor-column elementor-col-100 elementor-top-column elementor-element elementor-element-bc8eb69\" data-id=\"bc8eb69\" data-element_type=\"column\">\n\t\t\t<div class=\"elementor-widget-wrap elementor-element-populated\">\n\t\t\t\t\t\t<div class=\"elementor-element elementor-element-b5dabfa elementor-widget elementor-widget-text-editor\" data-id=\"b5dabfa\" data-element_type=\"widget\" data-widget_type=\"text-editor.default\">\n\t\t\t\t<div class=\"elementor-widget-container\">\n\t\t\t<style>\/*! elementor - v3.20.0 - 11-03-2024 *\/\n.elementor-widget-text-editor.elementor-drop-cap-view-stacked .elementor-drop-cap{background-color:#69727d;color:#fff}.elementor-widget-text-editor.elementor-drop-cap-view-framed .elementor-drop-cap{color:#69727d;border:3px solid;background-color:transparent}.elementor-widget-text-editor:not(.elementor-drop-cap-view-default) .elementor-drop-cap{margin-top:8px}.elementor-widget-text-editor:not(.elementor-drop-cap-view-default) .elementor-drop-cap-letter{width:1em;height:1em}.elementor-widget-text-editor .elementor-drop-cap{float:left;text-align:center;line-height:1;font-size:50px}.elementor-widget-text-editor .elementor-drop-cap-letter{display:inline-block}<\/style>\t\t\t\t<h1>ATM puede hacer la vida dif\u00edcil.\u00a0<\/h1><p>\u00bfTienes problemas para comer? \u00bfDuele bostezar? \u00bfTiene dolor o molestias en la mand\u00edbula de las que parece no poder deshacerse? Cuando abres o cierras la boca, \u00bfescuchas un clic? Si este es el caso, es posible que tenga un trastorno de la Articulaci\u00f3n Temporomandibular (ATM).<\/p><p>La ATM conecta la mand\u00edbula con el cr\u00e1neo. El trastorno de la ATM es una condici\u00f3n que causa dolor y rigidez en la articulaci\u00f3n de la mand\u00edbula y los m\u00fasculos que la rodean. Si la articulaci\u00f3n est\u00e1 da\u00f1ada, puede ocurrir una disfunci\u00f3n de la ATM.<\/p><p>\u00a0<\/p><h1>Causas y s\u00edntomas comunes del trastorno de la ATM<\/h1><p>La disfunci\u00f3n de la ATM puede ser causada por una variedad de factores, los m\u00e1s comunes son la desalineaci\u00f3n de los dientes, la masticaci\u00f3n de las enc\u00edas, la artritis, el rechinar de los dientes o las lesiones en la mand\u00edbula.<\/p><p>No existe una forma exacta de diagnosticar la disfunci\u00f3n de la ATM, pero nuestros fisioterapeutas examinar\u00e1n su historial m\u00e9dico y realizar\u00e1n pruebas si cree que podr\u00eda estar lidiando con este trastorno.<\/p><p>Los s\u00edntomas del trastorno de la ATM incluyen:<\/p><ul><li>Dolores de cabeza<\/li><\/ul><ul><li>M\u00fasculos de la mand\u00edbula doloridos<\/li><\/ul><ul><li>Trismo<\/li><\/ul><ul><li>Dolor en las sienes<\/li><\/ul><ul><li>Dolores de o\u00eddo<\/li><\/ul><ul><li>Dolor de mand\u00edbula<\/li><\/ul><ul><li>Dolor al comer o masticar<\/li><\/ul><ul><li>Crujido de mand\u00edbula<\/li><\/ul><p>Se debe descartar cualquier otra afecci\u00f3n m\u00e9dica antes de diagnosticar la ATM, ya que los s\u00edntomas pueden estar relacionados con la neuralgia del trig\u00e9mino, la enfermedad de las gl\u00e1ndulas salivales o incluso los ganglios linf\u00e1ticos inflamados. Su m\u00e9dico tambi\u00e9n puede derivarlo a un otorrinolaring\u00f3logo o dentista especializado en trastornos de la mand\u00edbula. Hasta que se determine su condici\u00f3n, se le tratar\u00e1 seg\u00fan la gravedad de sus s\u00edntomas.<\/p><p>\u00a0<\/p><h1>Qu\u00e9 esperar del tratamiento de fisioterapia para la ATM<\/h1><p>En su primera cita con Recover Fisioterapia &amp; Rehabilitaci\u00f3n, se realizar\u00e1 un examen completo de su cuello, hombros y columna tor\u00e1cica para determinar si esas estructuras est\u00e1n causando sus s\u00edntomas.<\/p><p>Nuestro fisioterapeuta evaluar\u00e1 la movilidad de la mand\u00edbula y trabajar\u00e1 para aliviar la tensi\u00f3n muscular en el cuello y la cabeza. Nuestros tratamientos de fisioterapia est\u00e1n dise\u00f1ados para ayudarlo a recuperar la funci\u00f3n normal, as\u00ed como la interacci\u00f3n adecuada de los m\u00fasculos y las articulaciones de la mand\u00edbula.<\/p><p>Luego, seg\u00fan la complejidad de sus s\u00edntomas y sus necesidades espec\u00edficas, uno de nuestros fisioterapeutas profesionales crear\u00e1 un plan de atenci\u00f3n para Usted. Su plan de recuperaci\u00f3n puede incluir una variedad de procedimientos y modalidades, como ejercicios de mand\u00edbula, masaje de tejidos blandos, movilizaci\u00f3n de articulaciones, t\u00e9cnicas miofasciales, estimulaci\u00f3n el\u00e9ctrica o ultrasonido.<\/p><p>\u00a0<\/p><h1>Terapia craneosacral y alivio de la ATM<\/h1><p>La terapia craneosacral (CST, por sus siglas en ingl\u00e9s) es una forma suave y pr\u00e1ctica de terapia manual que se enfoca en evaluar y mejorar el sistema craneosacro del cuerpo. El sistema craneosacro est\u00e1 formado por membranas y l\u00edquido cefalorraqu\u00eddeo que rodea y protege el cerebro y la m\u00e9dula espinal. Con CST, un fisioterapeuta usa una presi\u00f3n suave para liberar el dolor y las tensiones en lo profundo del cuerpo y regular el flujo de l\u00edquido cefalorraqu\u00eddeo.<\/p><p>La terapia craneosacral se puede utilizar para tratar una gran variedad de dolores y molestias. Funciona al normalizar el entorno alrededor del cerebro y la m\u00e9dula espinal, lo que mejora la capacidad natural del cuerpo para curarse y corregirse a s\u00ed mismo. Por lo tanto, esta t\u00e9cnica se puede utilizar para tratar tanto el dolor agudo como el cr\u00f3nico. Ya sea que se est\u00e9 recuperando de una lesi\u00f3n deportiva, un procedimiento quir\u00fargico, artritis cr\u00f3nica, un accidente cerebrovascular o una discapacidad neurol\u00f3gica, la CST puede ser un beneficio para Usted.<\/p>\t\t\t\t\t\t<\/div>\n\t\t\t\t<\/div>\n\t\t\t\t\t<\/div>\n\t\t<\/div>\n\t\t\t\t\t<\/div>\n\t\t<\/section>\n\t\t\t\t<\/div>\n\t\t","protected":false},"excerpt":{"rendered":"<p>ATM puede hacer la vida dif\u00edcil.\u00a0 \u00bfTienes problemas para comer? \u00bfDuele bostezar? \u00bfTiene dolor o molestias en la mand\u00edbula de las que parece no poder deshacerse? Cuando abres o cierras la boca, \u00bfescuchas un clic? Si este es el caso, es posible que tenga un trastorno de la Articulaci\u00f3n Temporomandibular (ATM). La ATM conecta la [&hellip;]<\/p>\n","protected":false},"author":1,"featured_media":8759,"parent":0,"menu_order":0,"comment_status":"closed","ping_status":"closed","template":"","meta":{"_acf_changed":false,"_joinchat":[],"footnotes":""},"class_list":["post-8758","page","type-page","status-publish","has-post-thumbnail","hentry"],"acf":[],"_links":{"self":[{"href":"https:\/\/recoverfisioterapia.com\/es\/wp-json\/wp\/v2\/pages\/8758","targetHints":{"allow":["GET"]}}],"collection":[{"href":"https:\/\/recoverfisioterapia.com\/es\/wp-json\/wp\/v2\/pages"}],"about":[{"href":"https:\/\/recoverfisioterapia.com\/es\/wp-json\/wp\/v2\/types\/page"}],"author":[{"embeddable":true,"href":"https:\/\/recoverfisioterapia.com\/es\/wp-json\/wp\/v2\/users\/1"}],"replies":[{"embeddable":true,"href":"https:\/\/recoverfisioterapia.com\/es\/wp-json\/wp\/v2\/comments?post=8758"}],"version-history":[{"count":4,"href":"https:\/\/recoverfisioterapia.com\/es\/wp-json\/wp\/v2\/pages\/8758\/revisions"}],"predecessor-version":[{"id":8764,"href":"https:\/\/recoverfisioterapia.com\/es\/wp-json\/wp\/v2\/pages\/8758\/revisions\/8764"}],"wp:featuredmedia":[{"embeddable":true,"href":"https:\/\/recoverfisioterapia.com\/es\/wp-json\/wp\/v2\/media\/8759"}],"wp:attachment":[{"href":"https:\/\/recoverfisioterapia.com\/es\/wp-json\/wp\/v2\/media?parent=8758"}],"curies":[{"name":"wp","href":"https:\/\/api.w.org\/{rel}","templated":true}]}}