{"id":8712,"date":"2024-03-18T23:08:15","date_gmt":"2024-03-18T23:08:15","guid":{"rendered":"https:\/\/recoverfisioterapia.com\/?page_id=8712"},"modified":"2024-03-18T23:17:01","modified_gmt":"2024-03-18T23:17:01","slug":"trastornos-del-equilibrio-y-la-marcha","status":"publish","type":"page","link":"https:\/\/recoverfisioterapia.com\/es\/trastornos-del-equilibrio-y-la-marcha\/","title":{"rendered":"Trastornos del Equilibrio y la Marcha"},"content":{"rendered":"\t\t<div data-elementor-type=\"wp-page\" data-elementor-id=\"8712\" class=\"elementor elementor-8712\">\n\t\t\t\t\t\t<section class=\"elementor-section elementor-top-section elementor-element elementor-element-1338d43 elementor-section-boxed elementor-section-height-default elementor-section-height-default\" data-id=\"1338d43\" data-element_type=\"section\">\n\t\t\t\t\t\t<div class=\"elementor-container elementor-column-gap-default\">\n\t\t\t\t\t<div class=\"elementor-column elementor-col-100 elementor-top-column elementor-element elementor-element-1c34849\" data-id=\"1c34849\" data-element_type=\"column\">\n\t\t\t<div class=\"elementor-widget-wrap elementor-element-populated\">\n\t\t\t\t\t\t<div class=\"elementor-element elementor-element-ac22cdf elementor-widget elementor-widget-image\" data-id=\"ac22cdf\" data-element_type=\"widget\" data-widget_type=\"image.default\">\n\t\t\t\t<div class=\"elementor-widget-container\">\n\t\t\t<style>\/*! elementor - v3.20.0 - 11-03-2024 *\/\n.elementor-widget-image{text-align:center}.elementor-widget-image a{display:inline-block}.elementor-widget-image a img[src$=\".svg\"]{width:48px}.elementor-widget-image img{vertical-align:middle;display:inline-block}<\/style>\t\t\t\t\t\t\t\t\t\t<img fetchpriority=\"high\" decoding=\"async\" width=\"1024\" height=\"400\" src=\"https:\/\/recoverfisioterapia.com\/wp-content\/uploads\/2024\/03\/Trastornos-del-Equilibro-y-Marcha-1280x500-1-1024x400.webp\" class=\"attachment-large size-large wp-image-8713\" alt=\"\" srcset=\"https:\/\/recoverfisioterapia.com\/wp-content\/uploads\/2024\/03\/Trastornos-del-Equilibro-y-Marcha-1280x500-1-1024x400.webp 1024w, https:\/\/recoverfisioterapia.com\/wp-content\/uploads\/2024\/03\/Trastornos-del-Equilibro-y-Marcha-1280x500-1-300x117.webp 300w, https:\/\/recoverfisioterapia.com\/wp-content\/uploads\/2024\/03\/Trastornos-del-Equilibro-y-Marcha-1280x500-1-768x300.webp 768w, https:\/\/recoverfisioterapia.com\/wp-content\/uploads\/2024\/03\/Trastornos-del-Equilibro-y-Marcha-1280x500-1-18x7.webp 18w, https:\/\/recoverfisioterapia.com\/wp-content\/uploads\/2024\/03\/Trastornos-del-Equilibro-y-Marcha-1280x500-1-600x234.webp 600w, https:\/\/recoverfisioterapia.com\/wp-content\/uploads\/2024\/03\/Trastornos-del-Equilibro-y-Marcha-1280x500-1.webp 1280w\" sizes=\"(max-width: 1024px) 100vw, 1024px\" \/>\t\t\t\t\t\t\t\t\t\t\t\t\t<\/div>\n\t\t\t\t<\/div>\n\t\t\t\t\t<\/div>\n\t\t<\/div>\n\t\t\t\t\t<\/div>\n\t\t<\/section>\n\t\t\t\t<section class=\"elementor-section elementor-top-section elementor-element elementor-element-04daf8a elementor-section-boxed elementor-section-height-default elementor-section-height-default\" data-id=\"04daf8a\" data-element_type=\"section\">\n\t\t\t\t\t\t<div class=\"elementor-container elementor-column-gap-default\">\n\t\t\t\t\t<div class=\"elementor-column elementor-col-100 elementor-top-column elementor-element elementor-element-c6285e3\" data-id=\"c6285e3\" data-element_type=\"column\">\n\t\t\t<div class=\"elementor-widget-wrap elementor-element-populated\">\n\t\t\t\t\t\t<div class=\"elementor-element elementor-element-cfa1ef1 elementor-widget elementor-widget-text-editor\" data-id=\"cfa1ef1\" data-element_type=\"widget\" data-widget_type=\"text-editor.default\">\n\t\t\t\t<div class=\"elementor-widget-container\">\n\t\t\t<style>\/*! elementor - v3.20.0 - 11-03-2024 *\/\n.elementor-widget-text-editor.elementor-drop-cap-view-stacked .elementor-drop-cap{background-color:#69727d;color:#fff}.elementor-widget-text-editor.elementor-drop-cap-view-framed .elementor-drop-cap{color:#69727d;border:3px solid;background-color:transparent}.elementor-widget-text-editor:not(.elementor-drop-cap-view-default) .elementor-drop-cap{margin-top:8px}.elementor-widget-text-editor:not(.elementor-drop-cap-view-default) .elementor-drop-cap-letter{width:1em;height:1em}.elementor-widget-text-editor .elementor-drop-cap{float:left;text-align:center;line-height:1;font-size:50px}.elementor-widget-text-editor .elementor-drop-cap-letter{display:inline-block}<\/style>\t\t\t\t<h1>\u00bfTe sientes sin equilibrio \u00faltimamente? Recupera tu equilibrio con la Fisioterapia.\u00a0<\/h1><p>En alg\u00fan momento de nuestra vida, todos nos hemos sentido mareados. No es una sensaci\u00f3n agradable, por decir lo menos. Para algunas personas, sin embargo, sentirse mareado y desequilibrado es algo habitual. \u00bfSe encuentra en la necesidad de buscar paredes, barandillas u otros objetos para mantenerse firme sobre sus pies? \u00bfTu equilibrio simplemente no es lo que alguna vez fue? Si esto suena como Usted, es posible que tenga un equilibrio y trastornos de la marcha que deben abordarse.<\/p><p>\u00a0<\/p><h1>\u00bfEst\u00e1 lidiando con un trastorno de la marcha o un trastorno del equilibrio? Conozca la diferencia.<\/h1><p>Los trastornos del equilibrio y de la marcha, si bien son similares, tienen muchas diferencias. Un fisioterapeuta de Recover Fisioterapia &amp; Rehabilitaci\u00f3n podr\u00e1 diagnosticar su condici\u00f3n espec\u00edfica despu\u00e9s de una evaluaci\u00f3n exhaustiva; sin embargo, aqu\u00ed hay informaci\u00f3n sobre los trastornos de la marcha frente a los trastornos del equilibrio:<\/p><ul><li><strong>Los trastornos del equilibrio<\/strong> son tanto f\u00edsicos como mentales, ya que su cerebro puede pensar que se est\u00e1 moviendo, incluso cuando no es as\u00ed. Puede tener una sensaci\u00f3n de ca\u00edda, tambalearse al caminar y sentirse como si estuviera flotando. La visi\u00f3n borrosa y los sentimientos de desorientaci\u00f3n tambi\u00e9n son comunes. Los cambios en la fuerza, la movilidad y la capacidad de sus articulaciones para sentir d\u00f3nde est\u00e1n sus articulaciones en el espacio (propiocepci\u00f3n) tienen consecuencias f\u00edsicas en su equilibrio.<\/li><\/ul><ul><li><strong>Los trastornos de la marcha<\/strong> pueden causar movimientos anormales en la forma de caminar y correr, y estos pueden exagerarse con la edad. Tambi\u00e9n pueden ser causados por un accidente cerebrovascular, problemas en el o\u00eddo interno, afecciones en los pies o incluso algo tan simple como zapatos que no calzan bien.<\/li><\/ul><p>\u00a0<\/p><h1>\u00bfPor qu\u00e9 tengo problemas con mi marcha o equilibrio?<\/h1><p>Los trastornos del equilibrio y de la marcha pueden desarrollarse por muchas razones diferentes. Muchos trastornos del equilibrio est\u00e1n relacionados con problemas en el sistema vestibular, que es responsable de su sentido de posici\u00f3n, tambi\u00e9n conocido como \u00abpropiocepci\u00f3n\u00bb. Los trastornos musculoesquel\u00e9ticos y neurol\u00f3gicos subyacentes pueden causar o exacerbar un problema con el equilibrio o la forma de andar.<\/p><p>Algunas condiciones vestibulares comunes que resultan en trastornos del equilibrio incluyen:<\/p><ul><li><strong>V\u00e9rtigo postural parox\u00edstico benigno (VPPB)<\/strong>: se produce cuando los restos de calcio se rompen en el o\u00eddo interno y causan problemas de equilibrio.<\/li><\/ul><ul><li><strong>Problemas neurol\u00f3gicos<\/strong>: hay cientos de problemas neurol\u00f3gicos diferentes que pueden provocar problemas de equilibrio y de marcha. Pueden incluir la enfermedad de Parkinson, lesi\u00f3n cerebral o accidente cerebrovascular.<\/li><\/ul><ul><li><strong>Lesiones y dolencias<\/strong>: incluso si su cerebro y sistema nervioso funcionan en armon\u00eda, una lesi\u00f3n, enfermedad, accidente u otra dolencia repentina que cause debilidad muscular puede interferir con su equilibrio y dificultar que se mantenga erguido.<\/li><\/ul><p>\u00a0<\/p><h1>\u00bfC\u00f3mo puede ayudarme la fisioterapia a encontrar alivio para mi trastorno del equilibrio o de la marcha?<\/h1><p>La fisioterapia es el tratamiento m\u00e1s eficaz para los problemas de equilibrio y de la marcha. Cuando llegue a su cita inicial en Recover Fisioterapia &amp; Rehabilitaci\u00f3n, nuestro fisioterapeuta realizar\u00e1 una evaluaci\u00f3n f\u00edsica integral para examinar su equilibrio, marcha, postura, historial m\u00e9dico y s\u00edntomas, antes de crear un plan de tratamiento personalizado hecho para sus necesidades espec\u00edficas.<\/p><p>Su plan de tratamiento para su trastorno del equilibrio o de la marcha puede incluir los siguientes ejercicios y m\u00e9todos de tratamiento:<\/p><ul><li>Estiramientos: los estiramientos ayudar\u00e1n a mejorar su flexibilidad y su rango de movimiento y le dar\u00e1n m\u00e1s control y reacciones m\u00e1s r\u00e1pidas a sus movimientos. Evitar\u00e1n que sus m\u00fasculos se vuelvan demasiado tensos y r\u00edgidos, y reducir\u00e1n el riesgo de lesiones.<\/li><\/ul><ul><li>Ejercicios de reentrenamiento de la marcha: a veces, las anomal\u00edas en la marcha se pueden corregir mediante un \u00abreentrenamiento\u00bb en el que se aprenden las t\u00e9cnicas adecuadas. Los corredores tambi\u00e9n pueden beneficiarse de este tipo de t\u00e9cnica de terapia.<\/li><\/ul><ul><li>Rehabilitaci\u00f3n vestibular: si vive con un trastorno del equilibrio o de la marcha, nuestro fisioterapeuta le brindar\u00e1 ejercicios espec\u00edficos que mover\u00e1n los restos de calcio a las partes correctas de su o\u00eddo. Este tratamiento de fisioterapia trabaja para mejorar su visi\u00f3n, nervios, m\u00fasculos y el sistema vestibular en su conjunto, para mantener un equilibrio constante.<\/li><\/ul><ul><li>Ejercicios de fortalecimiento: su evaluaci\u00f3n de fisioterapia ayudar\u00e1 a determinar qu\u00e9 \u00e1reas problem\u00e1ticas de su cuerpo pueden necesitar fortalecimiento. Nuestro fisioterapeuta le proporcionar\u00e1 ejercicios de fortalecimiento que fortalecer\u00e1n sus m\u00fasculos, lo que le facilitar\u00e1 mucho el movimiento y reducir\u00e1 el riesgo de lesiones.<\/li><\/ul>\t\t\t\t\t\t<\/div>\n\t\t\t\t<\/div>\n\t\t\t\t\t<\/div>\n\t\t<\/div>\n\t\t\t\t\t<\/div>\n\t\t<\/section>\n\t\t\t\t<\/div>\n\t\t","protected":false},"excerpt":{"rendered":"<p>\u00bfTe sientes sin equilibrio \u00faltimamente? Recupera tu equilibrio con la Fisioterapia.\u00a0 En alg\u00fan momento de nuestra vida, todos nos hemos sentido mareados. No es una sensaci\u00f3n agradable, por decir lo menos. Para algunas personas, sin embargo, sentirse mareado y desequilibrado es algo habitual. \u00bfSe encuentra en la necesidad de buscar paredes, barandillas u otros objetos [&hellip;]<\/p>\n","protected":false},"author":1,"featured_media":8713,"parent":0,"menu_order":0,"comment_status":"closed","ping_status":"closed","template":"","meta":{"_acf_changed":false,"_joinchat":[],"footnotes":""},"class_list":["post-8712","page","type-page","status-publish","has-post-thumbnail","hentry"],"acf":[],"_links":{"self":[{"href":"https:\/\/recoverfisioterapia.com\/es\/wp-json\/wp\/v2\/pages\/8712","targetHints":{"allow":["GET"]}}],"collection":[{"href":"https:\/\/recoverfisioterapia.com\/es\/wp-json\/wp\/v2\/pages"}],"about":[{"href":"https:\/\/recoverfisioterapia.com\/es\/wp-json\/wp\/v2\/types\/page"}],"author":[{"embeddable":true,"href":"https:\/\/recoverfisioterapia.com\/es\/wp-json\/wp\/v2\/users\/1"}],"replies":[{"embeddable":true,"href":"https:\/\/recoverfisioterapia.com\/es\/wp-json\/wp\/v2\/comments?post=8712"}],"version-history":[{"count":4,"href":"https:\/\/recoverfisioterapia.com\/es\/wp-json\/wp\/v2\/pages\/8712\/revisions"}],"predecessor-version":[{"id":8724,"href":"https:\/\/recoverfisioterapia.com\/es\/wp-json\/wp\/v2\/pages\/8712\/revisions\/8724"}],"wp:featuredmedia":[{"embeddable":true,"href":"https:\/\/recoverfisioterapia.com\/es\/wp-json\/wp\/v2\/media\/8713"}],"wp:attachment":[{"href":"https:\/\/recoverfisioterapia.com\/es\/wp-json\/wp\/v2\/media?parent=8712"}],"curies":[{"name":"wp","href":"https:\/\/api.w.org\/{rel}","templated":true}]}}