{"id":8368,"date":"2024-03-15T16:49:20","date_gmt":"2024-03-15T16:49:20","guid":{"rendered":"https:\/\/recoverfisioterapia.com\/?page_id=8368"},"modified":"2024-03-15T17:07:03","modified_gmt":"2024-03-15T17:07:03","slug":"dolencia-extra-2","status":"publish","type":"page","link":"https:\/\/recoverfisioterapia.com\/es\/dolencia-extra-2\/","title":{"rendered":"Dolencia Extra 2"},"content":{"rendered":"\t\t<div data-elementor-type=\"wp-page\" data-elementor-id=\"8368\" class=\"elementor elementor-8368\">\n\t\t\t\t\t\t<section class=\"elementor-section elementor-top-section elementor-element elementor-element-8f94ff4 elementor-section-boxed elementor-section-height-default elementor-section-height-default\" data-id=\"8f94ff4\" data-element_type=\"section\">\n\t\t\t\t\t\t<div class=\"elementor-container elementor-column-gap-default\">\n\t\t\t\t\t<div class=\"elementor-column elementor-col-100 elementor-top-column elementor-element elementor-element-2914982\" data-id=\"2914982\" data-element_type=\"column\">\n\t\t\t<div class=\"elementor-widget-wrap elementor-element-populated\">\n\t\t\t\t\t\t<div class=\"elementor-element elementor-element-1344442 elementor-widget elementor-widget-image\" data-id=\"1344442\" data-element_type=\"widget\" data-widget_type=\"image.default\">\n\t\t\t\t<div class=\"elementor-widget-container\">\n\t\t\t<style>\/*! elementor - v3.20.0 - 11-03-2024 *\/\n.elementor-widget-image{text-align:center}.elementor-widget-image a{display:inline-block}.elementor-widget-image a img[src$=\".svg\"]{width:48px}.elementor-widget-image img{vertical-align:middle;display:inline-block}<\/style>\t\t\t\t\t\t\t\t\t\t<img fetchpriority=\"high\" decoding=\"async\" width=\"850\" height=\"425\" src=\"https:\/\/recoverfisioterapia.com\/wp-content\/uploads\/2015\/11\/850x425.png\" class=\"attachment-large size-large wp-image-7480\" alt=\"\" srcset=\"https:\/\/recoverfisioterapia.com\/wp-content\/uploads\/2015\/11\/850x425.png 850w, https:\/\/recoverfisioterapia.com\/wp-content\/uploads\/2015\/11\/850x425-600x300.png 600w\" sizes=\"(max-width: 850px) 100vw, 850px\" \/>\t\t\t\t\t\t\t\t\t\t\t\t\t<\/div>\n\t\t\t\t<\/div>\n\t\t\t\t\t<\/div>\n\t\t<\/div>\n\t\t\t\t\t<\/div>\n\t\t<\/section>\n\t\t\t\t<section class=\"elementor-section elementor-top-section elementor-element elementor-element-398c429 elementor-section-boxed elementor-section-height-default elementor-section-height-default\" data-id=\"398c429\" data-element_type=\"section\">\n\t\t\t\t\t\t<div class=\"elementor-container elementor-column-gap-default\">\n\t\t\t\t\t<div class=\"elementor-column elementor-col-100 elementor-top-column elementor-element elementor-element-30810b1\" data-id=\"30810b1\" data-element_type=\"column\">\n\t\t\t<div class=\"elementor-widget-wrap elementor-element-populated\">\n\t\t\t\t\t\t<div class=\"elementor-element elementor-element-799b7e2 elementor-widget elementor-widget-text-editor\" data-id=\"799b7e2\" data-element_type=\"widget\" data-widget_type=\"text-editor.default\">\n\t\t\t\t<div class=\"elementor-widget-container\">\n\t\t\t<style>\/*! elementor - v3.20.0 - 11-03-2024 *\/\n.elementor-widget-text-editor.elementor-drop-cap-view-stacked .elementor-drop-cap{background-color:#69727d;color:#fff}.elementor-widget-text-editor.elementor-drop-cap-view-framed .elementor-drop-cap{color:#69727d;border:3px solid;background-color:transparent}.elementor-widget-text-editor:not(.elementor-drop-cap-view-default) .elementor-drop-cap{margin-top:8px}.elementor-widget-text-editor:not(.elementor-drop-cap-view-default) .elementor-drop-cap-letter{width:1em;height:1em}.elementor-widget-text-editor .elementor-drop-cap{float:left;text-align:center;line-height:1;font-size:50px}.elementor-widget-text-editor .elementor-drop-cap-letter{display:inline-block}<\/style>\t\t\t\t<p><span style=\"font-size: 18px;\">Esta es la descripci\u00f3n de una dolencia. Esta es la descripci\u00f3n de una dolencia. Esta es la descripci\u00f3n de una dolencia. Esta es la descripci\u00f3n de una dolencia. Esta es la descripci\u00f3n de una dolencia.\u00a0<\/span><\/p>\t\t\t\t\t\t<\/div>\n\t\t\t\t<\/div>\n\t\t\t\t\t<\/div>\n\t\t<\/div>\n\t\t\t\t\t<\/div>\n\t\t<\/section>\n\t\t\t\t<\/div>\n\t\t","protected":false},"excerpt":{"rendered":"<p>Esta es la descripci\u00f3n de una dolencia. Esta es la descripci\u00f3n de una dolencia. Esta es la descripci\u00f3n de una dolencia. Esta es la descripci\u00f3n de una dolencia. Esta es la descripci\u00f3n de una dolencia.\u00a0<\/p>\n","protected":false},"author":1,"featured_media":7481,"parent":0,"menu_order":0,"comment_status":"closed","ping_status":"closed","template":"","meta":{"_acf_changed":false,"_joinchat":[],"footnotes":""},"class_list":["post-8368","page","type-page","status-publish","has-post-thumbnail","hentry"],"acf":[],"_links":{"self":[{"href":"https:\/\/recoverfisioterapia.com\/es\/wp-json\/wp\/v2\/pages\/8368","targetHints":{"allow":["GET"]}}],"collection":[{"href":"https:\/\/recoverfisioterapia.com\/es\/wp-json\/wp\/v2\/pages"}],"about":[{"href":"https:\/\/recoverfisioterapia.com\/es\/wp-json\/wp\/v2\/types\/page"}],"author":[{"embeddable":true,"href":"https:\/\/recoverfisioterapia.com\/es\/wp-json\/wp\/v2\/users\/1"}],"replies":[{"embeddable":true,"href":"https:\/\/recoverfisioterapia.com\/es\/wp-json\/wp\/v2\/comments?post=8368"}],"version-history":[{"count":4,"href":"https:\/\/recoverfisioterapia.com\/es\/wp-json\/wp\/v2\/pages\/8368\/revisions"}],"predecessor-version":[{"id":8390,"href":"https:\/\/recoverfisioterapia.com\/es\/wp-json\/wp\/v2\/pages\/8368\/revisions\/8390"}],"wp:featuredmedia":[{"embeddable":true,"href":"https:\/\/recoverfisioterapia.com\/es\/wp-json\/wp\/v2\/media\/7481"}],"wp:attachment":[{"href":"https:\/\/recoverfisioterapia.com\/es\/wp-json\/wp\/v2\/media?parent=8368"}],"curies":[{"name":"wp","href":"https:\/\/api.w.org\/{rel}","templated":true}]}}