{"id":8364,"date":"2024-03-15T16:48:24","date_gmt":"2024-03-15T16:48:24","guid":{"rendered":"https:\/\/recoverfisioterapia.com\/?page_id=8364"},"modified":"2024-03-15T17:02:20","modified_gmt":"2024-03-15T17:02:20","slug":"postoperatorio","status":"publish","type":"page","link":"https:\/\/recoverfisioterapia.com\/es\/postoperatorio\/","title":{"rendered":"Postoperatorio"},"content":{"rendered":"\t\t<div data-elementor-type=\"wp-page\" data-elementor-id=\"8364\" class=\"elementor elementor-8364\">\n\t\t\t\t\t\t<section class=\"elementor-section elementor-top-section elementor-element elementor-element-dec9663 elementor-section-boxed elementor-section-height-default elementor-section-height-default\" data-id=\"dec9663\" data-element_type=\"section\">\n\t\t\t\t\t\t<div class=\"elementor-container elementor-column-gap-default\">\n\t\t\t\t\t<div class=\"elementor-column elementor-col-50 elementor-top-column elementor-element elementor-element-a55b71e\" data-id=\"a55b71e\" data-element_type=\"column\">\n\t\t\t<div class=\"elementor-widget-wrap elementor-element-populated\">\n\t\t\t\t\t\t<div class=\"elementor-element elementor-element-036af2a elementor-widget elementor-widget-image\" data-id=\"036af2a\" data-element_type=\"widget\" data-widget_type=\"image.default\">\n\t\t\t\t<div class=\"elementor-widget-container\">\n\t\t\t<style>\/*! elementor - v3.20.0 - 11-03-2024 *\/\n.elementor-widget-image{text-align:center}.elementor-widget-image a{display:inline-block}.elementor-widget-image a img[src$=\".svg\"]{width:48px}.elementor-widget-image img{vertical-align:middle;display:inline-block}<\/style>\t\t\t\t\t\t\t\t\t\t<img fetchpriority=\"high\" decoding=\"async\" width=\"700\" height=\"467\" src=\"https:\/\/recoverfisioterapia.com\/wp-content\/uploads\/2024\/03\/fisioterapia-postoperatoria.jpg\" class=\"attachment-large size-large wp-image-8185\" alt=\"\" srcset=\"https:\/\/recoverfisioterapia.com\/wp-content\/uploads\/2024\/03\/fisioterapia-postoperatoria.jpg 700w, https:\/\/recoverfisioterapia.com\/wp-content\/uploads\/2024\/03\/fisioterapia-postoperatoria-600x400.jpg 600w, https:\/\/recoverfisioterapia.com\/wp-content\/uploads\/2024\/03\/fisioterapia-postoperatoria-300x200.jpg 300w, https:\/\/recoverfisioterapia.com\/wp-content\/uploads\/2024\/03\/fisioterapia-postoperatoria-360x240.jpg 360w\" sizes=\"(max-width: 700px) 100vw, 700px\" \/>\t\t\t\t\t\t\t\t\t\t\t\t\t<\/div>\n\t\t\t\t<\/div>\n\t\t\t\t\t<\/div>\n\t\t<\/div>\n\t\t\t\t<div class=\"elementor-column elementor-col-50 elementor-top-column elementor-element elementor-element-fde4eaa\" data-id=\"fde4eaa\" data-element_type=\"column\">\n\t\t\t<div class=\"elementor-widget-wrap elementor-element-populated\">\n\t\t\t\t\t\t<div class=\"elementor-element elementor-element-ef5cbe1 elementor-widget elementor-widget-image\" data-id=\"ef5cbe1\" data-element_type=\"widget\" data-widget_type=\"image.default\">\n\t\t\t\t<div class=\"elementor-widget-container\">\n\t\t\t\t\t\t\t\t\t\t\t\t\t<img decoding=\"async\" width=\"1024\" height=\"647\" src=\"https:\/\/recoverfisioterapia.com\/wp-content\/uploads\/2024\/03\/postopera-2-1024x647.jpg\" class=\"attachment-large size-large wp-image-8192\" alt=\"\" srcset=\"https:\/\/recoverfisioterapia.com\/wp-content\/uploads\/2024\/03\/postopera-2-1024x647.jpg 1024w, https:\/\/recoverfisioterapia.com\/wp-content\/uploads\/2024\/03\/postopera-2-600x379.jpg 600w, https:\/\/recoverfisioterapia.com\/wp-content\/uploads\/2024\/03\/postopera-2-300x189.jpg 300w, https:\/\/recoverfisioterapia.com\/wp-content\/uploads\/2024\/03\/postopera-2-768x485.jpg 768w, https:\/\/recoverfisioterapia.com\/wp-content\/uploads\/2024\/03\/postopera-2-1536x970.jpg 1536w, https:\/\/recoverfisioterapia.com\/wp-content\/uploads\/2024\/03\/postopera-2.jpg 1900w\" sizes=\"(max-width: 1024px) 100vw, 1024px\" \/>\t\t\t\t\t\t\t\t\t\t\t\t\t<\/div>\n\t\t\t\t<\/div>\n\t\t\t\t\t<\/div>\n\t\t<\/div>\n\t\t\t\t\t<\/div>\n\t\t<\/section>\n\t\t\t\t<section class=\"elementor-section elementor-top-section elementor-element elementor-element-fb3e469 elementor-section-boxed elementor-section-height-default elementor-section-height-default\" data-id=\"fb3e469\" data-element_type=\"section\">\n\t\t\t\t\t\t<div class=\"elementor-container elementor-column-gap-default\">\n\t\t\t\t\t<div class=\"elementor-column elementor-col-100 elementor-top-column elementor-element elementor-element-98b1d28\" data-id=\"98b1d28\" data-element_type=\"column\">\n\t\t\t<div class=\"elementor-widget-wrap elementor-element-populated\">\n\t\t\t\t\t\t<div class=\"elementor-element elementor-element-8f2c8b1 elementor-widget elementor-widget-text-editor\" data-id=\"8f2c8b1\" data-element_type=\"widget\" data-widget_type=\"text-editor.default\">\n\t\t\t\t<div class=\"elementor-widget-container\">\n\t\t\t<style>\/*! elementor - v3.20.0 - 11-03-2024 *\/\n.elementor-widget-text-editor.elementor-drop-cap-view-stacked .elementor-drop-cap{background-color:#69727d;color:#fff}.elementor-widget-text-editor.elementor-drop-cap-view-framed .elementor-drop-cap{color:#69727d;border:3px solid;background-color:transparent}.elementor-widget-text-editor:not(.elementor-drop-cap-view-default) .elementor-drop-cap{margin-top:8px}.elementor-widget-text-editor:not(.elementor-drop-cap-view-default) .elementor-drop-cap-letter{width:1em;height:1em}.elementor-widget-text-editor .elementor-drop-cap{float:left;text-align:center;line-height:1;font-size:50px}.elementor-widget-text-editor .elementor-drop-cap-letter{display:inline-block}<\/style>\t\t\t\t<p><span style=\"font-size: 18px;\">Nuestros especialistas en fisioterapia desarrollan planes personalizados para acelerar la rehabilitaci\u00f3n despu\u00e9s de cirug\u00edas, asegurando una recuperaci\u00f3n \u00f3ptima y la restauraci\u00f3n completa de la funcionalidad.<\/span><\/p>\t\t\t\t\t\t<\/div>\n\t\t\t\t<\/div>\n\t\t\t\t\t<\/div>\n\t\t<\/div>\n\t\t\t\t\t<\/div>\n\t\t<\/section>\n\t\t\t\t<\/div>\n\t\t","protected":false},"excerpt":{"rendered":"<p>Nuestros especialistas en fisioterapia desarrollan planes personalizados para acelerar la rehabilitaci\u00f3n despu\u00e9s de cirug\u00edas, asegurando una recuperaci\u00f3n \u00f3ptima y la restauraci\u00f3n completa de la funcionalidad.<\/p>\n","protected":false},"author":1,"featured_media":8185,"parent":0,"menu_order":0,"comment_status":"closed","ping_status":"closed","template":"","meta":{"_acf_changed":false,"_joinchat":[],"footnotes":""},"class_list":["post-8364","page","type-page","status-publish","has-post-thumbnail","hentry"],"acf":[],"_links":{"self":[{"href":"https:\/\/recoverfisioterapia.com\/es\/wp-json\/wp\/v2\/pages\/8364","targetHints":{"allow":["GET"]}}],"collection":[{"href":"https:\/\/recoverfisioterapia.com\/es\/wp-json\/wp\/v2\/pages"}],"about":[{"href":"https:\/\/recoverfisioterapia.com\/es\/wp-json\/wp\/v2\/types\/page"}],"author":[{"embeddable":true,"href":"https:\/\/recoverfisioterapia.com\/es\/wp-json\/wp\/v2\/users\/1"}],"replies":[{"embeddable":true,"href":"https:\/\/recoverfisioterapia.com\/es\/wp-json\/wp\/v2\/comments?post=8364"}],"version-history":[{"count":4,"href":"https:\/\/recoverfisioterapia.com\/es\/wp-json\/wp\/v2\/pages\/8364\/revisions"}],"predecessor-version":[{"id":8384,"href":"https:\/\/recoverfisioterapia.com\/es\/wp-json\/wp\/v2\/pages\/8364\/revisions\/8384"}],"wp:featuredmedia":[{"embeddable":true,"href":"https:\/\/recoverfisioterapia.com\/es\/wp-json\/wp\/v2\/media\/8185"}],"wp:attachment":[{"href":"https:\/\/recoverfisioterapia.com\/es\/wp-json\/wp\/v2\/media?parent=8364"}],"curies":[{"name":"wp","href":"https:\/\/api.w.org\/{rel}","templated":true}]}}