{"id":8850,"date":"2024-03-20T02:38:17","date_gmt":"2024-03-20T02:38:17","guid":{"rendered":"https:\/\/recoverfisioterapia.com\/?page_id=8850"},"modified":"2024-03-20T05:10:18","modified_gmt":"2024-03-20T05:10:18","slug":"kinesio-taping","status":"publish","type":"page","link":"https:\/\/recoverfisioterapia.com\/en\/kinesio-taping\/","title":{"rendered":"Kinesio Taping"},"content":{"rendered":"<div data-elementor-type=\"wp-page\" data-elementor-id=\"8850\" class=\"elementor elementor-8850\">\n\t\t\t\t\t\t<section class=\"elementor-section elementor-top-section elementor-element elementor-element-2a0c66a elementor-section-boxed elementor-section-height-default elementor-section-height-default\" data-id=\"2a0c66a\" data-element_type=\"section\">\n\t\t\t\t\t\t<div class=\"elementor-container elementor-column-gap-default\">\n\t\t\t\t\t<div class=\"elementor-column elementor-col-100 elementor-top-column elementor-element elementor-element-5b6581e\" data-id=\"5b6581e\" data-element_type=\"column\">\n\t\t\t<div class=\"elementor-widget-wrap elementor-element-populated\">\n\t\t\t\t\t\t<div class=\"elementor-element elementor-element-4f13183 elementor-widget elementor-widget-image\" data-id=\"4f13183\" data-element_type=\"widget\" data-widget_type=\"image.default\">\n\t\t\t\t<div class=\"elementor-widget-container\">\n\t\t\t<style>\/*! elementor - v3.20.0 - 11-03-2024 *\/\n.elementor-widget-image{text-align:center}.elementor-widget-image a{display:inline-block}.elementor-widget-image a img[src$=\".svg\"]{width:48px}.elementor-widget-image img{vertical-align:middle;display:inline-block}<\/style>\t\t\t\t\t\t\t\t\t\t<img fetchpriority=\"high\" decoding=\"async\" width=\"1024\" height=\"400\" src=\"https:\/\/recoverfisioterapia.com\/wp-content\/uploads\/2024\/03\/Kinesio-taping-0910-1280x500-1-1024x400.webp\" class=\"attachment-large size-large wp-image-8851\" alt=\"\" srcset=\"https:\/\/recoverfisioterapia.com\/wp-content\/uploads\/2024\/03\/Kinesio-taping-0910-1280x500-1-1024x400.webp 1024w, https:\/\/recoverfisioterapia.com\/wp-content\/uploads\/2024\/03\/Kinesio-taping-0910-1280x500-1-300x117.webp 300w, https:\/\/recoverfisioterapia.com\/wp-content\/uploads\/2024\/03\/Kinesio-taping-0910-1280x500-1-768x300.webp 768w, https:\/\/recoverfisioterapia.com\/wp-content\/uploads\/2024\/03\/Kinesio-taping-0910-1280x500-1-18x7.webp 18w, https:\/\/recoverfisioterapia.com\/wp-content\/uploads\/2024\/03\/Kinesio-taping-0910-1280x500-1-600x234.webp 600w, https:\/\/recoverfisioterapia.com\/wp-content\/uploads\/2024\/03\/Kinesio-taping-0910-1280x500-1.webp 1280w\" sizes=\"(max-width: 1024px) 100vw, 1024px\" \/>\t\t\t\t\t\t\t\t\t\t\t\t\t<\/div>\n\t\t\t\t<\/div>\n\t\t\t\t\t<\/div>\n\t\t<\/div>\n\t\t\t\t\t<\/div>\n\t\t<\/section>\n\t\t\t\t<section class=\"elementor-section elementor-top-section elementor-element elementor-element-b3c896f elementor-section-boxed elementor-section-height-default elementor-section-height-default\" data-id=\"b3c896f\" data-element_type=\"section\">\n\t\t\t\t\t\t<div class=\"elementor-container elementor-column-gap-default\">\n\t\t\t\t\t<div class=\"elementor-column elementor-col-100 elementor-top-column elementor-element elementor-element-006b84e\" data-id=\"006b84e\" data-element_type=\"column\">\n\t\t\t<div class=\"elementor-widget-wrap elementor-element-populated\">\n\t\t\t\t\t\t<div class=\"elementor-element elementor-element-00c8fbe elementor-widget elementor-widget-text-editor\" data-id=\"00c8fbe\" data-element_type=\"widget\" data-widget_type=\"text-editor.default\">\n\t\t\t\t<div class=\"elementor-widget-container\">\n\t\t\t<style>\/*! elementor - v3.20.0 - 11-03-2024 *\/\n.elementor-widget-text-editor.elementor-drop-cap-view-stacked .elementor-drop-cap{background-color:#69727d;color:#fff}.elementor-widget-text-editor.elementor-drop-cap-view-framed .elementor-drop-cap{color:#69727d;border:3px solid;background-color:transparent}.elementor-widget-text-editor:not(.elementor-drop-cap-view-default) .elementor-drop-cap{margin-top:8px}.elementor-widget-text-editor:not(.elementor-drop-cap-view-default) .elementor-drop-cap-letter{width:1em;height:1em}.elementor-widget-text-editor .elementor-drop-cap{float:left;text-align:center;line-height:1;font-size:50px}.elementor-widget-text-editor .elementor-drop-cap-letter{display:inline-block}<\/style>\t\t\t\t<h1>Heal your sports injuries faster with Kinesio Taping\u00a0<\/h1><p>Kinesio Taping can provide the relief you\u2019re looking for. Recover Fisioterapia &amp; Rehabilitacion offers this therapy to help relieve pain, support recovery, increase mobility, improve range of motion, and\u2014most importantly\u2014help you get back to the activities you love!<\/p><h1>What can I gain from Kinesio Taping?<\/h1><p>Kinesio Taping helps restore function by supporting the repair of disrupted connections between the skin and the underlying muscles, joints, and tendons. It can also help reduce pain by decreasing the pain signals sent to the brain. When fewer pain signals are received, the muscles in the affected area can relax, and the risk of spasms may decrease significantly. \nPain and protective tension can limit blood flow and movement in the affected area, but as pain improves, circulation and mobility can be restored.<\/p><p>There are many reasons why this taping technique can be beneficial in your healing process! These include, but are not limited to:<\/p><ul><li><strong>Reduced swelling<\/strong>: Helps decrease swelling caused by surgery, injury, or overuse by reducing pressure between the skin and the tissues underneath. This allows trapped fluid to move more freely and supports better movement in the affected area.<\/li><\/ul><ul><li><strong>Pain relief<\/strong>: The brain receives fewer pain signals from the affected area because pain receptors are stimulated less, allowing the muscles to relax. This can lead to improved mobility, faster recovery, and a more comfortable overall treatment experience.<\/li><\/ul><ul><li><strong>Joint stabilization<\/strong>: Some conditions can make it difficult for joints to stay properly aligned. Kinesio Tape can help stabilize and support these joints while still allowing movement through their intended range of motion.<\/li><\/ul><ul><li><strong>Scar tissue management<\/strong>: Healing after trauma may lead to thick scar tissue forming around the affected area, which can restrict movement signals. Kinesio Tape can help gently lift and stretch scar tissue, improving mobility and making movement feel easier.<\/li><\/ul><h1>How is Kinesio Taping performed?<\/h1><p>During your first visit, our physical therapist will carry out a thorough evaluation to determine whether Kinesio Taping is the best option for your treatment plan. Our therapists will apply Kinesio Tape to the affected area, as well as to any other parts of your body that may be causing discomfort or stiffness. Based on your specific needs, a variety of exercises and therapeutic techniques may also be incorporated into your treatment plan.<\/p><p>Many of our patients have found that Kinesio Taping has helped them return to their normal daily routines without lingering discomfort or stiffness!<\/p>\t\t\t\t\t\t<\/div>\n\t\t\t\t<\/div>\n\t\t\t\t\t<\/div>\n\t\t<\/div>\n\t\t\t\t\t<\/div>\n\t\t<\/section>\n\t\t\t\t<\/div>","protected":false},"excerpt":{"rendered":"<p>Cura tus lesiones deportivas m\u00e1s r\u00e1pido con Kinesio Taping\u00a0 El Kinesio Taping puede brindarle el alivio que est\u00e1 buscando. Recover Fisioterapia &amp; Rehabilitaci\u00f3n ofrece este tipo de terapia para ayudar a aliviar el dolor, promover la recuperaci\u00f3n, aumentar la movilidad, mejorar el rango de movimiento y, lo que es m\u00e1s importante, \u00a1para que pueda volver [&hellip;]<\/p>","protected":false},"author":1,"featured_media":8851,"parent":0,"menu_order":0,"comment_status":"closed","ping_status":"closed","template":"","meta":{"_acf_changed":false,"_joinchat":[],"footnotes":""},"class_list":["post-8850","page","type-page","status-publish","has-post-thumbnail","hentry"],"acf":[],"_links":{"self":[{"href":"https:\/\/recoverfisioterapia.com\/en\/wp-json\/wp\/v2\/pages\/8850","targetHints":{"allow":["GET"]}}],"collection":[{"href":"https:\/\/recoverfisioterapia.com\/en\/wp-json\/wp\/v2\/pages"}],"about":[{"href":"https:\/\/recoverfisioterapia.com\/en\/wp-json\/wp\/v2\/types\/page"}],"author":[{"embeddable":true,"href":"https:\/\/recoverfisioterapia.com\/en\/wp-json\/wp\/v2\/users\/1"}],"replies":[{"embeddable":true,"href":"https:\/\/recoverfisioterapia.com\/en\/wp-json\/wp\/v2\/comments?post=8850"}],"version-history":[{"count":11,"href":"https:\/\/recoverfisioterapia.com\/en\/wp-json\/wp\/v2\/pages\/8850\/revisions"}],"predecessor-version":[{"id":8939,"href":"https:\/\/recoverfisioterapia.com\/en\/wp-json\/wp\/v2\/pages\/8850\/revisions\/8939"}],"wp:featuredmedia":[{"embeddable":true,"href":"https:\/\/recoverfisioterapia.com\/en\/wp-json\/wp\/v2\/media\/8851"}],"wp:attachment":[{"href":"https:\/\/recoverfisioterapia.com\/en\/wp-json\/wp\/v2\/media?parent=8850"}],"curies":[{"name":"wp","href":"https:\/\/api.w.org\/{rel}","templated":true}]}}