{"id":8794,"date":"2024-03-19T01:09:07","date_gmt":"2024-03-19T01:09:07","guid":{"rendered":"https:\/\/recoverfisioterapia.com\/?page_id=8794"},"modified":"2024-03-19T01:19:15","modified_gmt":"2024-03-19T01:19:15","slug":"rehabilitacion-pre-operatoria","status":"publish","type":"page","link":"https:\/\/recoverfisioterapia.com\/en\/rehabilitacion-pre-operatoria\/","title":{"rendered":"Pre-Operative Rehabilitation"},"content":{"rendered":"<div data-elementor-type=\"wp-page\" data-elementor-id=\"8794\" class=\"elementor elementor-8794\">\n\t\t\t\t\t\t<section class=\"elementor-section elementor-top-section elementor-element elementor-element-40cfd9e elementor-section-boxed elementor-section-height-default elementor-section-height-default\" data-id=\"40cfd9e\" data-element_type=\"section\">\n\t\t\t\t\t\t<div class=\"elementor-container elementor-column-gap-default\">\n\t\t\t\t\t<div class=\"elementor-column elementor-col-100 elementor-top-column elementor-element elementor-element-aa1a9d8\" data-id=\"aa1a9d8\" data-element_type=\"column\">\n\t\t\t<div class=\"elementor-widget-wrap elementor-element-populated\">\n\t\t\t\t\t\t<div class=\"elementor-element elementor-element-8522933 elementor-widget elementor-widget-image\" data-id=\"8522933\" data-element_type=\"widget\" data-widget_type=\"image.default\">\n\t\t\t\t<div class=\"elementor-widget-container\">\n\t\t\t<style>\/*! elementor - v3.20.0 - 11-03-2024 *\/\n.elementor-widget-image{text-align:center}.elementor-widget-image a{display:inline-block}.elementor-widget-image a img[src$=\".svg\"]{width:48px}.elementor-widget-image img{vertical-align:middle;display:inline-block}<\/style>\t\t\t\t\t\t\t\t\t\t<img fetchpriority=\"high\" decoding=\"async\" width=\"1024\" height=\"400\" src=\"https:\/\/recoverfisioterapia.com\/wp-content\/uploads\/2024\/03\/Fisioterapia-Pre-Operatoria-1280x500-1-1024x400.webp\" class=\"attachment-large size-large wp-image-8795\" alt=\"\" srcset=\"https:\/\/recoverfisioterapia.com\/wp-content\/uploads\/2024\/03\/Fisioterapia-Pre-Operatoria-1280x500-1-1024x400.webp 1024w, https:\/\/recoverfisioterapia.com\/wp-content\/uploads\/2024\/03\/Fisioterapia-Pre-Operatoria-1280x500-1-300x117.webp 300w, https:\/\/recoverfisioterapia.com\/wp-content\/uploads\/2024\/03\/Fisioterapia-Pre-Operatoria-1280x500-1-768x300.webp 768w, https:\/\/recoverfisioterapia.com\/wp-content\/uploads\/2024\/03\/Fisioterapia-Pre-Operatoria-1280x500-1-18x7.webp 18w, https:\/\/recoverfisioterapia.com\/wp-content\/uploads\/2024\/03\/Fisioterapia-Pre-Operatoria-1280x500-1-600x234.webp 600w, https:\/\/recoverfisioterapia.com\/wp-content\/uploads\/2024\/03\/Fisioterapia-Pre-Operatoria-1280x500-1.webp 1280w\" sizes=\"(max-width: 1024px) 100vw, 1024px\" \/>\t\t\t\t\t\t\t\t\t\t\t\t\t<\/div>\n\t\t\t\t<\/div>\n\t\t\t\t\t<\/div>\n\t\t<\/div>\n\t\t\t\t\t<\/div>\n\t\t<\/section>\n\t\t\t\t<section class=\"elementor-section elementor-top-section elementor-element elementor-element-5092f3c elementor-section-boxed elementor-section-height-default elementor-section-height-default\" data-id=\"5092f3c\" data-element_type=\"section\">\n\t\t\t\t\t\t<div class=\"elementor-container elementor-column-gap-default\">\n\t\t\t\t\t<div class=\"elementor-column elementor-col-100 elementor-top-column elementor-element elementor-element-c2a2fa1\" data-id=\"c2a2fa1\" data-element_type=\"column\">\n\t\t\t<div class=\"elementor-widget-wrap elementor-element-populated\">\n\t\t\t\t\t\t<div class=\"elementor-element elementor-element-a79a625 elementor-widget elementor-widget-text-editor\" data-id=\"a79a625\" data-element_type=\"widget\" data-widget_type=\"text-editor.default\">\n\t\t\t\t<div class=\"elementor-widget-container\">\n\t\t\t<style>\/*! elementor - v3.20.0 - 11-03-2024 *\/\n.elementor-widget-text-editor.elementor-drop-cap-view-stacked .elementor-drop-cap{background-color:#69727d;color:#fff}.elementor-widget-text-editor.elementor-drop-cap-view-framed .elementor-drop-cap{color:#69727d;border:3px solid;background-color:transparent}.elementor-widget-text-editor:not(.elementor-drop-cap-view-default) .elementor-drop-cap{margin-top:8px}.elementor-widget-text-editor:not(.elementor-drop-cap-view-default) .elementor-drop-cap-letter{width:1em;height:1em}.elementor-widget-text-editor .elementor-drop-cap{float:left;text-align:center;line-height:1;font-size:50px}.elementor-widget-text-editor .elementor-drop-cap-letter{display:inline-block}<\/style>\t\t\t\t<h1>\u00bfHay una operaci\u00f3n en el horizonte para usted? Adel\u00e1ntese al juego de la recuperaci\u00f3n con fisioterapia<\/h1><p>Muchas personas realizan ejercicios de fisioterapia posoperatoria como parte de su plan de recuperaci\u00f3n, lo que es beneficioso para el proceso de curaci\u00f3n. Completar el plan de recuperaci\u00f3n preoperatorio, por otro lado, \u00a1viene con una gran cantidad de beneficios!<\/p><p>\u00a0<\/p><h1>La rehabilitaci\u00f3n preventiva puede acelerar su proceso de recuperaci\u00f3n<\/h1><p>Participar en el tratamiento de ejercicio prequir\u00fargico mejorar\u00e1 sus resultados posoperatorios y reducir\u00e1 su tiempo de recuperaci\u00f3n.<\/p><p>Los ejercicios preoperatorios est\u00e1n dise\u00f1ados para mejorar el rango de movimiento y los patrones de movimiento antes y despu\u00e9s de la cirug\u00eda. La rehabilitaci\u00f3n prevetiva ayuda al cuerpo a prepararse para la cirug\u00eda aumentando la intensidad del ejercicio y haciendo que el dolor sea m\u00e1s manejable.<\/p><p>Si es lo m\u00e1s fuerte, flexible y saludable posible antes de la cirug\u00eda, podr\u00e1 volver a su funcionamiento normal despu\u00e9s de la cirug\u00eda mucho m\u00e1s r\u00e1pido.<\/p><p>\u00a0<\/p><h1>Beneficios de tener fisioterapia antes de la cirug\u00eda<\/h1><p>Comenzar un programa de fisioterapia prequir\u00fargica significa que podr\u00e1 establecer una rutina de entrenamiento positiva antes de la cirug\u00eda que podr\u00e1 continuar durante su recuperaci\u00f3n. Aqu\u00ed hay seis grandes razones para someterse a fisioterapia antes de someterse a una cirug\u00eda:<\/p><ul><li><strong>La fisioterapia puede mejorar tu resistencia<\/strong>: Una persona pr\u00e1cticamente siempre siente una p\u00e9rdida de fuerza y control sobre sus cuerpos y niveles de energ\u00eda despu\u00e9s de un procedimiento. La rehabilitaci\u00f3n preventiva puede ayudar a reducir la cantidad de poder y control perdidos antes de la cirug\u00eda al mejorar la flexibilidad de una persona y aumentar su resistencia general.<\/li><\/ul><ul><li><strong>La rehabilitaci\u00f3n preventiva puede ayudar a aliviar su dolor desde el principio<\/strong>: Nuestros fisioterapeutas pueden disminuir su sufrimiento actual y la probabilidad de que tenga un dolor intenso despu\u00e9s. Para ayudar, aliviar o eliminar su dolor, se pueden usar una variedad de enfoques, como ejercicio, masajes o tratamientos con fr\u00edo y calor.<\/li><\/ul><ul><li><strong>La fisioterapia puede disminuir el riesgo de desarrollar complicaciones despu\u00e9s de la cirug\u00eda<\/strong>: Las t\u00e9cnicas de fisioterapia pueden ayudarlo a aumentar su fuerza y resistencia. Como resultado, mejorar\u00e1 la inmunidad general, lo que har\u00e1 que la infecci\u00f3n despu\u00e9s de la cirug\u00eda sea mucho menos probable.<\/li><\/ul><ul><li><strong>La rehabilitaci\u00f3n preventiva disminuye el tiempo de recuperaci\u00f3n<\/strong>: Tener m\u00fasculos fuertes antes de la cirug\u00eda le ayuda a volver a su rutina mucho m\u00e1s r\u00e1pido. Su recuperaci\u00f3n deber\u00eda ser mucho m\u00e1s fluida si elige completar un programa de rehabilitaci\u00f3n antes de su cirug\u00eda.<\/li><\/ul><ul><li><strong>La rehabilitaci\u00f3n antes de la cirug\u00eda mejora el resultado general de la operaci\u00f3n<\/strong>: Cuanto m\u00e1s fuerte est\u00e9 antes de la cirug\u00eda, m\u00e1s probable es que la cirug\u00eda tenga \u00e9xito. La Rehabilitaci\u00f3n preventiva puede mejorar los resultados generales de la cirug\u00eda e incluso puede ayudar a ahorrar dinero si todo sale bien.<\/li><\/ul><ul><li><strong>\u00a1Es posible que pueda evitar la cirug\u00eda por completo!<\/strong>: S\u00ed, lo leiste bien. Es posible que sus terapias previas a la rehabilitaci\u00f3n sean tan efectivas para aliviar su dolor y mejorar su salud en general que podr\u00e1 evitar la cirug\u00eda por completo. Si su salud mejora significativamente despu\u00e9s de comenzar la fisioterapia, hable con su m\u00e9dico acerca de sus opciones de tratamiento futuro y la posibilidad de evitar la cirug\u00eda.<\/li><\/ul>\t\t\t\t\t\t<\/div>\n\t\t\t\t<\/div>\n\t\t\t\t\t<\/div>\n\t\t<\/div>\n\t\t\t\t\t<\/div>\n\t\t<\/section>\n\t\t\t\t<\/div>","protected":false},"excerpt":{"rendered":"<p>\u00bfHay una operaci\u00f3n en el horizonte para usted? Adel\u00e1ntese al juego de la recuperaci\u00f3n con fisioterapia Muchas personas realizan ejercicios de fisioterapia posoperatoria como parte de su plan de recuperaci\u00f3n, lo que es beneficioso para el proceso de curaci\u00f3n. Completar el plan de recuperaci\u00f3n preoperatorio, por otro lado, \u00a1viene con una gran cantidad de beneficios! [&hellip;]<\/p>","protected":false},"author":1,"featured_media":8795,"parent":0,"menu_order":0,"comment_status":"closed","ping_status":"closed","template":"","meta":{"_acf_changed":false,"_joinchat":[],"footnotes":""},"class_list":["post-8794","page","type-page","status-publish","has-post-thumbnail","hentry"],"acf":[],"_links":{"self":[{"href":"https:\/\/recoverfisioterapia.com\/en\/wp-json\/wp\/v2\/pages\/8794","targetHints":{"allow":["GET"]}}],"collection":[{"href":"https:\/\/recoverfisioterapia.com\/en\/wp-json\/wp\/v2\/pages"}],"about":[{"href":"https:\/\/recoverfisioterapia.com\/en\/wp-json\/wp\/v2\/types\/page"}],"author":[{"embeddable":true,"href":"https:\/\/recoverfisioterapia.com\/en\/wp-json\/wp\/v2\/users\/1"}],"replies":[{"embeddable":true,"href":"https:\/\/recoverfisioterapia.com\/en\/wp-json\/wp\/v2\/comments?post=8794"}],"version-history":[{"count":5,"href":"https:\/\/recoverfisioterapia.com\/en\/wp-json\/wp\/v2\/pages\/8794\/revisions"}],"predecessor-version":[{"id":8801,"href":"https:\/\/recoverfisioterapia.com\/en\/wp-json\/wp\/v2\/pages\/8794\/revisions\/8801"}],"wp:featuredmedia":[{"embeddable":true,"href":"https:\/\/recoverfisioterapia.com\/en\/wp-json\/wp\/v2\/media\/8795"}],"wp:attachment":[{"href":"https:\/\/recoverfisioterapia.com\/en\/wp-json\/wp\/v2\/media?parent=8794"}],"curies":[{"name":"wp","href":"https:\/\/api.w.org\/{rel}","templated":true}]}}