{"id":8781,"date":"2024-03-19T00:30:49","date_gmt":"2024-03-19T00:30:49","guid":{"rendered":"https:\/\/recoverfisioterapia.com\/?page_id=8781"},"modified":"2024-03-19T00:40:07","modified_gmt":"2024-03-19T00:40:07","slug":"mareos-y-vertigo","status":"publish","type":"page","link":"https:\/\/recoverfisioterapia.com\/en\/mareos-y-vertigo\/","title":{"rendered":"Dizziness and Vertigo"},"content":{"rendered":"<div data-elementor-type=\"wp-page\" data-elementor-id=\"8781\" class=\"elementor elementor-8781\">\n\t\t\t\t\t\t<section class=\"elementor-section elementor-top-section elementor-element elementor-element-1a845c5 elementor-section-boxed elementor-section-height-default elementor-section-height-default\" data-id=\"1a845c5\" data-element_type=\"section\">\n\t\t\t\t\t\t<div class=\"elementor-container elementor-column-gap-default\">\n\t\t\t\t\t<div class=\"elementor-column elementor-col-100 elementor-top-column elementor-element elementor-element-dd6b099\" data-id=\"dd6b099\" data-element_type=\"column\">\n\t\t\t<div class=\"elementor-widget-wrap elementor-element-populated\">\n\t\t\t\t\t\t<div class=\"elementor-element elementor-element-3e27402 elementor-widget elementor-widget-image\" data-id=\"3e27402\" data-element_type=\"widget\" data-widget_type=\"image.default\">\n\t\t\t\t<div class=\"elementor-widget-container\">\n\t\t\t<style>\/*! elementor - v3.20.0 - 11-03-2024 *\/\n.elementor-widget-image{text-align:center}.elementor-widget-image a{display:inline-block}.elementor-widget-image a img[src$=\".svg\"]{width:48px}.elementor-widget-image img{vertical-align:middle;display:inline-block}<\/style>\t\t\t\t\t\t\t\t\t\t<img fetchpriority=\"high\" decoding=\"async\" width=\"1024\" height=\"400\" src=\"https:\/\/recoverfisioterapia.com\/wp-content\/uploads\/2024\/03\/Mareos-y-Vertigo-1280x500-1-1024x400.webp\" class=\"attachment-large size-large wp-image-8782\" alt=\"\" srcset=\"https:\/\/recoverfisioterapia.com\/wp-content\/uploads\/2024\/03\/Mareos-y-Vertigo-1280x500-1-1024x400.webp 1024w, https:\/\/recoverfisioterapia.com\/wp-content\/uploads\/2024\/03\/Mareos-y-Vertigo-1280x500-1-300x117.webp 300w, https:\/\/recoverfisioterapia.com\/wp-content\/uploads\/2024\/03\/Mareos-y-Vertigo-1280x500-1-768x300.webp 768w, https:\/\/recoverfisioterapia.com\/wp-content\/uploads\/2024\/03\/Mareos-y-Vertigo-1280x500-1-18x7.webp 18w, https:\/\/recoverfisioterapia.com\/wp-content\/uploads\/2024\/03\/Mareos-y-Vertigo-1280x500-1-600x234.webp 600w, https:\/\/recoverfisioterapia.com\/wp-content\/uploads\/2024\/03\/Mareos-y-Vertigo-1280x500-1.webp 1280w\" sizes=\"(max-width: 1024px) 100vw, 1024px\" \/>\t\t\t\t\t\t\t\t\t\t\t\t\t<\/div>\n\t\t\t\t<\/div>\n\t\t\t\t\t<\/div>\n\t\t<\/div>\n\t\t\t\t\t<\/div>\n\t\t<\/section>\n\t\t\t\t<section class=\"elementor-section elementor-top-section elementor-element elementor-element-fd377f7 elementor-section-boxed elementor-section-height-default elementor-section-height-default\" data-id=\"fd377f7\" data-element_type=\"section\">\n\t\t\t\t\t\t<div class=\"elementor-container elementor-column-gap-default\">\n\t\t\t\t\t<div class=\"elementor-column elementor-col-100 elementor-top-column elementor-element elementor-element-57f3bfe\" data-id=\"57f3bfe\" data-element_type=\"column\">\n\t\t\t<div class=\"elementor-widget-wrap elementor-element-populated\">\n\t\t\t\t\t\t<div class=\"elementor-element elementor-element-89f1d8c elementor-widget elementor-widget-text-editor\" data-id=\"89f1d8c\" data-element_type=\"widget\" data-widget_type=\"text-editor.default\">\n\t\t\t\t<div class=\"elementor-widget-container\">\n\t\t\t<style>\/*! elementor - v3.20.0 - 11-03-2024 *\/\n.elementor-widget-text-editor.elementor-drop-cap-view-stacked .elementor-drop-cap{background-color:#69727d;color:#fff}.elementor-widget-text-editor.elementor-drop-cap-view-framed .elementor-drop-cap{color:#69727d;border:3px solid;background-color:transparent}.elementor-widget-text-editor:not(.elementor-drop-cap-view-default) .elementor-drop-cap{margin-top:8px}.elementor-widget-text-editor:not(.elementor-drop-cap-view-default) .elementor-drop-cap-letter{width:1em;height:1em}.elementor-widget-text-editor .elementor-drop-cap{float:left;text-align:center;line-height:1;font-size:50px}.elementor-widget-text-editor .elementor-drop-cap-letter{display:inline-block}<\/style>\t\t\t\t<h1>\u00bfTiene problemas para mantenerse erguido?<\/h1><p>Estar mareado es una sensaci\u00f3n extra\u00f1a, especialmente cuando ocurre sin previo aviso. \u00bfSu mareo dura m\u00e1s de unos pocos segundos? \u00bfEst\u00e1 teniendo un efecto en su vida cotidiana? Si respondi\u00f3 \u00abs\u00ed\u00bb, uno de nuestros fisioterapeutas puede ayudarlo a encontrar una soluci\u00f3n a largo plazo para su problema. Estos son los s\u00edntomas de Mareos y V\u00e9rtigo.<\/p><p>\u00a0<\/p><h1>S\u00edntomas de mareos<\/h1><p>Los mareos pueden ser causados por una variedad de factores, que incluyen la falta de sue\u00f1o, una dieta deficiente, ejercicio excesivo o una enfermedad f\u00edsica como un resfriado o gripe. Tambi\u00e9n puede ser causado por algo tan simple como levantarse demasiado r\u00e1pido despu\u00e9s de acostarse o sentarse por un rato. Los mareos pueden ir acompa\u00f1ados de los siguientes s\u00edntomas:<\/p><ul><li>P\u00e9rdida del equilibrio<\/li><\/ul><ul><li>Sensaci\u00f3n de desmayo<\/li><\/ul><ul><li>Visi\u00f3n de t\u00fanel<\/li><\/ul><ul><li>Mareos o mareos pesados<\/li><\/ul><p>La mejor manera de conocer el origen de sus mareos es visitar a un m\u00e9dico. Puede haber otro factor subyacente que no conozca.<\/p><p>\u00a0<\/p><h1>\u00bfPodr\u00eda tener v\u00e9rtigo?<\/h1><p>El v\u00e9rtigo es una reacci\u00f3n fisiol\u00f3gica que provoca un desequilibrio literal en su cuerpo. El v\u00e9rtigo puede ser extremadamente dif\u00edcil de manejar porque puede alterar su rutina diaria y su estilo de vida. Incluso mientras est\u00e1 sentado, el v\u00e9rtigo lo har\u00e1 sentir como si estuviera \u201cmeci\u00e9ndose\u201d o \u201cdando vueltas\u201d. Podr\u00edas sentir que est\u00e1s en una monta\u00f1a rusa, pero no te confundas, \u00a1no es una sensaci\u00f3n divertida!<\/p><p>La causa m\u00e1s com\u00fan de v\u00e9rtigo es un desequilibrio en el o\u00eddo interno, tambi\u00e9n conocido como \u201csistema vestibular\u201d. Su sistema vestibular ayuda a mantener el equilibrio y el centro de gravedad al transmitir se\u00f1ales sobre su movimiento a su cerebro. Si este sistema est\u00e1 da\u00f1ado o no funciona correctamente, los impulsos necesarios para mantener el equilibrio no pueden llegar al cerebro.<\/p><p>Est\u00e9 atento a estos otros s\u00edntomas espec\u00edficos tambi\u00e9n con respecto al v\u00e9rtigo:<\/p><ul><li>Sudoraci\u00f3n<\/li><\/ul><ul><li>Abnormal eye movements<\/li><\/ul><ul><li>Debilidad en brazos y piernas<\/li><\/ul><ul><li>Dificultad con la visi\u00f3n y el habla<\/li><\/ul><ul><li>Incapaz de concentrarse o mantenerse alerta<\/li><\/ul><ul><li>N\u00e1useas y v\u00f3mitos<\/li><\/ul><ul><li>Visi\u00f3n doble<\/li><\/ul><p>\u00a0<\/p><h1>\u00bfEst\u00e1 viviendo con alguna de estas condiciones?<\/h1><p>Varias condiciones o eventos pueden provocar v\u00e9rtigo o problemas de mareo y equilibrio:<\/p><ul><li>Neuritis vestibular: Esta es una infecci\u00f3n del o\u00eddo interno que puede causar v\u00e9rtigo.<\/li><\/ul><ul><li>Migra\u00f1as: Pueden impactar en el sistema vestibular, provocando episodios de v\u00e9rtigo que en ocasiones van acompa\u00f1ados de sensibilidad a la luz o al sonido. Es posible que su visi\u00f3n tambi\u00e9n se vea afectada.<\/li><\/ul><ul><li>V\u00e9rtigo postural parox\u00edstico benigno (VPPB): Esta es la fuente m\u00e1s com\u00fan de v\u00e9rtigo. Ocurre cuando peque\u00f1os cristales de calcio en los o\u00eddos se rompen y viajan a varias \u00e1reas del o\u00eddo donde se supone que no deben estar. Esto puede causar giros repentinos (v\u00e9rtigo) y molestias en el o\u00eddo interno.<\/li><\/ul><ul><li>Enfermedad de Meniere: Esto sucede cuando el l\u00edquido se acumula en su(s) o\u00eddo(s). Esto normalmente implica un \u00abzumbido\u00bb en el o\u00eddo y olas inesperadas de mareos extremos que pueden durar horas. Tambi\u00e9n puede experimentar una p\u00e9rdida auditiva temporal.<\/li><\/ul><ul><li>Infarto cerebral: Influye en el movimiento de todo el cuerpo. Si recientemente ha tenido un infarto cerebral, puede sentir ondas de v\u00e9rtigo que pueden durar per\u00edodos prolongados.<\/li><\/ul><p>Si alguno de estos te suena, es probable que tu equilibrio se haya visto afectado negativamente y podr\u00edas necesitar la ayuda de un fisioterapeuta.<\/p><p>\u00a0<\/p><h1>\u00a1Permite que Recover te ayude a volver a ponerte de pie!<\/h1><p>Los mareos y el v\u00e9rtigo pueden afectar negativamente su vida diaria, limitando su capacidad para realizar incluso las tareas m\u00e1s b\u00e1sicas. Nuestro fisioterapeuta examinar\u00e1 su condici\u00f3n y crear\u00e1 un plan de tratamiento que abordar\u00e1 sus inquietudes y al mismo tiempo mejorar\u00e1 la estabilidad de su pie.<\/p>\t\t\t\t\t\t<\/div>\n\t\t\t\t<\/div>\n\t\t\t\t\t<\/div>\n\t\t<\/div>\n\t\t\t\t\t<\/div>\n\t\t<\/section>\n\t\t\t\t<\/div>","protected":false},"excerpt":{"rendered":"<p>\u00bfTiene problemas para mantenerse erguido? Estar mareado es una sensaci\u00f3n extra\u00f1a, especialmente cuando ocurre sin previo aviso. \u00bfSu mareo dura m\u00e1s de unos pocos segundos? \u00bfEst\u00e1 teniendo un efecto en su vida cotidiana? Si respondi\u00f3 \u00abs\u00ed\u00bb, uno de nuestros fisioterapeutas puede ayudarlo a encontrar una soluci\u00f3n a largo plazo para su problema. Estos son los [&hellip;]<\/p>","protected":false},"author":1,"featured_media":8782,"parent":0,"menu_order":0,"comment_status":"closed","ping_status":"closed","template":"","meta":{"_acf_changed":false,"_joinchat":[],"footnotes":""},"class_list":["post-8781","page","type-page","status-publish","has-post-thumbnail","hentry"],"acf":[],"_links":{"self":[{"href":"https:\/\/recoverfisioterapia.com\/en\/wp-json\/wp\/v2\/pages\/8781","targetHints":{"allow":["GET"]}}],"collection":[{"href":"https:\/\/recoverfisioterapia.com\/en\/wp-json\/wp\/v2\/pages"}],"about":[{"href":"https:\/\/recoverfisioterapia.com\/en\/wp-json\/wp\/v2\/types\/page"}],"author":[{"embeddable":true,"href":"https:\/\/recoverfisioterapia.com\/en\/wp-json\/wp\/v2\/users\/1"}],"replies":[{"embeddable":true,"href":"https:\/\/recoverfisioterapia.com\/en\/wp-json\/wp\/v2\/comments?post=8781"}],"version-history":[{"count":4,"href":"https:\/\/recoverfisioterapia.com\/en\/wp-json\/wp\/v2\/pages\/8781\/revisions"}],"predecessor-version":[{"id":8787,"href":"https:\/\/recoverfisioterapia.com\/en\/wp-json\/wp\/v2\/pages\/8781\/revisions\/8787"}],"wp:featuredmedia":[{"embeddable":true,"href":"https:\/\/recoverfisioterapia.com\/en\/wp-json\/wp\/v2\/media\/8782"}],"wp:attachment":[{"href":"https:\/\/recoverfisioterapia.com\/en\/wp-json\/wp\/v2\/media?parent=8781"}],"curies":[{"name":"wp","href":"https:\/\/api.w.org\/{rel}","templated":true}]}}