{"id":8639,"date":"2024-03-18T18:04:36","date_gmt":"2024-03-18T18:04:36","guid":{"rendered":"https:\/\/recoverfisioterapia.com\/?page_id=8639"},"modified":"2024-03-18T18:49:12","modified_gmt":"2024-03-18T18:49:12","slug":"dolor-de-hombro","status":"publish","type":"page","link":"http:\/\/recoverfisioterapia.com\/es\/dolor-de-hombro\/","title":{"rendered":"Dolor de Hombro"},"content":{"rendered":"\t\t<div data-elementor-type=\"wp-page\" data-elementor-id=\"8639\" class=\"elementor elementor-8639\">\n\t\t\t\t\t\t<section class=\"elementor-section elementor-top-section elementor-element elementor-element-1aedc53 elementor-section-boxed elementor-section-height-default elementor-section-height-default\" data-id=\"1aedc53\" data-element_type=\"section\">\n\t\t\t\t\t\t<div class=\"elementor-container elementor-column-gap-default\">\n\t\t\t\t\t<div class=\"elementor-column elementor-col-100 elementor-top-column elementor-element elementor-element-21528fd\" data-id=\"21528fd\" data-element_type=\"column\">\n\t\t\t<div class=\"elementor-widget-wrap elementor-element-populated\">\n\t\t\t\t\t\t<div class=\"elementor-element elementor-element-caaa26e elementor-widget elementor-widget-image\" data-id=\"caaa26e\" data-element_type=\"widget\" data-widget_type=\"image.default\">\n\t\t\t\t<div class=\"elementor-widget-container\">\n\t\t\t<style>\/*! elementor - v3.20.0 - 11-03-2024 *\/\n.elementor-widget-image{text-align:center}.elementor-widget-image a{display:inline-block}.elementor-widget-image a img[src$=\".svg\"]{width:48px}.elementor-widget-image img{vertical-align:middle;display:inline-block}<\/style>\t\t\t\t\t\t\t\t\t\t<img fetchpriority=\"high\" decoding=\"async\" width=\"1024\" height=\"400\" src=\"https:\/\/recoverfisioterapia.com\/wp-content\/uploads\/2024\/03\/Dolor-de-Hombro-1280x500-1-1024x400.webp\" class=\"attachment-large size-large wp-image-8640\" alt=\"\" srcset=\"https:\/\/recoverfisioterapia.com\/wp-content\/uploads\/2024\/03\/Dolor-de-Hombro-1280x500-1-1024x400.webp 1024w, https:\/\/recoverfisioterapia.com\/wp-content\/uploads\/2024\/03\/Dolor-de-Hombro-1280x500-1-300x117.webp 300w, https:\/\/recoverfisioterapia.com\/wp-content\/uploads\/2024\/03\/Dolor-de-Hombro-1280x500-1-768x300.webp 768w, https:\/\/recoverfisioterapia.com\/wp-content\/uploads\/2024\/03\/Dolor-de-Hombro-1280x500-1-18x7.webp 18w, https:\/\/recoverfisioterapia.com\/wp-content\/uploads\/2024\/03\/Dolor-de-Hombro-1280x500-1-600x234.webp 600w, https:\/\/recoverfisioterapia.com\/wp-content\/uploads\/2024\/03\/Dolor-de-Hombro-1280x500-1.webp 1280w\" sizes=\"(max-width: 1024px) 100vw, 1024px\" \/>\t\t\t\t\t\t\t\t\t\t\t\t\t<\/div>\n\t\t\t\t<\/div>\n\t\t\t\t\t<\/div>\n\t\t<\/div>\n\t\t\t\t\t<\/div>\n\t\t<\/section>\n\t\t\t\t<section class=\"elementor-section elementor-top-section elementor-element elementor-element-1b1bdc9 elementor-section-boxed elementor-section-height-default elementor-section-height-default\" data-id=\"1b1bdc9\" data-element_type=\"section\">\n\t\t\t\t\t\t<div class=\"elementor-container elementor-column-gap-default\">\n\t\t\t\t\t<div class=\"elementor-column elementor-col-100 elementor-top-column elementor-element elementor-element-05b9b43\" data-id=\"05b9b43\" data-element_type=\"column\">\n\t\t\t<div class=\"elementor-widget-wrap elementor-element-populated\">\n\t\t\t\t\t\t<div class=\"elementor-element elementor-element-4bbc29d elementor-widget elementor-widget-text-editor\" data-id=\"4bbc29d\" data-element_type=\"widget\" data-widget_type=\"text-editor.default\">\n\t\t\t\t<div class=\"elementor-widget-container\">\n\t\t\t<style>\/*! elementor - v3.20.0 - 11-03-2024 *\/\n.elementor-widget-text-editor.elementor-drop-cap-view-stacked .elementor-drop-cap{background-color:#69727d;color:#fff}.elementor-widget-text-editor.elementor-drop-cap-view-framed .elementor-drop-cap{color:#69727d;border:3px solid;background-color:transparent}.elementor-widget-text-editor:not(.elementor-drop-cap-view-default) .elementor-drop-cap{margin-top:8px}.elementor-widget-text-editor:not(.elementor-drop-cap-view-default) .elementor-drop-cap-letter{width:1em;height:1em}.elementor-widget-text-editor .elementor-drop-cap{float:left;text-align:center;line-height:1;font-size:50px}.elementor-widget-text-editor .elementor-drop-cap-letter{display:inline-block}<\/style>\t\t\t\t<h1>\u00bfHombros tensos o adoloridos te impiden disfrutar la vida? \u00a1Prueba la Fisioterapia!\u00a0<\/h1><p>Es un problema si experimenta este dolor a diario. Usamos nuestros hombros constantemente, por lo que, si est\u00e1 lidiando con la incomodidad, puede arruinar seriamente todo su d\u00eda y afectar su estado de \u00e1nimo y sus niveles de productividad tambi\u00e9n.<\/p><p>Cualquiera que sea el origen de su dolor de hombro, Recover Fisioterapia &amp; Rehabilitaci\u00f3n se dedica a brindarle opciones naturales para aliviar el dolor.<\/p><h1>\u00bfQu\u00e9 est\u00e1 causando mi dolor de hombro?<\/h1><p>El dolor de hombro puede ser causado por una variedad de cosas, que van desde molestias y dolores menores causados por un tir\u00f3n muscular hasta la fricci\u00f3n agonizante de hueso con hueso causada por la artritis. Tambi\u00e9n puede desarrollarse como resultado de una lesi\u00f3n, dej\u00e1ndolo con la sensaci\u00f3n de que su hombro est\u00e1 congelado.<\/p><p>El dolor de hombro puede manifestarse de varias maneras, como alcanzar el estante superior para guardar los platos o tener dificultad para encontrar una posici\u00f3n c\u00f3moda para dormir.<\/p><p>Algunas de las causas m\u00e1s comunes del dolor de hombro incluyen:<\/p><ul><li><strong>Pinzamiento<\/strong>: por lo general ocurre debido a un movimiento y movimiento anormales de la cabeza humeral cuando levanta el brazo por encima de la cabeza. El dolor generalmente ocurre al levantar el brazo a 90 grados o m\u00e1s.<\/li><\/ul><ul><li><strong>Artritis<\/strong>: Las dos formas principales de artritis que afectan el hombro son la osteoartritis y la artritis reumatoide. Ambos resultan en p\u00e9rdida de movimiento, debilidad en los m\u00fasculos del hombro y dificultad para realizar las tareas diarias normales. La artritis reumatoide se produce cuando el sistema inmunitario decide atacar las membranas que rodean la articulaci\u00f3n del hombro, lo que provoca dolor e inflamaci\u00f3n. La osteoartritis ocurre cuando el cart\u00edlago en la articulaci\u00f3n del hombro experimenta un \u00abdesgaste y desgarro\u00bb significativo, generalmente debido a la edad o al uso excesivo.<\/li><\/ul><ul><li><strong>Tendinitis<\/strong>: se desarrolla cuando la articulaci\u00f3n del hombro de una persona est\u00e1 sobrecargada, generalmente como resultado de las exigencias f\u00edsicas de su trabajo, actividad por encima de la cabeza o deporte. La mala postura puede causar tendinitis porque altera el equilibrio de los hombros y puede causar tensi\u00f3n y debilidad, lo que lo pone en riesgo de sufrir una lesi\u00f3n en el tend\u00f3n. Esto hace que los tendones sufran una inflamaci\u00f3n continua, lo que resulta en una hinchaz\u00f3n y un pinzamiento doloroso al levantar el brazo.<\/li><\/ul><ul><li><strong>Hombro congelado<\/strong>: se caracteriza por una p\u00e9rdida dolorosa del movimiento del hombro, as\u00ed como por un endurecimiento de la articulaci\u00f3n del hombro que restringe severamente el movimiento. La capsulitis adhesiva es otro nombre para ella. Si su brazo ha estado enyesado o en cabestrillo durante mucho tiempo, o si ha estado postrado en cama por un tiempo, se puede desarrollar esta afecci\u00f3n. Algunas etnias est\u00e1n m\u00e1s predispuestas y las mujeres de 40 a 60 a\u00f1os tienden a tener m\u00e1s casos de esta afecci\u00f3n que los hombres.<\/li><\/ul><ul><li><strong>Lesiones del manguito de los rotadores<\/strong>: tambi\u00e9n conocidas como \u201chombros desgarrados\u201d, se asocian com\u00fanmente con dolor profundo en el hombro, debilidad en el brazo, dificultad para alcanzar la espalda y dificultad para dormir debido al dolor. La cirug\u00eda puede ser necesaria seg\u00fan la gravedad y la situaci\u00f3n, pero la fisioterapia adecuada a menudo puede ayudar a reducir el dolor y restaurar la fuerza del manguito rotador sin necesidad de cirug\u00eda. La fisioterapia ser\u00e1 una parte importante del proceso de recuperaci\u00f3n si se requiere cirug\u00eda.<\/li><\/ul><h1>Beneficios de la fisioterapia para el dolor de hombro<\/h1><p>La fisioterapia es una forma no invasiva, natural y c\u00f3moda de aliviar el dolor de hombro sin el uso de medicamentos nocivos o cirug\u00eda invasiva. \u00a1Nuestros fisioterapeutas han tratado una amplia gama de condiciones de dolor de hombro, y muchos pacientes han visto una mejora y un alivio significativos despu\u00e9s de unas pocas sesiones!<\/p><p>Observaremos su rango de movimiento, fuerza, coordinaci\u00f3n, historial m\u00e9dico, movilidad articular y mec\u00e1nica del movimiento articular durante su evaluaci\u00f3n. Nuestros terapeutas podr\u00e1n crear un plan de tratamiento personalizado para manejar y aliviar su dolor de hombro una vez que hayan identificado la fuente de su malestar.<\/p><p>Para ayudar en la restauraci\u00f3n del movimiento normal de las articulaciones, aliviar las restricciones de los tejidos blandos y promover la circulaci\u00f3n, se puede incluir una terapia manual suave en su plan de tratamiento. Tambi\u00e9n se pueden incluir ejercicios espec\u00edficos de fortalecimiento y una secuencia adecuada de activaci\u00f3n muscular alrededor de la articulaci\u00f3n del hombro.<\/p><p>La fisioterapia tambi\u00e9n le ense\u00f1ar\u00e1 nuevas formas de mover su cuerpo para aumentar su fuerza y evitar futuros problemas en el hombro.<\/p><p>orem fistrum por la gloria de mi madre esse jarl aliqua llevame al sircoo. De la pradera ullamco qu\u00e9 dise usteer est\u00e1 la cosa muy malar.<\/p>\t\t\t\t\t\t<\/div>\n\t\t\t\t<\/div>\n\t\t\t\t\t<\/div>\n\t\t<\/div>\n\t\t\t\t\t<\/div>\n\t\t<\/section>\n\t\t\t\t<\/div>\n\t\t","protected":false},"excerpt":{"rendered":"<p>\u00bfHombros tensos o adoloridos te impiden disfrutar la vida? \u00a1Prueba la Fisioterapia!\u00a0 Es un problema si experimenta este dolor a diario. Usamos nuestros hombros constantemente, por lo que, si est\u00e1 lidiando con la incomodidad, puede arruinar seriamente todo su d\u00eda y afectar su estado de \u00e1nimo y sus niveles de productividad tambi\u00e9n. Cualquiera que sea [&hellip;]<\/p>\n","protected":false},"author":1,"featured_media":8640,"parent":0,"menu_order":0,"comment_status":"closed","ping_status":"closed","template":"","meta":{"_acf_changed":false,"_joinchat":[],"footnotes":""},"class_list":["post-8639","page","type-page","status-publish","has-post-thumbnail","hentry"],"acf":[],"_links":{"self":[{"href":"http:\/\/recoverfisioterapia.com\/es\/wp-json\/wp\/v2\/pages\/8639","targetHints":{"allow":["GET"]}}],"collection":[{"href":"http:\/\/recoverfisioterapia.com\/es\/wp-json\/wp\/v2\/pages"}],"about":[{"href":"http:\/\/recoverfisioterapia.com\/es\/wp-json\/wp\/v2\/types\/page"}],"author":[{"embeddable":true,"href":"http:\/\/recoverfisioterapia.com\/es\/wp-json\/wp\/v2\/users\/1"}],"replies":[{"embeddable":true,"href":"http:\/\/recoverfisioterapia.com\/es\/wp-json\/wp\/v2\/comments?post=8639"}],"version-history":[{"count":22,"href":"http:\/\/recoverfisioterapia.com\/es\/wp-json\/wp\/v2\/pages\/8639\/revisions"}],"predecessor-version":[{"id":8682,"href":"http:\/\/recoverfisioterapia.com\/es\/wp-json\/wp\/v2\/pages\/8639\/revisions\/8682"}],"wp:featuredmedia":[{"embeddable":true,"href":"http:\/\/recoverfisioterapia.com\/es\/wp-json\/wp\/v2\/media\/8640"}],"wp:attachment":[{"href":"http:\/\/recoverfisioterapia.com\/es\/wp-json\/wp\/v2\/media?parent=8639"}],"curies":[{"name":"wp","href":"https:\/\/api.w.org\/{rel}","templated":true}]}}